{"id":32651,"date":"2024-02-20T08:22:33","date_gmt":"2024-02-20T07:22:33","guid":{"rendered":"https:\/\/www.crewkerz.com\/p\/manette-de-frein-h-pro-by-trialtech-droite\/"},"modified":"2024-12-27T14:52:49","modified_gmt":"2024-12-27T13:52:49","slug":"manette-de-frein-h-pro-by-trialtech-droite","status":"publish","type":"product","link":"https:\/\/www.crewkerz.com\/fr\/p\/manette-de-frein-h-pro-by-trialtech-droite\/","title":{"rendered":"Manette de Frein H-Pro by Trialtech droite"},"content":{"rendered":"<p>Hashtagg H-Pro lever by Trialtech. Fruit de la collaboration entre les deux entreprises r\u00e9f\u00e9rences des manettes de freins trial, Hashtagg et Trialtech.<\/p>\n<p>Ma\u00eetre cylindre Trialtech Sport HP.<br \/>\nDesign levier Hashtagg H2O.<br \/>\nFinition Mirror sur le ma\u00eetre cylindre &#038; levier<br \/>\nPiston de 13 mm moul\u00e9 par injection<br \/>\nRoulement pivot IGUS pour un touch\u00e9 et une fiabilit\u00e9 remarquable<br \/>\nPlot de fixation du levier \u00ab\u00a0locking grub-screw\u00a0\u00bb rempla\u00e7able pour une ergonomie parfaite et une fiabilit\u00e9 remarquable<br \/>\nSerrage sur guidon fendu et ergonomique \u00e0 profil plat<br \/>\nLivr\u00e9 raccord de purge et son tube<br \/>\nCot\u00e9s droit et gauche distincts<br \/>\nVendu \u00e0 l&rsquo;unit\u00e9, avec raccord de durite et vis de purge<\/p>\n<p>A purger avec le fluide Trialtech ou de l&rsquo;eau d\u00e9min\u00e9ralis\u00e9e.<br \/>\nCompatible avec les \u00e9triers de frein sur jante Magura HS33.<\/p>\n","protected":false},"excerpt":{"rendered":"<p>Manette de frein Trialtech Carthy Signature gauche<\/p>\n","protected":false},"featured_media":32641,"template":"","meta":{"_acf_changed":false,"_seopress_robots_primary_cat":"","_seopress_titles_title":"","_seopress_titles_desc":"","_seopress_robots_index":""},"product_brand":[],"product_cat":[252],"product_tag":[],"class_list":{"0":"post-32651","1":"product","2":"type-product","3":"status-publish","4":"has-post-thumbnail","6":"product_cat-freinage","7":"pa_famille-freinage","9":"first","10":"outofstock","11":"shipping-taxable","12":"product-type-simple"},"acf":[],"_links":{"self":[{"href":"https:\/\/www.crewkerz.com\/fr\/wp-json\/wp\/v2\/product\/32651","targetHints":{"allow":["GET"]}}],"collection":[{"href":"https:\/\/www.crewkerz.com\/fr\/wp-json\/wp\/v2\/product"}],"about":[{"href":"https:\/\/www.crewkerz.com\/fr\/wp-json\/wp\/v2\/types\/product"}],"version-history":[{"count":0,"href":"https:\/\/www.crewkerz.com\/fr\/wp-json\/wp\/v2\/product\/32651\/revisions"}],"wp:featuredmedia":[{"embeddable":true,"href":"https:\/\/www.crewkerz.com\/fr\/wp-json\/wp\/v2\/media\/32641"}],"wp:attachment":[{"href":"https:\/\/www.crewkerz.com\/fr\/wp-json\/wp\/v2\/media?parent=32651"}],"wp:term":[{"taxonomy":"product_brand","embeddable":true,"href":"https:\/\/www.crewkerz.com\/fr\/wp-json\/wp\/v2\/product_brand?post=32651"},{"taxonomy":"product_cat","embeddable":true,"href":"https:\/\/www.crewkerz.com\/fr\/wp-json\/wp\/v2\/product_cat?post=32651"},{"taxonomy":"product_tag","embeddable":true,"href":"https:\/\/www.crewkerz.com\/fr\/wp-json\/wp\/v2\/product_tag?post=32651"}],"curies":[{"name":"wp","href":"https:\/\/api.w.org\/{rel}","templated":true}]}}