{"id":32532,"date":"2023-10-01T14:13:23","date_gmt":"2023-10-01T12:13:23","guid":{"rendered":"https:\/\/www.crewkerz.com\/p\/set-adaptateur-tendeur-pour-crewkerz-lab\/"},"modified":"2024-12-27T14:54:23","modified_gmt":"2024-12-27T13:54:23","slug":"set-adaptateur-tendeur-pour-crewkerz-lab","status":"publish","type":"product","link":"https:\/\/www.crewkerz.com\/fr\/p\/set-adaptateur-tendeur-pour-crewkerz-lab\/","title":{"rendered":"Set Adaptateur+Tendeur WAW pour Crewkerz LAB"},"content":{"rendered":"<p>Ce set qui comprend l&rsquo;adaptateur et le tendeur \u00e0 2 roulettes WAW vous permettra de transformer votre Crewkerz LAB18 ou LAB20 en machine de course en y int\u00e9grant ce tendeur \u00e0 2 roulettes afin d&rsquo;avoir une g\u00e9om\u00e9trie fixe, la facilit\u00e9 de r\u00e9glages, un meilleur freinage, gagner du temps pour d\u00e9monter\/remonter la roue arri\u00e8re,&#8230;.<\/p>\n","protected":false},"excerpt":{"rendered":"<p>Ce set qui comprend l&rsquo;adaptateur et le tendeur \u00e0 2 roulettes WAW vous permettra de transformer votre Crewkerz LAB18 ou<\/p>\n","protected":false},"featured_media":32534,"template":"","meta":{"_acf_changed":false,"_seopress_robots_primary_cat":"","_seopress_titles_title":"","_seopress_titles_desc":"","_seopress_robots_index":""},"product_brand":[],"product_cat":[228,211],"product_tag":[],"class_list":{"0":"post-32532","1":"product","2":"type-product","3":"status-publish","4":"has-post-thumbnail","6":"product_cat-tendeurs","7":"product_cat-transmission","8":"pa_famille-transmission","10":"first","11":"instock","12":"shipping-taxable","13":"product-type-simple"},"acf":[],"_links":{"self":[{"href":"https:\/\/www.crewkerz.com\/fr\/wp-json\/wp\/v2\/product\/32532","targetHints":{"allow":["GET"]}}],"collection":[{"href":"https:\/\/www.crewkerz.com\/fr\/wp-json\/wp\/v2\/product"}],"about":[{"href":"https:\/\/www.crewkerz.com\/fr\/wp-json\/wp\/v2\/types\/product"}],"version-history":[{"count":0,"href":"https:\/\/www.crewkerz.com\/fr\/wp-json\/wp\/v2\/product\/32532\/revisions"}],"wp:featuredmedia":[{"embeddable":true,"href":"https:\/\/www.crewkerz.com\/fr\/wp-json\/wp\/v2\/media\/32534"}],"wp:attachment":[{"href":"https:\/\/www.crewkerz.com\/fr\/wp-json\/wp\/v2\/media?parent=32532"}],"wp:term":[{"taxonomy":"product_brand","embeddable":true,"href":"https:\/\/www.crewkerz.com\/fr\/wp-json\/wp\/v2\/product_brand?post=32532"},{"taxonomy":"product_cat","embeddable":true,"href":"https:\/\/www.crewkerz.com\/fr\/wp-json\/wp\/v2\/product_cat?post=32532"},{"taxonomy":"product_tag","embeddable":true,"href":"https:\/\/www.crewkerz.com\/fr\/wp-json\/wp\/v2\/product_tag?post=32532"}],"curies":[{"name":"wp","href":"https:\/\/api.w.org\/{rel}","templated":true}]}}