{"id":32362,"date":"2023-08-08T09:05:52","date_gmt":"2023-08-08T07:05:52","guid":{"rendered":"https:\/\/www.crewkerz.com\/p\/tendeur-waw-carbone\/"},"modified":"2024-12-27T14:57:39","modified_gmt":"2024-12-27T13:57:39","slug":"tendeur-waw-carbone","status":"publish","type":"product","link":"https:\/\/www.crewkerz.com\/fr\/p\/tendeur-waw-carbone\/","title":{"rendered":"Tendeur WAW Carbone"},"content":{"rendered":"<p>D\u00e9couvrez le tout nouveau tendeur de cha\u00eene WAW Carbone \u00e0 2 roulettes, une r\u00e9volution dans le monde du VTT trial. Con\u00e7u pour les passionn\u00e9s de performance, ce tendeur combine l\u00e9g\u00e8ret\u00e9, efficacit\u00e9 et performance in\u00e9gal\u00e9e sur le march\u00e9.<\/p>\n<p>Le tendeur WAW Carbone red\u00e9finit les standards avec son poids plume, pesant 50% de moins que sa version en aluminium, notamment par rapport au tendeur Crewkerz. Les roulettes en carbone de 9T r\u00e9duisent consid\u00e9rablement la friction, offrant ainsi une exp\u00e9rience de p\u00e9dalage et de roue libre optimis\u00e9e.<\/p>\n<p>Ce tendeur s&rsquo;adapte parfaitement aux cadres des marques renomm\u00e9es telles que Crewkerz, Ozonys, Clean et Inpulse, \u00e9quip\u00e9s d&rsquo;un tendeur de cha\u00eene. Son installation facile en fait un choix id\u00e9al pour am\u00e9liorer la performance de votre VTT trial.<\/p>\n<p>Avec son design ergonomique innovant, le tendeur WAW Carbone vous offre une manipulation ais\u00e9e. Soulever la chape avec le doigt pour faire glisser la cha\u00eene entre les deux roulettes n&rsquo;a jamais \u00e9t\u00e9 aussi simple. Profitez d&rsquo;une fluidit\u00e9 exceptionnelle dans vos mouvements pour repousser vos limites et atteindre de nouveaux sommets lors de vos sessions de VTT trial.<\/p>\n<p>Faites le choix du tendeur de cha\u00eene WAW Carbone \u00e0 2 roulettes et exp\u00e9rimentez un niveau sup\u00e9rieur de l\u00e9g\u00e8ret\u00e9, de performance et de confort, tout en repoussant les fronti\u00e8res de vos aventures en VTT.<\/p>\n","protected":false},"excerpt":{"rendered":"<p>Tendeur WAW Carbone<\/p>\n","protected":false},"featured_media":32364,"template":"","meta":{"_acf_changed":false,"_seopress_robots_primary_cat":"","_seopress_titles_title":"","_seopress_titles_desc":"","_seopress_robots_index":"","_seopress_analysis_target_kw":""},"product_brand":[],"product_cat":[228,211],"product_tag":[],"class_list":{"0":"post-32362","1":"product","2":"type-product","3":"status-publish","4":"has-post-thumbnail","6":"product_cat-tendeurs","7":"product_cat-transmission","9":"first","10":"instock","11":"shipping-taxable","12":"product-type-simple"},"acf":[],"_links":{"self":[{"href":"https:\/\/www.crewkerz.com\/fr\/wp-json\/wp\/v2\/product\/32362","targetHints":{"allow":["GET"]}}],"collection":[{"href":"https:\/\/www.crewkerz.com\/fr\/wp-json\/wp\/v2\/product"}],"about":[{"href":"https:\/\/www.crewkerz.com\/fr\/wp-json\/wp\/v2\/types\/product"}],"version-history":[{"count":0,"href":"https:\/\/www.crewkerz.com\/fr\/wp-json\/wp\/v2\/product\/32362\/revisions"}],"wp:featuredmedia":[{"embeddable":true,"href":"https:\/\/www.crewkerz.com\/fr\/wp-json\/wp\/v2\/media\/32364"}],"wp:attachment":[{"href":"https:\/\/www.crewkerz.com\/fr\/wp-json\/wp\/v2\/media?parent=32362"}],"wp:term":[{"taxonomy":"product_brand","embeddable":true,"href":"https:\/\/www.crewkerz.com\/fr\/wp-json\/wp\/v2\/product_brand?post=32362"},{"taxonomy":"product_cat","embeddable":true,"href":"https:\/\/www.crewkerz.com\/fr\/wp-json\/wp\/v2\/product_cat?post=32362"},{"taxonomy":"product_tag","embeddable":true,"href":"https:\/\/www.crewkerz.com\/fr\/wp-json\/wp\/v2\/product_tag?post=32362"}],"curies":[{"name":"wp","href":"https:\/\/api.w.org\/{rel}","templated":true}]}}