{"id":31818,"date":"2022-03-22T07:10:56","date_gmt":"2022-03-22T06:10:56","guid":{"rendered":"https:\/\/www.crewkerz.com\/p\/desire-20\/"},"modified":"2024-12-27T14:52:37","modified_gmt":"2024-12-27T13:52:37","slug":"desire-20","status":"publish","type":"product","link":"https:\/\/www.crewkerz.com\/fr\/p\/desire-20\/","title":{"rendered":"Crewkerz Desire 20\u00a0\u00bb 2024"},"content":{"rendered":"<p>Rendre accessible notre discipline au plus grand nombre \u00e0 toujours \u00e9t\u00e9 une priorit\u00e9 pour le marque Crewkerz. Apr\u00e8s 3 g\u00e9n\u00e9ration de Freed comme entr\u00e9e\/milieu de gamme, l&rsquo;ann\u00e9e 2018 voit son successeur : le Desire. La gamme 2024 \u00e9volue pour placer cette machine dans la classe haut de gamme avec un tarif contenu.<\/p>\n<p>Crewkerz a m\u00eame pouss\u00e9 le concept plus loin en proposant un \u00e9quipement in\u00e9dit \u00e0 ce tarif : nouvelle g\u00e9om\u00e9trie race, douille de direction tapered ajour\u00e9e, p\u00e9dales simple cage&#8230; Un \u00e9quipement digne de nombreux v\u00e9los haut de gamme pr\u00e9sents sur le march\u00e9 ainsi que les axes traversants.<\/p>\n<p>A vous les statiques, les jet\u00e9s et autres deux temps, le Desire sera \u00e0 la hauteur de vos attentes et vous permettra de rouler sereinement en comp\u00e9tition !<\/p>\n<p>Disponible en version Kid Full Disc ou HS\/Disc, 20\u00a0\u00bb Full Disc ou HS\/Disc et 26\u00a0\u00bb Full HS ou Disc\/HS<\/p>\n","protected":false},"excerpt":{"rendered":"<p>Rendre accessible notre discipline au plus grand nombre \u00e0 toujours \u00e9t\u00e9 une priorit\u00e9 pour le marque Crewkerz. Apr\u00e8s 3 g\u00e9n\u00e9ration<\/p>\n","protected":false},"featured_media":31820,"template":"","meta":{"_acf_changed":false,"_seopress_robots_primary_cat":"","_seopress_titles_title":"","_seopress_titles_desc":"","_seopress_robots_index":""},"product_brand":[],"product_cat":[648,653,1271,663],"product_tag":[],"class_list":{"0":"post-31818","1":"product","2":"type-product","3":"status-publish","4":"has-post-thumbnail","6":"product_cat-bikes","7":"product_cat-desire-en","8":"product_cat-trial-20-velos","9":"product_cat-trial-20-en","10":"pa_famille-velos","12":"first","13":"outofstock","14":"shipping-taxable","15":"product-type-variable"},"acf":[],"_links":{"self":[{"href":"https:\/\/www.crewkerz.com\/fr\/wp-json\/wp\/v2\/product\/31818","targetHints":{"allow":["GET"]}}],"collection":[{"href":"https:\/\/www.crewkerz.com\/fr\/wp-json\/wp\/v2\/product"}],"about":[{"href":"https:\/\/www.crewkerz.com\/fr\/wp-json\/wp\/v2\/types\/product"}],"version-history":[{"count":0,"href":"https:\/\/www.crewkerz.com\/fr\/wp-json\/wp\/v2\/product\/31818\/revisions"}],"wp:featuredmedia":[{"embeddable":true,"href":"https:\/\/www.crewkerz.com\/fr\/wp-json\/wp\/v2\/media\/31820"}],"wp:attachment":[{"href":"https:\/\/www.crewkerz.com\/fr\/wp-json\/wp\/v2\/media?parent=31818"}],"wp:term":[{"taxonomy":"product_brand","embeddable":true,"href":"https:\/\/www.crewkerz.com\/fr\/wp-json\/wp\/v2\/product_brand?post=31818"},{"taxonomy":"product_cat","embeddable":true,"href":"https:\/\/www.crewkerz.com\/fr\/wp-json\/wp\/v2\/product_cat?post=31818"},{"taxonomy":"product_tag","embeddable":true,"href":"https:\/\/www.crewkerz.com\/fr\/wp-json\/wp\/v2\/product_tag?post=31818"}],"curies":[{"name":"wp","href":"https:\/\/api.w.org\/{rel}","templated":true}]}}