{"id":31692,"date":"2022-01-19T15:02:10","date_gmt":"2022-01-19T14:02:10","guid":{"rendered":"https:\/\/www.crewkerz.com\/p\/jealousy-ultimate-20-full-disc\/"},"modified":"2024-12-27T14:50:31","modified_gmt":"2024-12-27T13:50:31","slug":"jealousy-ultimate-20-full-disc","status":"publish","type":"product","link":"https:\/\/www.crewkerz.com\/fr\/p\/jealousy-ultimate-20-full-disc\/","title":{"rendered":"Jealousy Ultimate 20\u00a0\u00bb Full Disc 1005"},"content":{"rendered":"<p>Le Jealousy Ultimate 20\u2033 reste dans la lign\u00e9e des v\u00e9los Crewkerz : Un v\u00e9lo performant, un v\u00e9lo d\u2019exception ! Charlie Rolls &amp; Robin Berchiatti, tous les deux Champion du Monde Junior 20\u00a0\u00bb l&rsquo;exploitent avec style.<\/p>\n<p>Les tubes hydroform\u00e9s apportent un comportement beaucoup plus dynamique, efficace, ils diminuent la latence (Le v\u00e9lo revient \u00e0 sa position z\u00e9ro\/\/originale plus rapidement). La garde au sol est optimis\u00e9e avec la nouvelle forme du tube diagonal. Su cette nouvelle g\u00e9n\u00e9ration, les \u00e9paisseurs de tubes ont \u00e9t\u00e9 ajust\u00e9s afin d&rsquo;apporter une plus grande fiabilit\u00e9 et une meilleure restitution d&rsquo;\u00e9nergie.<\/p>\n<p>Nouvelle douille en 2024 conique\/\/tapered (Jonction parfaite entre le tube diagonal et la douille). 120 mm de hauteur et jeu de direction int\u00e9gr\u00e9 afin de rabaisser la hauteur de total du poste de pilotage de 9 mm Ce standard permet d\u2019avoir des fourches tapered qui augmentent la pr\u00e9cision de direction, la fiabilit\u00e9 et le dynamisme sur l\u2019avant du v\u00e9lo.<\/p>\n<p>Sur cette nouvelle production 2024, le tendeur carbone 50% plus l\u00e9ger fait son apparition avec roulette de 9T. Les nouveaux cintre carbone WAW Ultimate disponible en 102 mm et 108 mm de riseup, la potence WAW Ultimate, et la fourche carbone Ultimate arboreront une nouvelle d\u00e9co plus sobre.<\/p>\n<p>Toujours le nouveau yoke afin d&rsquo;optimiser la nervosit\u00e9 et fiabilit\u00e9 de ce cadre necessaire au Trial moderne.<\/p>\n<p>Le p\u00e9dalier WAW, offre lui un gain de poids et une nervosit\u00e9 accrue gr\u00e2ce au nouveau proc\u00e9d\u00e9 de fabrication pour l\u2019axe et les manivelles, ainsi que la suppression des angles vifs pour \u00e9pargner nos mall\u00e9oles !<\/p>\n<p>Sur ce v\u00e9lo b\u00e9n\u00e9ficiez aussi de la d\u00e9co exclusive des Champions du Monde, de la fourche carbone WAW Ultimate, et des freins Trialtech Carthy Signature 2022 et Hope Tech 4, du cintre carbone WAW Ultimate et les roues sont d\u00e9sormais mont\u00e9es avec les incontournables jantes Hashtagg pour gagner du poids, de la surface et puissance de freinage lorsque vous \u00eates sur la version frein \u00e0 patins. Que du tr\u00e8s performant et du tr\u00e8s haut de gamme !<\/p>\n","protected":false},"excerpt":{"rendered":"<p>Jealousy Ultimate 20\u00a0\u00bb Full Disc<\/p>\n","protected":false},"featured_media":31694,"template":"","meta":{"_acf_changed":false,"_seopress_robots_primary_cat":"","_seopress_titles_title":"","_seopress_titles_desc":"","_seopress_robots_index":""},"product_brand":[],"product_cat":[648,659,663],"product_tag":[],"class_list":{"0":"post-31692","1":"product","2":"type-product","3":"status-publish","4":"has-post-thumbnail","6":"product_cat-bikes","7":"product_cat-jealousy-en","8":"product_cat-trial-20-en","9":"pa_famille-velos","11":"first","12":"outofstock","13":"shipping-taxable","14":"product-type-simple"},"acf":[],"_links":{"self":[{"href":"https:\/\/www.crewkerz.com\/fr\/wp-json\/wp\/v2\/product\/31692","targetHints":{"allow":["GET"]}}],"collection":[{"href":"https:\/\/www.crewkerz.com\/fr\/wp-json\/wp\/v2\/product"}],"about":[{"href":"https:\/\/www.crewkerz.com\/fr\/wp-json\/wp\/v2\/types\/product"}],"version-history":[{"count":0,"href":"https:\/\/www.crewkerz.com\/fr\/wp-json\/wp\/v2\/product\/31692\/revisions"}],"wp:featuredmedia":[{"embeddable":true,"href":"https:\/\/www.crewkerz.com\/fr\/wp-json\/wp\/v2\/media\/31694"}],"wp:attachment":[{"href":"https:\/\/www.crewkerz.com\/fr\/wp-json\/wp\/v2\/media?parent=31692"}],"wp:term":[{"taxonomy":"product_brand","embeddable":true,"href":"https:\/\/www.crewkerz.com\/fr\/wp-json\/wp\/v2\/product_brand?post=31692"},{"taxonomy":"product_cat","embeddable":true,"href":"https:\/\/www.crewkerz.com\/fr\/wp-json\/wp\/v2\/product_cat?post=31692"},{"taxonomy":"product_tag","embeddable":true,"href":"https:\/\/www.crewkerz.com\/fr\/wp-json\/wp\/v2\/product_tag?post=31692"}],"curies":[{"name":"wp","href":"https:\/\/api.w.org\/{rel}","templated":true}]}}