{"id":26786,"date":"2022-10-11T15:23:18","date_gmt":"2022-10-11T13:23:18","guid":{"rendered":"https:\/\/www.crewkerz.com\/p\/roue-arriere-24-36h-old-135-12-mm-noire\/"},"modified":"2024-12-27T14:07:57","modified_gmt":"2024-12-27T13:07:57","slug":"roue-arriere-24-36h-old-135-12-mm-noire","status":"publish","type":"product","link":"https:\/\/www.crewkerz.com\/fr\/p\/roue-arriere-24-36h-old-135-12-mm-noire\/","title":{"rendered":"Roue Arriere 24\u00a0\u00bb 36h Old 135 * 12 Mm Noire"},"content":{"rendered":"<p>Roue avant WAW 24&Prime; OLD 135 mm x 12 mm renforc\u00e9e gr\u00e2ce \u00e0 ses 36 rayons. Pour axe traversant de 12 mm. Et pignon cannel\u00e9 sur corps de roue libre \u00e0 cassette.<\/p>\n","protected":false},"excerpt":{"rendered":"<p>Roue Arriere 24\u00a0\u00bb 36h Old 135 * 12 Mm Noire<\/p>\n","protected":false},"featured_media":0,"template":"","meta":{"_acf_changed":false,"_seopress_robots_primary_cat":"","_seopress_titles_title":"","_seopress_titles_desc":"","_seopress_robots_index":""},"product_brand":[],"product_cat":[222,1078],"product_tag":[],"class_list":{"0":"post-26786","1":"product","2":"type-product","3":"status-publish","5":"product_cat-roues","6":"product_cat-roues-24","7":"pa_famille-roue","9":"first","10":"instock","11":"shipping-taxable","12":"product-type-simple"},"acf":[],"_links":{"self":[{"href":"https:\/\/www.crewkerz.com\/fr\/wp-json\/wp\/v2\/product\/26786","targetHints":{"allow":["GET"]}}],"collection":[{"href":"https:\/\/www.crewkerz.com\/fr\/wp-json\/wp\/v2\/product"}],"about":[{"href":"https:\/\/www.crewkerz.com\/fr\/wp-json\/wp\/v2\/types\/product"}],"version-history":[{"count":0,"href":"https:\/\/www.crewkerz.com\/fr\/wp-json\/wp\/v2\/product\/26786\/revisions"}],"wp:attachment":[{"href":"https:\/\/www.crewkerz.com\/fr\/wp-json\/wp\/v2\/media?parent=26786"}],"wp:term":[{"taxonomy":"product_brand","embeddable":true,"href":"https:\/\/www.crewkerz.com\/fr\/wp-json\/wp\/v2\/product_brand?post=26786"},{"taxonomy":"product_cat","embeddable":true,"href":"https:\/\/www.crewkerz.com\/fr\/wp-json\/wp\/v2\/product_cat?post=26786"},{"taxonomy":"product_tag","embeddable":true,"href":"https:\/\/www.crewkerz.com\/fr\/wp-json\/wp\/v2\/product_tag?post=26786"}],"curies":[{"name":"wp","href":"https:\/\/api.w.org\/{rel}","templated":true}]}}