{"id":26784,"date":"2022-10-11T15:23:18","date_gmt":"2022-10-11T13:23:18","guid":{"rendered":"https:\/\/www.crewkerz.com\/p\/roue-avant-24-36h-old-100-15-mm-noire\/"},"modified":"2024-12-27T14:09:52","modified_gmt":"2024-12-27T13:09:52","slug":"roue-avant-24-36h-old-100-15-mm-noire","status":"publish","type":"product","link":"https:\/\/www.crewkerz.com\/fr\/p\/roue-avant-24-36h-old-100-15-mm-noire\/","title":{"rendered":"Roue Avant 24\u00a0\u00bb 36h Old 100 * 15 Mm Noire"},"content":{"rendered":"<p>Roue avant WAW 24&Prime; OLD 100 mm x 15 mm renforc\u00e9e gr\u00e2ce \u00e0 ses 36 rayons. Pour axe traversant de 15 mm.<\/p>\n","protected":false},"excerpt":{"rendered":"<p>Roue Avant 24\u00a0\u00bb 36h Old 100 * 15 Mm Noire<\/p>\n","protected":false},"featured_media":0,"template":"","meta":{"_acf_changed":false,"_seopress_robots_primary_cat":"","_seopress_titles_title":"","_seopress_titles_desc":"","_seopress_robots_index":""},"product_brand":[],"product_cat":[222,1078],"product_tag":[],"class_list":{"0":"post-26784","1":"product","2":"type-product","3":"status-publish","5":"product_cat-roues","6":"product_cat-roues-24","7":"pa_famille-roue","9":"first","10":"instock","11":"shipping-taxable","12":"product-type-simple"},"acf":[],"_links":{"self":[{"href":"https:\/\/www.crewkerz.com\/fr\/wp-json\/wp\/v2\/product\/26784","targetHints":{"allow":["GET"]}}],"collection":[{"href":"https:\/\/www.crewkerz.com\/fr\/wp-json\/wp\/v2\/product"}],"about":[{"href":"https:\/\/www.crewkerz.com\/fr\/wp-json\/wp\/v2\/types\/product"}],"version-history":[{"count":0,"href":"https:\/\/www.crewkerz.com\/fr\/wp-json\/wp\/v2\/product\/26784\/revisions"}],"wp:attachment":[{"href":"https:\/\/www.crewkerz.com\/fr\/wp-json\/wp\/v2\/media?parent=26784"}],"wp:term":[{"taxonomy":"product_brand","embeddable":true,"href":"https:\/\/www.crewkerz.com\/fr\/wp-json\/wp\/v2\/product_brand?post=26784"},{"taxonomy":"product_cat","embeddable":true,"href":"https:\/\/www.crewkerz.com\/fr\/wp-json\/wp\/v2\/product_cat?post=26784"},{"taxonomy":"product_tag","embeddable":true,"href":"https:\/\/www.crewkerz.com\/fr\/wp-json\/wp\/v2\/product_tag?post=26784"}],"curies":[{"name":"wp","href":"https:\/\/api.w.org\/{rel}","templated":true}]}}