{"id":26622,"date":"2022-10-11T15:21:08","date_gmt":"2022-10-11T13:21:08","guid":{"rendered":"https:\/\/www.crewkerz.com\/p\/fourche-waw-carbone-ultimate-20-disc\/"},"modified":"2024-12-27T14:24:21","modified_gmt":"2024-12-27T13:24:21","slug":"fourche-waw-carbone-ultimate-20-disc","status":"publish","type":"product","link":"https:\/\/www.crewkerz.com\/fr\/p\/fourche-waw-carbone-ultimate-20-disc\/","title":{"rendered":"Fourche Waw Carbone Ultimate 20\u00a0\u00bb Disc"},"content":{"rendered":"<p>Fourche Tapered carbone WAW Ultimate 20\u2019\u2019 avec pivot Kevlar 190 mm. Pour frein \u00e0 disques postmount (PM).<\/p>\n<p>Pate axe traversant de 9 mm.<\/p>\n<p>Hauteur : 370 mm et D\u00e9port : 35 mm.<\/p>\n<p>Cette fourche test\u00e9e par les meilleurs pilotes mondiaux du team Crewkerz et Ozonys est d&rsquo;ores et d\u00e9j\u00e0 un best seller.<\/p>\n","protected":false},"excerpt":{"rendered":"<p>Fourche Waw Carbone Ultimate 20\u00a0\u00bb Disc<\/p>\n","protected":false},"featured_media":26624,"template":"","meta":{"_acf_changed":false,"_seopress_robots_primary_cat":"","_seopress_titles_title":"","_seopress_titles_desc":"","_seopress_robots_index":""},"product_brand":[],"product_cat":[214,235],"product_tag":[],"class_list":{"0":"post-26622","1":"product","2":"type-product","3":"status-publish","4":"has-post-thumbnail","6":"product_cat-cadres-et-fourches","7":"product_cat-fourches-20","8":"pa_famille-cadres-et-fourches","10":"first","11":"instock","12":"shipping-taxable","13":"product-type-simple"},"acf":[],"_links":{"self":[{"href":"https:\/\/www.crewkerz.com\/fr\/wp-json\/wp\/v2\/product\/26622","targetHints":{"allow":["GET"]}}],"collection":[{"href":"https:\/\/www.crewkerz.com\/fr\/wp-json\/wp\/v2\/product"}],"about":[{"href":"https:\/\/www.crewkerz.com\/fr\/wp-json\/wp\/v2\/types\/product"}],"version-history":[{"count":0,"href":"https:\/\/www.crewkerz.com\/fr\/wp-json\/wp\/v2\/product\/26622\/revisions"}],"wp:featuredmedia":[{"embeddable":true,"href":"https:\/\/www.crewkerz.com\/fr\/wp-json\/wp\/v2\/media\/26624"}],"wp:attachment":[{"href":"https:\/\/www.crewkerz.com\/fr\/wp-json\/wp\/v2\/media?parent=26622"}],"wp:term":[{"taxonomy":"product_brand","embeddable":true,"href":"https:\/\/www.crewkerz.com\/fr\/wp-json\/wp\/v2\/product_brand?post=26622"},{"taxonomy":"product_cat","embeddable":true,"href":"https:\/\/www.crewkerz.com\/fr\/wp-json\/wp\/v2\/product_cat?post=26622"},{"taxonomy":"product_tag","embeddable":true,"href":"https:\/\/www.crewkerz.com\/fr\/wp-json\/wp\/v2\/product_tag?post=26622"}],"curies":[{"name":"wp","href":"https:\/\/api.w.org\/{rel}","templated":true}]}}