{"id":26604,"date":"2022-10-11T15:21:08","date_gmt":"2022-10-11T13:21:08","guid":{"rendered":"https:\/\/www.crewkerz.com\/p\/fourche-waw-carbone-ultimate-26-hs33\/"},"modified":"2024-12-27T14:09:05","modified_gmt":"2024-12-27T13:09:05","slug":"fourche-waw-carbone-ultimate-26-hs33","status":"publish","type":"product","link":"https:\/\/www.crewkerz.com\/fr\/p\/fourche-waw-carbone-ultimate-26-hs33\/","title":{"rendered":"Fourche Waw Carbone Ultimate 26\u00a0\u00bb Hs33"},"content":{"rendered":"<p>La fameuse fourche WAW en version axe traversant. Cette fourche Tapered 26&Prime; est con\u00e7ue en carbone High Modulus avec un pivot Kevlar 190 mm.<\/p>\n<p>Pour freinage Magura HS11 &amp; HS33. Pour axe traversant 9 mm. \u00a0Hauteur : 405 mm et D\u00e9port : 35 mm.<\/p>\n<p>Le carbone High Modulus, permet un gain de poids de 80 gr par rapport \u00e0 la pr\u00e9c\u00e9dente version tout en gardant la m\u00eame fiabilit\u00e9 et la m\u00eame rigidit\u00e9. Un best seller est n\u00e9 !<\/p>\n","protected":false},"excerpt":{"rendered":"<p>Fourche Waw Carbone Ultimate 26\u00a0\u00bb Hs33<\/p>\n","protected":false},"featured_media":26606,"template":"","meta":{"_acf_changed":false,"_seopress_robots_primary_cat":"","_seopress_titles_title":"","_seopress_titles_desc":"","_seopress_robots_index":""},"product_brand":[],"product_cat":[214,234],"product_tag":[],"class_list":{"0":"post-26604","1":"product","2":"type-product","3":"status-publish","4":"has-post-thumbnail","6":"product_cat-cadres-et-fourches","7":"product_cat-fourches-26","8":"pa_famille-cadres-et-fourches","10":"first","11":"instock","12":"shipping-taxable","13":"product-type-simple"},"acf":[],"_links":{"self":[{"href":"https:\/\/www.crewkerz.com\/fr\/wp-json\/wp\/v2\/product\/26604","targetHints":{"allow":["GET"]}}],"collection":[{"href":"https:\/\/www.crewkerz.com\/fr\/wp-json\/wp\/v2\/product"}],"about":[{"href":"https:\/\/www.crewkerz.com\/fr\/wp-json\/wp\/v2\/types\/product"}],"version-history":[{"count":0,"href":"https:\/\/www.crewkerz.com\/fr\/wp-json\/wp\/v2\/product\/26604\/revisions"}],"wp:featuredmedia":[{"embeddable":true,"href":"https:\/\/www.crewkerz.com\/fr\/wp-json\/wp\/v2\/media\/26606"}],"wp:attachment":[{"href":"https:\/\/www.crewkerz.com\/fr\/wp-json\/wp\/v2\/media?parent=26604"}],"wp:term":[{"taxonomy":"product_brand","embeddable":true,"href":"https:\/\/www.crewkerz.com\/fr\/wp-json\/wp\/v2\/product_brand?post=26604"},{"taxonomy":"product_cat","embeddable":true,"href":"https:\/\/www.crewkerz.com\/fr\/wp-json\/wp\/v2\/product_cat?post=26604"},{"taxonomy":"product_tag","embeddable":true,"href":"https:\/\/www.crewkerz.com\/fr\/wp-json\/wp\/v2\/product_tag?post=26604"}],"curies":[{"name":"wp","href":"https:\/\/api.w.org\/{rel}","templated":true}]}}