{"id":26558,"date":"2022-10-11T15:20:46","date_gmt":"2022-10-11T13:20:46","guid":{"rendered":"https:\/\/www.crewkerz.com\/p\/cintre-waw-ultimate-carbone-102\/"},"modified":"2024-12-27T14:24:51","modified_gmt":"2024-12-27T13:24:51","slug":"cintre-waw-ultimate-carbone-102","status":"publish","type":"product","link":"https:\/\/www.crewkerz.com\/fr\/p\/cintre-waw-ultimate-carbone-102\/","title":{"rendered":"Cintre Waw Ultimate Carbone 102"},"content":{"rendered":"<p>Le nouveau cintre carbone de la marque WAW a \u00e9t\u00e9 pens\u00e9 pour la pratique du trial moderne tout respectant l&rsquo;int\u00e9grit\u00e9 physique de vos poignets. Il vous permettra \u00e9galement de restituer le maximum de puissance sur l&rsquo;ensemble de vos mouvements. Sa g\u00e9om\u00e9trie a \u00e9t\u00e9 d\u00e9velopp\u00e9e et valid\u00e9e par les pilotes du Team Crewkerz !<\/p>\n<p>Ce cintre est compatible avec tous les types de poign\u00e9es et de potences oversize.<\/p>\n<p>Le diam\u00e8tre de la partie centrale est de 31,8mm, celui de la partie externe est de 22,2 mm.<\/p>\n","protected":false},"excerpt":{"rendered":"<p>Cintre Waw Ultimate Carbone 102<\/p>\n","protected":false},"featured_media":26560,"template":"","meta":{"_acf_changed":false,"_seopress_robots_primary_cat":"","_seopress_titles_title":"","_seopress_titles_desc":"","_seopress_robots_index":"","_seopress_analysis_target_kw":""},"product_brand":[],"product_cat":[247,218],"product_tag":[],"class_list":{"0":"post-26558","1":"product","2":"type-product","3":"status-publish","4":"has-post-thumbnail","6":"product_cat-cintres","7":"product_cat-poste-de-pilotage","8":"pa_famille-poste-de-pilotage","10":"first","11":"instock","12":"shipping-taxable","13":"product-type-simple"},"acf":[],"_links":{"self":[{"href":"https:\/\/www.crewkerz.com\/fr\/wp-json\/wp\/v2\/product\/26558","targetHints":{"allow":["GET"]}}],"collection":[{"href":"https:\/\/www.crewkerz.com\/fr\/wp-json\/wp\/v2\/product"}],"about":[{"href":"https:\/\/www.crewkerz.com\/fr\/wp-json\/wp\/v2\/types\/product"}],"version-history":[{"count":0,"href":"https:\/\/www.crewkerz.com\/fr\/wp-json\/wp\/v2\/product\/26558\/revisions"}],"wp:featuredmedia":[{"embeddable":true,"href":"https:\/\/www.crewkerz.com\/fr\/wp-json\/wp\/v2\/media\/26560"}],"wp:attachment":[{"href":"https:\/\/www.crewkerz.com\/fr\/wp-json\/wp\/v2\/media?parent=26558"}],"wp:term":[{"taxonomy":"product_brand","embeddable":true,"href":"https:\/\/www.crewkerz.com\/fr\/wp-json\/wp\/v2\/product_brand?post=26558"},{"taxonomy":"product_cat","embeddable":true,"href":"https:\/\/www.crewkerz.com\/fr\/wp-json\/wp\/v2\/product_cat?post=26558"},{"taxonomy":"product_tag","embeddable":true,"href":"https:\/\/www.crewkerz.com\/fr\/wp-json\/wp\/v2\/product_tag?post=26558"}],"curies":[{"name":"wp","href":"https:\/\/api.w.org\/{rel}","templated":true}]}}