{"id":26360,"date":"2022-10-11T15:17:59","date_gmt":"2022-10-11T13:17:59","guid":{"rendered":"https:\/\/www.crewkerz.com\/p\/fourche-waw-carbone-ultimate-20-disc-pattes-verticales\/"},"modified":"2024-12-27T14:18:15","modified_gmt":"2024-12-27T13:18:15","slug":"fourche-waw-carbone-ultimate-20-disc-pattes-verticales","status":"publish","type":"product","link":"https:\/\/www.crewkerz.com\/fr\/p\/fourche-waw-carbone-ultimate-20-disc-pattes-verticales\/","title":{"rendered":"Fourche Waw Carbone Ultimate 20\u00a0\u00bb Disc Pattes Verticales"},"content":{"rendered":"<p>La fameuse fourche WAW enfin disponible avec des pattes verticales compatibles avec des moyeux standards ! Cette fourche Tapered 20\u2019\u2019 est con\u00e7ue en carbone High Modulus avec un pivot Kevlar 190 mm. Pour freinage \u00e0 disque de type Postmount. Pattes verticales. Hauteur : 370 mm et D\u00e9port : 35 mm. Le carbone High Modulus, permet un gain de poids de 80 gr par rapport \u00e0 la pr\u00e9c\u00e9dente version tout en gardant la m\u00eame fiabilit\u00e9 et comportement. Un best seller est n\u00e9.<\/p>\n","protected":false},"excerpt":{"rendered":"<p>Fourche Waw Carbone Ultimate 20\u00a0\u00bb Disc Pattes Verticales<\/p>\n","protected":false},"featured_media":26362,"template":"","meta":{"_acf_changed":false,"_seopress_robots_primary_cat":"","_seopress_titles_title":"","_seopress_titles_desc":"","_seopress_robots_index":""},"product_brand":[],"product_cat":[214,235],"product_tag":[],"class_list":{"0":"post-26360","1":"product","2":"type-product","3":"status-publish","4":"has-post-thumbnail","6":"product_cat-cadres-et-fourches","7":"product_cat-fourches-20","8":"pa_famille-cadres-et-fourches","10":"first","11":"instock","12":"shipping-taxable","13":"product-type-simple"},"acf":[],"_links":{"self":[{"href":"https:\/\/www.crewkerz.com\/fr\/wp-json\/wp\/v2\/product\/26360","targetHints":{"allow":["GET"]}}],"collection":[{"href":"https:\/\/www.crewkerz.com\/fr\/wp-json\/wp\/v2\/product"}],"about":[{"href":"https:\/\/www.crewkerz.com\/fr\/wp-json\/wp\/v2\/types\/product"}],"version-history":[{"count":0,"href":"https:\/\/www.crewkerz.com\/fr\/wp-json\/wp\/v2\/product\/26360\/revisions"}],"wp:featuredmedia":[{"embeddable":true,"href":"https:\/\/www.crewkerz.com\/fr\/wp-json\/wp\/v2\/media\/26362"}],"wp:attachment":[{"href":"https:\/\/www.crewkerz.com\/fr\/wp-json\/wp\/v2\/media?parent=26360"}],"wp:term":[{"taxonomy":"product_brand","embeddable":true,"href":"https:\/\/www.crewkerz.com\/fr\/wp-json\/wp\/v2\/product_brand?post=26360"},{"taxonomy":"product_cat","embeddable":true,"href":"https:\/\/www.crewkerz.com\/fr\/wp-json\/wp\/v2\/product_cat?post=26360"},{"taxonomy":"product_tag","embeddable":true,"href":"https:\/\/www.crewkerz.com\/fr\/wp-json\/wp\/v2\/product_tag?post=26360"}],"curies":[{"name":"wp","href":"https:\/\/api.w.org\/{rel}","templated":true}]}}