{"id":26206,"date":"2022-10-11T15:16:02","date_gmt":"2022-10-11T13:16:02","guid":{"rendered":"https:\/\/www.crewkerz.com\/p\/paire-de-pedales-simple-cage\/"},"modified":"2024-12-27T14:22:28","modified_gmt":"2024-12-27T13:22:28","slug":"paire-de-pedales-simple-cage","status":"publish","type":"product","link":"https:\/\/www.crewkerz.com\/fr\/p\/paire-de-pedales-simple-cage\/","title":{"rendered":"Paire De Pedales Simple Cage"},"content":{"rendered":"<p>Les p\u00e9dales simple cage vous assurent un meilleur grip que des plateformes, ainsi qu\u2019un gain de poids.<\/p>\n<p>La cage est constitu\u00e9e d\u2019un alliage d\u2019aluminium 7075 de 3 mm d\u2019\u00e9paisseur. Elle comporte six trous, deux par c\u00f4t\u00e9, pour diminuer le poids total sans compromettre la solidit\u00e9.<\/p>\n<p>L\u2019axe est en acier pour une durabilit\u00e9 maximale et le corps en aluminium 7075 T6.<\/p>\n","protected":false},"excerpt":{"rendered":"<p>Paire De Pedales Simple Cage<\/p>\n","protected":false},"featured_media":26208,"template":"","meta":{"_acf_changed":false,"_seopress_robots_primary_cat":"","_seopress_titles_title":"","_seopress_titles_desc":"","_seopress_robots_index":""},"product_brand":[],"product_cat":[260,211],"product_tag":[],"class_list":{"0":"post-26206","1":"product","2":"type-product","3":"status-publish","4":"has-post-thumbnail","6":"product_cat-pedales","7":"product_cat-transmission","8":"pa_famille-transmission","10":"first","11":"instock","12":"shipping-taxable","13":"product-type-simple"},"acf":[],"_links":{"self":[{"href":"https:\/\/www.crewkerz.com\/fr\/wp-json\/wp\/v2\/product\/26206","targetHints":{"allow":["GET"]}}],"collection":[{"href":"https:\/\/www.crewkerz.com\/fr\/wp-json\/wp\/v2\/product"}],"about":[{"href":"https:\/\/www.crewkerz.com\/fr\/wp-json\/wp\/v2\/types\/product"}],"version-history":[{"count":0,"href":"https:\/\/www.crewkerz.com\/fr\/wp-json\/wp\/v2\/product\/26206\/revisions"}],"wp:featuredmedia":[{"embeddable":true,"href":"https:\/\/www.crewkerz.com\/fr\/wp-json\/wp\/v2\/media\/26208"}],"wp:attachment":[{"href":"https:\/\/www.crewkerz.com\/fr\/wp-json\/wp\/v2\/media?parent=26206"}],"wp:term":[{"taxonomy":"product_brand","embeddable":true,"href":"https:\/\/www.crewkerz.com\/fr\/wp-json\/wp\/v2\/product_brand?post=26206"},{"taxonomy":"product_cat","embeddable":true,"href":"https:\/\/www.crewkerz.com\/fr\/wp-json\/wp\/v2\/product_cat?post=26206"},{"taxonomy":"product_tag","embeddable":true,"href":"https:\/\/www.crewkerz.com\/fr\/wp-json\/wp\/v2\/product_tag?post=26206"}],"curies":[{"name":"wp","href":"https:\/\/api.w.org\/{rel}","templated":true}]}}