{"id":26126,"date":"2022-10-11T15:14:57","date_gmt":"2022-10-11T13:14:57","guid":{"rendered":"https:\/\/www.crewkerz.com\/p\/manivelle-gauche-as30-cnc-175-mm\/"},"modified":"2024-12-27T14:22:25","modified_gmt":"2024-12-27T13:22:25","slug":"manivelle-gauche-as30-cnc-175-mm","status":"publish","type":"product","link":"https:\/\/www.crewkerz.com\/fr\/p\/manivelle-gauche-as30-cnc-175-mm\/","title":{"rendered":"Manivelle Gauche As30 Cnc 175 Mm"},"content":{"rendered":"<p>Manivelle gauche pour p\u00e9dalier AS30 2016 mont\u00e9 d&rsquo;origine sur les mod\u00e8les Jealousy de la marque Crewkerz.<\/p>\n<p>R\u00e9alis\u00e9 en aluminium 7075 T6, ce p\u00e9dalier met l\u2019accent sur la rigidit\u00e9 et sur la facilit\u00e9 d\u2019entretien. Contrairement aux anciens syst\u00e8mes, avec le p\u00e9dalier AS 30, d\u00e9montez votre roue libre, votre axe ou vos manivelles sans contraintes.<\/p>\n<p>La manivelle a \u00e9t\u00e9 con\u00e7ue pour limiter les contraintes en torsion et ainsi retransmettre au mieux les forces exerc\u00e9es par le pilote.<\/p>\n","protected":false},"excerpt":{"rendered":"<p>Manivelle Gauche As30 Cnc 175 Mm<\/p>\n","protected":false},"featured_media":26128,"template":"","meta":{"_acf_changed":false,"_seopress_robots_primary_cat":"","_seopress_titles_title":"","_seopress_titles_desc":"","_seopress_robots_index":""},"product_brand":[],"product_cat":[1073,211],"product_tag":[],"class_list":{"0":"post-26126","1":"product","2":"type-product","3":"status-publish","4":"has-post-thumbnail","6":"product_cat-manivelles","7":"product_cat-transmission","8":"pa_famille-transmission","10":"first","11":"instock","12":"shipping-taxable","13":"product-type-simple"},"acf":[],"_links":{"self":[{"href":"https:\/\/www.crewkerz.com\/fr\/wp-json\/wp\/v2\/product\/26126","targetHints":{"allow":["GET"]}}],"collection":[{"href":"https:\/\/www.crewkerz.com\/fr\/wp-json\/wp\/v2\/product"}],"about":[{"href":"https:\/\/www.crewkerz.com\/fr\/wp-json\/wp\/v2\/types\/product"}],"version-history":[{"count":0,"href":"https:\/\/www.crewkerz.com\/fr\/wp-json\/wp\/v2\/product\/26126\/revisions"}],"wp:featuredmedia":[{"embeddable":true,"href":"https:\/\/www.crewkerz.com\/fr\/wp-json\/wp\/v2\/media\/26128"}],"wp:attachment":[{"href":"https:\/\/www.crewkerz.com\/fr\/wp-json\/wp\/v2\/media?parent=26126"}],"wp:term":[{"taxonomy":"product_brand","embeddable":true,"href":"https:\/\/www.crewkerz.com\/fr\/wp-json\/wp\/v2\/product_brand?post=26126"},{"taxonomy":"product_cat","embeddable":true,"href":"https:\/\/www.crewkerz.com\/fr\/wp-json\/wp\/v2\/product_cat?post=26126"},{"taxonomy":"product_tag","embeddable":true,"href":"https:\/\/www.crewkerz.com\/fr\/wp-json\/wp\/v2\/product_tag?post=26126"}],"curies":[{"name":"wp","href":"https:\/\/api.w.org\/{rel}","templated":true}]}}