{"id":24356,"date":"2022-05-06T11:22:13","date_gmt":"2022-05-06T09:22:13","guid":{"rendered":"https:\/\/www.crewkerz.com\/?post_type=product&#038;p=24356"},"modified":"2024-12-27T13:59:17","modified_gmt":"2024-12-27T12:59:17","slug":"jealousy-26-2019","status":"publish","type":"product","link":"https:\/\/www.crewkerz.com\/fr\/p\/jealousy-26-2019\/","title":{"rendered":"Jealousy 26\u2033 2019"},"content":{"rendered":"<p><strong>Le Jealousy 26\u2033 Champion du Monde avec Jack Carthy reste dans la lign\u00e9e des v\u00e9los Crewkerz : Un v\u00e9lo performant, un v\u00e9lo d\u2019exception !<\/strong><\/p>\n<p><strong>Le Jealousy apporte un grand nombre d\u2019avanc\u00e9es techniques et reprend celles qui ont fait le succ\u00e8s et la r\u00e9putation de Crewkerz :<\/strong><\/p>\n<p>Le Tapered, le standard AS30 ainsi que le tendeur et les axes traversants qui permettent notamment d\u2019obtenir une g\u00e9om\u00e9trie fixe et apportent une nervosit\u00e9 n\u00e9cessaire pour aller plus haut.<\/p>\n<p>Les tubes hydroform\u00e9s apportent un comportement beaucoup plus dynamique, efficace, ils diminuent la latence (Le v\u00e9lo revient \u00e0 sa position z\u00e9ro\/\/originale plus rapidement). La garde au sol est optimis\u00e9e avec la nouvelle forme du tube diagonal.<\/p>\n<p><strong>Le top yoke ATS<\/strong>\u00a0(Anti Torsion System) qui augmente consid\u00e9rablement la puissance de freinage en diminuant la torsion des haubans.<br \/>\nC\u2019est l\u2019<strong>\u00e9volution de principale de ce mod\u00e8le 2019<\/strong>, qui voit son\u00a0<strong>yoke redessin\u00e9<\/strong>\u00a0pour rendre le v\u00e9lo\u00a0<strong>plus nerveux<\/strong>\u00a0et am\u00e9liorer son comportement.<\/p>\n<p>La douille conique\/\/tapered (Jonction parfaite entre le tube diagonal et la douille) permet d\u2019avoir des fourches qui augmentent la pr\u00e9cision de direction, la fiabilit\u00e9 et le dynamisme sur l\u2019avant du v\u00e9lo. Celle-ci a encore \u00e9t\u00e9 all\u00e9g\u00e9e sur ce mod\u00e8le.<\/p>\n<p>Sur cette nouvelle production 2019,\u00a0<strong>de petites modifications augmentent la dur\u00e9e de vie du v\u00e9lo<\/strong>\u00a0et des p\u00e9dales simples cages \u00e9quiperont ce haut de gamme de la marque CREWKERZ.<\/p>\n<p>Retrouvez \u00e9galement des jantes simples paroi en H pour un gain de poids. Ces jantes permettent une\u00a0<strong>augmentation de la puissance de freinage<\/strong>.<\/p>\n<p>Le\u00a0<strong>p\u00e9dalier WAW<\/strong>, offre lui un gain de poids et une nervosit\u00e9 accrue gr\u00e2ce au nouveau proc\u00e9d\u00e9 de fabrication pour l\u2019axe et les manivelles, ainsi que la suppression des angles vifs pour \u00e9pargner nos mall\u00e9oles !<\/p>\n","protected":false},"excerpt":{"rendered":"<p>Le Jealousy 26\u2033 Champion du Monde avec Jack Carthy reste dans la lign\u00e9e des v\u00e9los Crewkerz : Un v\u00e9lo performant,<\/p>\n","protected":false},"featured_media":24357,"template":"","meta":{"_acf_changed":false,"_seopress_robots_primary_cat":"","_seopress_titles_title":"","_seopress_titles_desc":"","_seopress_robots_index":""},"product_brand":[],"product_cat":[494,96,95],"product_tag":[],"class_list":{"0":"post-24356","1":"product","2":"type-product","3":"status-publish","4":"has-post-thumbnail","6":"product_cat-anciens-modeles","7":"product_cat-jealousy","8":"product_cat-velos","10":"first","11":"instock","12":"shipping-taxable","13":"product-type-simple"},"acf":[],"_links":{"self":[{"href":"https:\/\/www.crewkerz.com\/fr\/wp-json\/wp\/v2\/product\/24356","targetHints":{"allow":["GET"]}}],"collection":[{"href":"https:\/\/www.crewkerz.com\/fr\/wp-json\/wp\/v2\/product"}],"about":[{"href":"https:\/\/www.crewkerz.com\/fr\/wp-json\/wp\/v2\/types\/product"}],"version-history":[{"count":0,"href":"https:\/\/www.crewkerz.com\/fr\/wp-json\/wp\/v2\/product\/24356\/revisions"}],"wp:featuredmedia":[{"embeddable":true,"href":"https:\/\/www.crewkerz.com\/fr\/wp-json\/wp\/v2\/media\/24357"}],"wp:attachment":[{"href":"https:\/\/www.crewkerz.com\/fr\/wp-json\/wp\/v2\/media?parent=24356"}],"wp:term":[{"taxonomy":"product_brand","embeddable":true,"href":"https:\/\/www.crewkerz.com\/fr\/wp-json\/wp\/v2\/product_brand?post=24356"},{"taxonomy":"product_cat","embeddable":true,"href":"https:\/\/www.crewkerz.com\/fr\/wp-json\/wp\/v2\/product_cat?post=24356"},{"taxonomy":"product_tag","embeddable":true,"href":"https:\/\/www.crewkerz.com\/fr\/wp-json\/wp\/v2\/product_tag?post=24356"}],"curies":[{"name":"wp","href":"https:\/\/api.w.org\/{rel}","templated":true}]}}