{"id":24293,"date":"2022-05-06T11:09:44","date_gmt":"2022-05-06T09:09:44","guid":{"rendered":"https:\/\/www.crewkerz.com\/?post_type=product&#038;p=24293"},"modified":"2024-12-27T15:27:59","modified_gmt":"2024-12-27T14:27:59","slug":"jealousy-2018-ultimate-26%e2%80%b3","status":"publish","type":"product","link":"https:\/\/www.crewkerz.com\/fr\/p\/jealousy-2018-ultimate-26%e2%80%b3\/","title":{"rendered":"Jealousy 2018 Ultimate 26\u2033"},"content":{"rendered":"<p><strong>Le Jealousy 26\u2033 Champion du Monde avec Jack Carthy reste dans la lign\u00e9e des v\u00e9los Crewkerz : Un v\u00e9lo performant, un v\u00e9lo d\u2019exception !<\/strong><\/p>\n<p>Le cadre est en alu bross\u00e9 \u00e0 la main et vernis brillant ! Il ne sera disponible qu\u2019en version v\u00e9lo complet pour cette s\u00e9rie limit\u00e9.<\/p>\n<p>Le Jealousy apporte un grand nombre d\u2019avanc\u00e9es techniques et reprend celles qui ont fait le succ\u00e8s et la r\u00e9putation de Crewkerz : Le Tapered, le standard AS30 ainsi que le tendeur et les axes traversant qui permettent notamment d\u2019obtenir une g\u00e9om\u00e9trie fixe et apportent une nervosit\u00e9 necessaire pour aller plus haut.<\/p>\n<p>Les tubes hydroform\u00e9s apportent un comportement beaucoup plus dynamique, efficace, ils diminuent la latence (Le v\u00e9lo revient \u00e0 sa position z\u00e9ro\/\/originale plus rapidement). La garde au sol est optimis\u00e9e avec la nouvelle forme du tube diagonal.<\/p>\n<p>Nouveau top yoke ATS (Anti Torsion System) qui augmente consid\u00e9rablement la puissance de freinage en diminuant la torsion des haubans.<\/p>\n<p>Nouvelle douille conique\/\/tapered (Jonction parfaite entre le tube diagonal et la douille). Ce standard permet d\u2019avoir des fourches tapered qui augmentent la pr\u00e9cision de direction, la fiabilit\u00e9 et le dynamisme sur l\u2019avant du v\u00e9lo.<\/p>\n<p>Sur cette nouvelle production 2018, de petites modifications augmente la dur\u00e9e de vie du v\u00e9lo, des p\u00e9dales simples cages \u00e9quiperont ce tr\u00e8s haut de gamme de la marque CREWKERZ ainsi qu\u2019une nouvelle g\u00e9om\u00e9trie plus moderne sur le cintre 720 mm Total Riseup : 110 mm (Riseup de 103 mm) Upsweep : 12\u00b0 et Backsweep : 9 .<\/p>\n<p>Retrouvez \u00e9galement un\u00a0<strong>nouveau p\u00e9dalier<\/strong>\u00a0et des jantes simples paroi en H pour un gain de poids.<\/p>\n<p>Ainsi les\u00a0<strong>nouvelles jantes<\/strong>\u00a0permettent une augmentation de la puissance de freinage.<\/p>\n<p>Le\u00a0<strong>nouveau p\u00e9dalier WAW 2018<\/strong>, offre lui un gain de poids et une nervosit\u00e9 accrue gr\u00e2ce au nouveau proc\u00e9d\u00e9 de fabrication pour l\u2019axe et les manivelles, ainsi que la suppression des angles vifs pour \u00e9pargner nos mall\u00e9oles !<\/p>\n<p>Sur ce v\u00e9lo b\u00e9n\u00e9ficiez aussi de la\u00a0<strong>d\u00e9co exclusive<\/strong>\u00a0des deux Champions du Monde, de la\u00a0<strong>fourche carbone WAW<\/strong>, et des\u00a0<strong>freins Trialtech Carthy Signature<\/strong>. Que du tr\u00e8s performant et du tr\u00e8s haut de gamme !<\/p>\n","protected":false},"excerpt":{"rendered":"<p>Le Jealousy 26\u2033 Champion du Monde avec Jack Carthy reste dans la lign\u00e9e des v\u00e9los Crewkerz : Un v\u00e9lo performant,<\/p>\n","protected":false},"featured_media":24294,"template":"","meta":{"_acf_changed":false,"_seopress_robots_primary_cat":"","_seopress_titles_title":"","_seopress_titles_desc":"","_seopress_robots_index":""},"product_brand":[],"product_cat":[494,96,95],"product_tag":[],"class_list":{"0":"post-24293","1":"product","2":"type-product","3":"status-publish","4":"has-post-thumbnail","6":"product_cat-anciens-modeles","7":"product_cat-jealousy","8":"product_cat-velos","10":"first","11":"instock","12":"shipping-taxable","13":"product-type-simple"},"acf":[],"_links":{"self":[{"href":"https:\/\/www.crewkerz.com\/fr\/wp-json\/wp\/v2\/product\/24293","targetHints":{"allow":["GET"]}}],"collection":[{"href":"https:\/\/www.crewkerz.com\/fr\/wp-json\/wp\/v2\/product"}],"about":[{"href":"https:\/\/www.crewkerz.com\/fr\/wp-json\/wp\/v2\/types\/product"}],"version-history":[{"count":0,"href":"https:\/\/www.crewkerz.com\/fr\/wp-json\/wp\/v2\/product\/24293\/revisions"}],"wp:featuredmedia":[{"embeddable":true,"href":"https:\/\/www.crewkerz.com\/fr\/wp-json\/wp\/v2\/media\/24294"}],"wp:attachment":[{"href":"https:\/\/www.crewkerz.com\/fr\/wp-json\/wp\/v2\/media?parent=24293"}],"wp:term":[{"taxonomy":"product_brand","embeddable":true,"href":"https:\/\/www.crewkerz.com\/fr\/wp-json\/wp\/v2\/product_brand?post=24293"},{"taxonomy":"product_cat","embeddable":true,"href":"https:\/\/www.crewkerz.com\/fr\/wp-json\/wp\/v2\/product_cat?post=24293"},{"taxonomy":"product_tag","embeddable":true,"href":"https:\/\/www.crewkerz.com\/fr\/wp-json\/wp\/v2\/product_tag?post=24293"}],"curies":[{"name":"wp","href":"https:\/\/api.w.org\/{rel}","templated":true}]}}