{"id":24271,"date":"2022-05-06T11:04:05","date_gmt":"2022-05-06T09:04:05","guid":{"rendered":"https:\/\/www.crewkerz.com\/?post_type=product&#038;p=24271"},"modified":"2024-12-27T15:27:53","modified_gmt":"2024-12-27T14:27:53","slug":"jealousy-2018-ultimate-20%e2%80%b3","status":"publish","type":"product","link":"https:\/\/www.crewkerz.com\/fr\/p\/jealousy-2018-ultimate-20%e2%80%b3\/","title":{"rendered":"Jealousy 2018 Ultimate 20\u2033"},"content":{"rendered":"<p><strong>Le Jealousy 20\u2033 Ultimate reste dans la lign\u00e9e des v\u00e9los Crewkerz : Un v\u00e9lo performant, un v\u00e9lo d\u2019exception !<\/strong><\/p>\n<p>Le cadre est en alu bross\u00e9 \u00e0 la main et vernis brillant ! Il ne sera disponible qu\u2019en version v\u00e9lo complet pour cette s\u00e9rie limit\u00e9.<\/p>\n<p>Il apporte un grand nombre d\u2019avanc\u00e9es techniques et reprend celles qui ont fait le succ\u00e8s et la r\u00e9putation de Crewkerz : Le Tapered, le standard AS30 ainsi que le tendeur et les axes traversants qui permettent d\u2019obtenir une g\u00e9om\u00e9trie fixe.<\/p>\n<p>Les tubes, hydroform\u00e9s apportent un comportement beaucoup plus dynamique, efficace, ils diminuent la latence (Le v\u00e9lo revient \u00e0 sa position z\u00e9ro\/\/originale plus rapidement). La garde au sol est optimis\u00e9e avec la nouvelle forme du tube diagonal.<\/p>\n<p>Nouvelle douille conique\/\/tapered (Jonction parfaite entre le tube diagonal et la douille). Ce standard permet d\u2019avoir des fourches tapered qui augmentent la pr\u00e9cision de direction, la fiabilit\u00e9 et le dynamisme sur l\u2019avant du v\u00e9lo.<\/p>\n<p>Sur cette nouvelle production, les pneus sont des OBR Gekok qui viennent am\u00e9liorer ce tr\u00e8s haut de gamme de la marque CREWKERZ.<\/p>\n<p>Retrouvez \u00e9galement un\u00a0<strong>nouveau p\u00e9dalier<\/strong>\u00a0et des jantes simples paroi en H pour un gain de poids.<\/p>\n<p>Les\u00a0<strong>nouvelles jantes<\/strong> permettent pareillement une augmentation de la puissance de freinage.<\/p>\n<p>Le\u00a0<strong>nouveau p\u00e9dalier WAW 2018<\/strong>, offre lui une nervosit\u00e9 accrue gr\u00e2ce au nouveau proc\u00e9d\u00e9 de fabrication pour l\u2019axe et les manivelles, ainsi que la suppression des angles vifs pour \u00e9pargner nos mall\u00e9oles !<\/p>\n<p>Sur ce v\u00e9lo b\u00e9n\u00e9ficiez aussi de la\u00a0<strong>d\u00e9co exclusive<\/strong>\u00a0des deux Champions du Monde, de la\u00a0<strong>fourche carbone WAW<\/strong>, et des\u00a0<strong>Hope Tech3<\/strong>\u00a0pour le freinage. Que du tr\u00e8s performant et du tr\u00e8s haut de gamme !<\/p>\n","protected":false},"excerpt":{"rendered":"<p>Le Jealousy 20\u2033 Ultimate reste dans la lign\u00e9e des v\u00e9los Crewkerz : Un v\u00e9lo performant, un v\u00e9lo d\u2019exception ! Le<\/p>\n","protected":false},"featured_media":24272,"template":"","meta":{"_acf_changed":false,"_seopress_robots_primary_cat":"","_seopress_titles_title":"","_seopress_titles_desc":"","_seopress_robots_index":""},"product_brand":[],"product_cat":[494,96,95],"product_tag":[],"class_list":{"0":"post-24271","1":"product","2":"type-product","3":"status-publish","4":"has-post-thumbnail","6":"product_cat-anciens-modeles","7":"product_cat-jealousy","8":"product_cat-velos","10":"first","11":"instock","12":"shipping-taxable","13":"product-type-simple"},"acf":[],"_links":{"self":[{"href":"https:\/\/www.crewkerz.com\/fr\/wp-json\/wp\/v2\/product\/24271","targetHints":{"allow":["GET"]}}],"collection":[{"href":"https:\/\/www.crewkerz.com\/fr\/wp-json\/wp\/v2\/product"}],"about":[{"href":"https:\/\/www.crewkerz.com\/fr\/wp-json\/wp\/v2\/types\/product"}],"version-history":[{"count":0,"href":"https:\/\/www.crewkerz.com\/fr\/wp-json\/wp\/v2\/product\/24271\/revisions"}],"wp:featuredmedia":[{"embeddable":true,"href":"https:\/\/www.crewkerz.com\/fr\/wp-json\/wp\/v2\/media\/24272"}],"wp:attachment":[{"href":"https:\/\/www.crewkerz.com\/fr\/wp-json\/wp\/v2\/media?parent=24271"}],"wp:term":[{"taxonomy":"product_brand","embeddable":true,"href":"https:\/\/www.crewkerz.com\/fr\/wp-json\/wp\/v2\/product_brand?post=24271"},{"taxonomy":"product_cat","embeddable":true,"href":"https:\/\/www.crewkerz.com\/fr\/wp-json\/wp\/v2\/product_cat?post=24271"},{"taxonomy":"product_tag","embeddable":true,"href":"https:\/\/www.crewkerz.com\/fr\/wp-json\/wp\/v2\/product_tag?post=24271"}],"curies":[{"name":"wp","href":"https:\/\/api.w.org\/{rel}","templated":true}]}}