{"id":24253,"date":"2022-05-06T10:51:48","date_gmt":"2022-05-06T08:51:48","guid":{"rendered":"https:\/\/www.crewkerz.com\/?post_type=product&#038;p=24253"},"modified":"2024-12-27T15:28:36","modified_gmt":"2024-12-27T14:28:36","slug":"jealousy-26%e2%80%b3-2018","status":"publish","type":"product","link":"https:\/\/www.crewkerz.com\/fr\/p\/jealousy-26%e2%80%b3-2018\/","title":{"rendered":"Jealousy 26\u2033 2018"},"content":{"rendered":"<p>Le Jealousy apporte un grand nombre d\u2019avanc\u00e9es techniques et reprend celles qui ont fait le succ\u00e8s et la r\u00e9putation de Crewkerz : Le Tapered, le standard AS30 ainsi que le tendeur et les axes traversant qui permettent notamment d\u2019obtenir une g\u00e9om\u00e9trie fixe et apportent une nervosit\u00e9 n\u00e9cessaire pour aller plus haut.<\/p>\n<p>Les tubes hydroform\u00e9s apportent un comportement beaucoup plus dynamique, efficace, ils diminuent la latence (Le v\u00e9lo revient \u00e0 sa position z\u00e9ro\/\/originale plus rapidement). La garde au sol est optimis\u00e9e avec la nouvelle forme du tube diagonal.<\/p>\n<p>Nouveau top yoke ATS (Anti Torsion System) qui augmente consid\u00e9rablement la puissance de freinage en diminuant la torsion des haubans.<\/p>\n<p>Nouvelle douille conique\/\/tapered (Jonction parfaite entre le tube diagonal et la douille). Ce standard permet d\u2019avoir des fourches tapered qui augmentent la pr\u00e9cision de direction, la fiabilit\u00e9 et le dynamisme sur l\u2019avant du v\u00e9lo.<\/p>\n<p>Sur cette nouvelle production 2018, de petites modifications augmente la dur\u00e9e de vie du v\u00e9lo, des p\u00e9dales simples cages \u00e9quiperont ce tr\u00e8s haut de gamme de la marque CREWKERZ ainsi qu\u2019une nouvelle g\u00e9om\u00e9trie plus moderne sur le cintre 720 mm Total Riseup : 110 mm (Riseup de 103 mm) Upsweep : 12\u00b0 et Backsweep : 9 .<\/p>\n<p>Retrouvez \u00e9galement un\u00a0<strong>nouveau p\u00e9dalier<\/strong>\u00a0et des jantes simples paroi en H pour un gain de poids.<br \/>\nAinsi les\u00a0<strong>nouvelles jantes<\/strong>\u00a0permettent un gain de poids et augmentation de la puissance de freinage.<\/p>\n<p>Le\u00a0<strong>nouveau p\u00e9dalier WAW 2018<\/strong>, offre lui un gain de poids et une nervosit\u00e9 accrue gr\u00e2ce au nouveau proc\u00e9d\u00e9 de fabrication pour l\u2019axe et les manivelles, ainsi que la suppression des angles vifs pour \u00e9pargner nos mall\u00e9oles !<\/p>\n","protected":false},"excerpt":{"rendered":"<p>Le Jealousy apporte un grand nombre d\u2019avanc\u00e9es techniques et reprend celles qui ont fait le succ\u00e8s et la r\u00e9putation de<\/p>\n","protected":false},"featured_media":24254,"template":"","meta":{"_acf_changed":false,"_seopress_robots_primary_cat":"","_seopress_titles_title":"","_seopress_titles_desc":"","_seopress_robots_index":""},"product_brand":[],"product_cat":[494,96,95],"product_tag":[],"class_list":{"0":"post-24253","1":"product","2":"type-product","3":"status-publish","4":"has-post-thumbnail","6":"product_cat-anciens-modeles","7":"product_cat-jealousy","8":"product_cat-velos","10":"first","11":"instock","12":"shipping-taxable","13":"product-type-simple"},"acf":[],"_links":{"self":[{"href":"https:\/\/www.crewkerz.com\/fr\/wp-json\/wp\/v2\/product\/24253","targetHints":{"allow":["GET"]}}],"collection":[{"href":"https:\/\/www.crewkerz.com\/fr\/wp-json\/wp\/v2\/product"}],"about":[{"href":"https:\/\/www.crewkerz.com\/fr\/wp-json\/wp\/v2\/types\/product"}],"version-history":[{"count":0,"href":"https:\/\/www.crewkerz.com\/fr\/wp-json\/wp\/v2\/product\/24253\/revisions"}],"wp:featuredmedia":[{"embeddable":true,"href":"https:\/\/www.crewkerz.com\/fr\/wp-json\/wp\/v2\/media\/24254"}],"wp:attachment":[{"href":"https:\/\/www.crewkerz.com\/fr\/wp-json\/wp\/v2\/media?parent=24253"}],"wp:term":[{"taxonomy":"product_brand","embeddable":true,"href":"https:\/\/www.crewkerz.com\/fr\/wp-json\/wp\/v2\/product_brand?post=24253"},{"taxonomy":"product_cat","embeddable":true,"href":"https:\/\/www.crewkerz.com\/fr\/wp-json\/wp\/v2\/product_cat?post=24253"},{"taxonomy":"product_tag","embeddable":true,"href":"https:\/\/www.crewkerz.com\/fr\/wp-json\/wp\/v2\/product_tag?post=24253"}],"curies":[{"name":"wp","href":"https:\/\/api.w.org\/{rel}","templated":true}]}}