{"id":24213,"date":"2022-05-06T10:20:31","date_gmt":"2022-05-06T08:20:31","guid":{"rendered":"https:\/\/www.crewkerz.com\/?post_type=product&#038;p=24213"},"modified":"2024-12-20T13:21:45","modified_gmt":"2024-12-20T12:21:45","slug":"jealousy-26-2017","status":"publish","type":"product","link":"https:\/\/www.crewkerz.com\/fr\/p\/jealousy-26-2017\/","title":{"rendered":"Jealousy 26\u2033 2017"},"content":{"rendered":"<p><strong>Le Jealousy 26\u2033 Champion du Monde avec Jack Carthy reste dans la lign\u00e9e des v\u00e9los Crewkerz : Un v\u00e9lo performant, un v\u00e9lo d\u2019exception !<\/strong><\/p>\n<p>Le Jealousy apporte un grand nombre d\u2019avanc\u00e9es techniques et reprend celles qui ont fait le succ\u00e8s et la r\u00e9putation de Crewkerz : Le Tapered, le standard AS30 ainsi que le tendeur et les axes traversant qui permettent notamment d\u2019obtenir une g\u00e9om\u00e9trie fixe et apportent une nervosit\u00e9 necessaire pour aller plus haut.<\/p>\n<p>Les nouveaux tubes, hydroform\u00e9s apportent un comportement beaucoup plus dynamique, efficace, ils diminuent la latence (Le v\u00e9lo revient \u00e0 sa position z\u00e9ro\/\/originale plus rapidement). La garde au sol est optimis\u00e9e avec la nouvelle forme du tube diagonal.<\/p>\n<p>Nouveau top yoke ATS (Anti Torsion System) qui augmente consid\u00e9rablement la puissance de freinage en diminuant la torsion des haubans.<\/p>\n<p>Nouvelle douille conique\/\/tapered (Jonction parfaite entre le tube diagonal et la douille). Ce standard permet d\u2019avoir des fourches tapered qui augmentent la pr\u00e9cision de direction, la fiabilit\u00e9 et le dynamisme sur l\u2019avant du v\u00e9lo.<\/p>\n<p>Sur cette nouvelle production 2017, de petites modifications augmente la dur\u00e9e de vie du v\u00e9lo, des p\u00e9dales simples cages \u00e9quiperont ce tr\u00e8s haut de gamme de la marque CREWKERZ ainsi qu\u2019une nouvelle g\u00e9om\u00e9trie plus moderne sur le cintre 720 mm Total Riseup : 110 mm (Riseup de 103 mm) Upsweep : 12\u00b0 et Backsweep : 9 .<\/p>\n","protected":false},"excerpt":{"rendered":"<p>Le Jealousy 26\u2033 Champion du Monde avec Jack Carthy reste dans la lign\u00e9e des v\u00e9los Crewkerz : Un v\u00e9lo performant,<\/p>\n","protected":false},"featured_media":24214,"template":"","meta":{"_acf_changed":false,"_seopress_robots_primary_cat":"","_seopress_titles_title":"","_seopress_titles_desc":"","_seopress_robots_index":"","_seopress_analysis_target_kw":""},"product_brand":[],"product_cat":[494,96,238,95],"product_tag":[],"class_list":{"0":"post-24213","1":"product","2":"type-product","3":"status-publish","4":"has-post-thumbnail","6":"product_cat-anciens-modeles","7":"product_cat-jealousy","8":"product_cat-trial-26","9":"product_cat-velos","11":"first","12":"instock","13":"shipping-taxable","14":"product-type-simple"},"acf":[],"_links":{"self":[{"href":"https:\/\/www.crewkerz.com\/fr\/wp-json\/wp\/v2\/product\/24213","targetHints":{"allow":["GET"]}}],"collection":[{"href":"https:\/\/www.crewkerz.com\/fr\/wp-json\/wp\/v2\/product"}],"about":[{"href":"https:\/\/www.crewkerz.com\/fr\/wp-json\/wp\/v2\/types\/product"}],"version-history":[{"count":0,"href":"https:\/\/www.crewkerz.com\/fr\/wp-json\/wp\/v2\/product\/24213\/revisions"}],"wp:featuredmedia":[{"embeddable":true,"href":"https:\/\/www.crewkerz.com\/fr\/wp-json\/wp\/v2\/media\/24214"}],"wp:attachment":[{"href":"https:\/\/www.crewkerz.com\/fr\/wp-json\/wp\/v2\/media?parent=24213"}],"wp:term":[{"taxonomy":"product_brand","embeddable":true,"href":"https:\/\/www.crewkerz.com\/fr\/wp-json\/wp\/v2\/product_brand?post=24213"},{"taxonomy":"product_cat","embeddable":true,"href":"https:\/\/www.crewkerz.com\/fr\/wp-json\/wp\/v2\/product_cat?post=24213"},{"taxonomy":"product_tag","embeddable":true,"href":"https:\/\/www.crewkerz.com\/fr\/wp-json\/wp\/v2\/product_tag?post=24213"}],"curies":[{"name":"wp","href":"https:\/\/api.w.org\/{rel}","templated":true}]}}