{"id":24168,"date":"2022-05-06T10:00:21","date_gmt":"2022-05-06T08:00:21","guid":{"rendered":"https:\/\/www.crewkerz.com\/?post_type=product&#038;p=24168"},"modified":"2024-12-27T15:42:38","modified_gmt":"2024-12-27T14:42:38","slug":"desire-20%e2%80%b3","status":"publish","type":"product","link":"https:\/\/www.crewkerz.com\/fr\/p\/desire-20%e2%80%b3\/","title":{"rendered":"Desire 20\u2033"},"content":{"rendered":"<p><strong>Apr\u00e8s 3 g\u00e9n\u00e9rations de Freed comme entr\u00e9e\/milieu de gamme, l\u2019ann\u00e9e 2017 voit arriver son successeur : le Desire.<\/strong><\/p>\n<p>Comme le Freed, il s\u2019agit de proposer un v\u00e9lo trial abouti et fiable \u00e0 un prix attractif.<\/p>\n<p>Crewkerz a m\u00eame pouss\u00e9 le concept plus loin en proposant un \u00e9quipement in\u00e9dit \u00e0 ce tarif :\u00a0<strong>nouvelle g\u00e9om\u00e9trie race, douille de direction tapered<\/strong>\u00a0ajour\u00e9e, p\u00e9dales simple cage\u2026 Un \u00e9quipement digne de nombreux v\u00e9los<strong>\u00a0haut de gamme<\/strong>\u00a0pr\u00e9sents sur le march\u00e9.<\/p>\n<p>A vous les tap\u00e9s, les jet\u00e9s et autres deux temps, le Desire sera \u00e0 la hauteur de vos attentes et vous permettra de rouler sereinement en comp\u00e9tition !<\/p>\n","protected":false},"excerpt":{"rendered":"<p>Apr\u00e8s 3 g\u00e9n\u00e9rations de Freed comme entr\u00e9e\/milieu de gamme, l\u2019ann\u00e9e 2017 voit arriver son successeur : le Desire. Comme le<\/p>\n","protected":false},"featured_media":24169,"template":"","meta":{"_acf_changed":false,"_seopress_robots_primary_cat":"","_seopress_titles_title":"","_seopress_titles_desc":"","_seopress_robots_index":""},"product_brand":[],"product_cat":[494,103,95],"product_tag":[],"class_list":{"0":"post-24168","1":"product","2":"type-product","3":"status-publish","4":"has-post-thumbnail","6":"product_cat-anciens-modeles","7":"product_cat-desire","8":"product_cat-velos","10":"first","11":"instock","12":"shipping-taxable","13":"product-type-simple"},"acf":[],"_links":{"self":[{"href":"https:\/\/www.crewkerz.com\/fr\/wp-json\/wp\/v2\/product\/24168","targetHints":{"allow":["GET"]}}],"collection":[{"href":"https:\/\/www.crewkerz.com\/fr\/wp-json\/wp\/v2\/product"}],"about":[{"href":"https:\/\/www.crewkerz.com\/fr\/wp-json\/wp\/v2\/types\/product"}],"version-history":[{"count":0,"href":"https:\/\/www.crewkerz.com\/fr\/wp-json\/wp\/v2\/product\/24168\/revisions"}],"wp:featuredmedia":[{"embeddable":true,"href":"https:\/\/www.crewkerz.com\/fr\/wp-json\/wp\/v2\/media\/24169"}],"wp:attachment":[{"href":"https:\/\/www.crewkerz.com\/fr\/wp-json\/wp\/v2\/media?parent=24168"}],"wp:term":[{"taxonomy":"product_brand","embeddable":true,"href":"https:\/\/www.crewkerz.com\/fr\/wp-json\/wp\/v2\/product_brand?post=24168"},{"taxonomy":"product_cat","embeddable":true,"href":"https:\/\/www.crewkerz.com\/fr\/wp-json\/wp\/v2\/product_cat?post=24168"},{"taxonomy":"product_tag","embeddable":true,"href":"https:\/\/www.crewkerz.com\/fr\/wp-json\/wp\/v2\/product_tag?post=24168"}],"curies":[{"name":"wp","href":"https:\/\/api.w.org\/{rel}","templated":true}]}}