{"id":24162,"date":"2022-05-06T09:57:06","date_gmt":"2022-05-06T07:57:06","guid":{"rendered":"https:\/\/www.crewkerz.com\/?post_type=product&#038;p=24162"},"modified":"2024-12-27T15:42:48","modified_gmt":"2024-12-27T14:42:48","slug":"desire-kid","status":"publish","type":"product","link":"https:\/\/www.crewkerz.com\/fr\/p\/desire-kid\/","title":{"rendered":"Desire Kid"},"content":{"rendered":"<p><strong>Rendre accessible notre discipline aux plus jeunes a toujours \u00e9t\u00e9 une priorit\u00e9 pour la marque Marseillaise Crewkerz. Apr\u00e8s 3 g\u00e9n\u00e9rations de Freed comme entr\u00e9e\/milieu de gamme, l\u2019ann\u00e9e 2017 voit arriver son successeur : le Desire.<\/strong><\/p>\n<p>Comme le Freed, il s\u2019agit de proposer\u00a0<strong>un v\u00e9lo trial abouti<\/strong>\u00a0et\u00a0<strong>fiable<\/strong>\u00a0\u00e0 un\u00a0<strong>prix attractif<\/strong>. Crewkerz a m\u00eame pouss\u00e9 le concept plus loin en proposant un \u00e9quipement in\u00e9dit \u00e0 ce tarif : nouvelle g\u00e9om\u00e9trie race, douille de\u00a0<strong>direction tapered<\/strong>\u00a0ajour\u00e9e, p\u00e9dales simple cage\u2026 Un \u00e9quipement digne de nombreux v\u00e9los haut de gamme pr\u00e9sents sur le march\u00e9.<\/p>\n<p>Cette version Kid est destin\u00e9e aux enfants entre\u00a0<strong>6 et 12 ans<\/strong>\u00a0et leur permettra de se perfectionner gr\u00e2ce \u00e0 une g\u00e9om\u00e9trie adapt\u00e9e \u00e0 leur taille.<\/p>\n","protected":false},"excerpt":{"rendered":"<p>Rendre accessible notre discipline aux plus jeunes a toujours \u00e9t\u00e9 une priorit\u00e9 pour la marque Marseillaise Crewkerz. Apr\u00e8s 3 g\u00e9n\u00e9rations<\/p>\n","protected":false},"featured_media":24163,"template":"","meta":{"_acf_changed":false,"_seopress_robots_primary_cat":"","_seopress_titles_title":"","_seopress_titles_desc":"","_seopress_robots_index":""},"product_brand":[],"product_cat":[494,103,95],"product_tag":[],"class_list":{"0":"post-24162","1":"product","2":"type-product","3":"status-publish","4":"has-post-thumbnail","6":"product_cat-anciens-modeles","7":"product_cat-desire","8":"product_cat-velos","10":"first","11":"instock","12":"shipping-taxable","13":"product-type-simple"},"acf":[],"_links":{"self":[{"href":"https:\/\/www.crewkerz.com\/fr\/wp-json\/wp\/v2\/product\/24162","targetHints":{"allow":["GET"]}}],"collection":[{"href":"https:\/\/www.crewkerz.com\/fr\/wp-json\/wp\/v2\/product"}],"about":[{"href":"https:\/\/www.crewkerz.com\/fr\/wp-json\/wp\/v2\/types\/product"}],"version-history":[{"count":0,"href":"https:\/\/www.crewkerz.com\/fr\/wp-json\/wp\/v2\/product\/24162\/revisions"}],"wp:featuredmedia":[{"embeddable":true,"href":"https:\/\/www.crewkerz.com\/fr\/wp-json\/wp\/v2\/media\/24163"}],"wp:attachment":[{"href":"https:\/\/www.crewkerz.com\/fr\/wp-json\/wp\/v2\/media?parent=24162"}],"wp:term":[{"taxonomy":"product_brand","embeddable":true,"href":"https:\/\/www.crewkerz.com\/fr\/wp-json\/wp\/v2\/product_brand?post=24162"},{"taxonomy":"product_cat","embeddable":true,"href":"https:\/\/www.crewkerz.com\/fr\/wp-json\/wp\/v2\/product_cat?post=24162"},{"taxonomy":"product_tag","embeddable":true,"href":"https:\/\/www.crewkerz.com\/fr\/wp-json\/wp\/v2\/product_tag?post=24162"}],"curies":[{"name":"wp","href":"https:\/\/api.w.org\/{rel}","templated":true}]}}