{"id":24156,"date":"2022-05-06T09:49:37","date_gmt":"2022-05-06T07:49:37","guid":{"rendered":"https:\/\/www.crewkerz.com\/?post_type=product&#038;p=24156"},"modified":"2024-12-27T14:05:02","modified_gmt":"2024-12-27T13:05:02","slug":"freed-3-kid","status":"publish","type":"product","link":"https:\/\/www.crewkerz.com\/fr\/p\/freed-3-kid\/","title":{"rendered":"Freed 3 Kid"},"content":{"rendered":"<p>Le KID s\u2019adresse clairement aux jeunes trialistes. Crewkerz pense que c\u2019est un secteur que le trial doit d\u00e9velopper.<br \/>\nLes jeunes trialistes seront les trialistes de demain et c\u2019est important pour Crewkerz de les \u00e9quiper avec du mat\u00e9riel de qualit\u00e9 afin de leur montrer que le Trial est une affaire de professionnel.<\/p>\n","protected":false},"excerpt":{"rendered":"<p>Le KID s\u2019adresse clairement aux jeunes trialistes. Crewkerz pense que c\u2019est un secteur que le trial doit d\u00e9velopper. Les jeunes<\/p>\n","protected":false},"featured_media":24157,"template":"","meta":{"_acf_changed":false,"_seopress_robots_primary_cat":"","_seopress_titles_title":"","_seopress_titles_desc":"","_seopress_robots_index":""},"product_brand":[],"product_cat":[494,241,95],"product_tag":[],"class_list":{"0":"post-24156","1":"product","2":"type-product","3":"status-publish","4":"has-post-thumbnail","6":"product_cat-anciens-modeles","7":"product_cat-trial-kid","8":"product_cat-velos","10":"first","11":"instock","12":"shipping-taxable","13":"product-type-simple"},"acf":[],"_links":{"self":[{"href":"https:\/\/www.crewkerz.com\/fr\/wp-json\/wp\/v2\/product\/24156","targetHints":{"allow":["GET"]}}],"collection":[{"href":"https:\/\/www.crewkerz.com\/fr\/wp-json\/wp\/v2\/product"}],"about":[{"href":"https:\/\/www.crewkerz.com\/fr\/wp-json\/wp\/v2\/types\/product"}],"version-history":[{"count":0,"href":"https:\/\/www.crewkerz.com\/fr\/wp-json\/wp\/v2\/product\/24156\/revisions"}],"wp:featuredmedia":[{"embeddable":true,"href":"https:\/\/www.crewkerz.com\/fr\/wp-json\/wp\/v2\/media\/24157"}],"wp:attachment":[{"href":"https:\/\/www.crewkerz.com\/fr\/wp-json\/wp\/v2\/media?parent=24156"}],"wp:term":[{"taxonomy":"product_brand","embeddable":true,"href":"https:\/\/www.crewkerz.com\/fr\/wp-json\/wp\/v2\/product_brand?post=24156"},{"taxonomy":"product_cat","embeddable":true,"href":"https:\/\/www.crewkerz.com\/fr\/wp-json\/wp\/v2\/product_cat?post=24156"},{"taxonomy":"product_tag","embeddable":true,"href":"https:\/\/www.crewkerz.com\/fr\/wp-json\/wp\/v2\/product_tag?post=24156"}],"curies":[{"name":"wp","href":"https:\/\/api.w.org\/{rel}","templated":true}]}}