{"id":24131,"date":"2022-05-06T09:34:27","date_gmt":"2022-05-06T07:34:27","guid":{"rendered":"https:\/\/www.crewkerz.com\/?post_type=product&#038;p=24131"},"modified":"2024-12-27T14:05:01","modified_gmt":"2024-12-27T13:05:01","slug":"jealousy-20-pouces","status":"publish","type":"product","link":"https:\/\/www.crewkerz.com\/fr\/p\/jealousy-20-pouces\/","title":{"rendered":"Jealousy 20 pouces"},"content":{"rendered":"<p><strong>Le Jealousy 20\u00a0\u00bb reste dans la lign\u00e9e des v\u00e9los Crewkerz: Un v\u00e9lo performant, un v\u00e9lo d\u2019exception!<\/strong><\/p>\n<p>Il apporte un grand nombre d\u2019avanc\u00e9es techniques et reprend celles qui ont fait le succ\u00e8s et la r\u00e9putation de Crewkerz : Le Tapered, le standard AS30 ainsi que le tendeur et les axes traversants qui permettent d\u2019obtenir une g\u00e9om\u00e9trie fixe.<\/p>\n<p>Les nouveaux tubes hydroform\u00e9s apportent un comportement beaucoup plus dynamique, efficace, ils diminuent la latence (Le v\u00e9lo revient \u00e0 sa position z\u00e9ro\/\/originale plus rapidement).<br \/>\nLa garde au sol est optimis\u00e9e avec la nouvelle forme du tube diagonal.<\/p>\n<p>Nouvelle douille conique\/\/tapered (Jonction parfaite entre le tube diagonal et la douille).<br \/>\nCe standard permet d\u2019avoir des fourches tapered qui augmentent la pr\u00e9cision de direction, la fiabilit\u00e9 et le dynamisme sur l\u2019avant du v\u00e9lo.<\/p>\n<p>Sur cette nouvelle production, les pneus sont des OBR Gekok qui viennent am\u00e9liorer ce tr\u00e8s haut de gamme de la marque CREWKERZ.<\/p>\n","protected":false},"excerpt":{"rendered":"<p>Le Jealousy 20\u00a0\u00bb reste dans la lign\u00e9e des v\u00e9los Crewkerz: Un v\u00e9lo performant, un v\u00e9lo d\u2019exception! Il apporte un grand<\/p>\n","protected":false},"featured_media":24132,"template":"","meta":{"_acf_changed":false,"_seopress_robots_primary_cat":"","_seopress_titles_title":"","_seopress_titles_desc":"","_seopress_robots_index":""},"product_brand":[],"product_cat":[494,96,95],"product_tag":[],"class_list":{"0":"post-24131","1":"product","2":"type-product","3":"status-publish","4":"has-post-thumbnail","6":"product_cat-anciens-modeles","7":"product_cat-jealousy","8":"product_cat-velos","10":"first","11":"instock","12":"shipping-taxable","13":"product-type-simple"},"acf":[],"_links":{"self":[{"href":"https:\/\/www.crewkerz.com\/fr\/wp-json\/wp\/v2\/product\/24131","targetHints":{"allow":["GET"]}}],"collection":[{"href":"https:\/\/www.crewkerz.com\/fr\/wp-json\/wp\/v2\/product"}],"about":[{"href":"https:\/\/www.crewkerz.com\/fr\/wp-json\/wp\/v2\/types\/product"}],"version-history":[{"count":0,"href":"https:\/\/www.crewkerz.com\/fr\/wp-json\/wp\/v2\/product\/24131\/revisions"}],"wp:featuredmedia":[{"embeddable":true,"href":"https:\/\/www.crewkerz.com\/fr\/wp-json\/wp\/v2\/media\/24132"}],"wp:attachment":[{"href":"https:\/\/www.crewkerz.com\/fr\/wp-json\/wp\/v2\/media?parent=24131"}],"wp:term":[{"taxonomy":"product_brand","embeddable":true,"href":"https:\/\/www.crewkerz.com\/fr\/wp-json\/wp\/v2\/product_brand?post=24131"},{"taxonomy":"product_cat","embeddable":true,"href":"https:\/\/www.crewkerz.com\/fr\/wp-json\/wp\/v2\/product_cat?post=24131"},{"taxonomy":"product_tag","embeddable":true,"href":"https:\/\/www.crewkerz.com\/fr\/wp-json\/wp\/v2\/product_tag?post=24131"}],"curies":[{"name":"wp","href":"https:\/\/api.w.org\/{rel}","templated":true}]}}