{"id":24121,"date":"2022-05-06T09:27:25","date_gmt":"2022-05-06T07:27:25","guid":{"rendered":"https:\/\/www.crewkerz.com\/?post_type=product&#038;p=24121"},"modified":"2024-12-27T15:28:42","modified_gmt":"2024-12-27T14:28:42","slug":"cleep-2-26%e2%80%b3","status":"publish","type":"product","link":"https:\/\/www.crewkerz.com\/fr\/p\/cleep-2-26%e2%80%b3\/","title":{"rendered":"Cleep 2 26\u2033"},"content":{"rendered":"<p><strong>Apr\u00e8s le beau succ\u00e8s du Cleep, Crewkerz lance son successeur, le Cleep 2. Version encore am\u00e9lior\u00e9e et plus performante des VTT trial haut de gamme.<\/strong><\/p>\n<p><strong>Infos techniques :<\/strong><\/p>\n<p>26 \u00bb : Poids : Disc\/\/HS33 version : 8,780 Kg.<br \/>\n26\u2033 : Poids : HS\/\/HS33 version : 8,700 Kg.<\/p>\n<p><strong>3 Tailles disponibles pour 26 \u00bb :<\/strong><br \/>\nS : 1070 380 +55 72\u00b0. La taille S garde la d\u00e9co 2013<br \/>\nM : 1080 380 +65 72\u00b0.<br \/>\nL : 1090 380 +65 72\u00b0.<\/p>\n<p>1 an de garantie.<\/p>\n","protected":false},"excerpt":{"rendered":"<p>Apr\u00e8s le beau succ\u00e8s du Cleep, Crewkerz lance son successeur, le Cleep 2. Version encore am\u00e9lior\u00e9e et plus performante des<\/p>\n","protected":false},"featured_media":24122,"template":"","meta":{"_acf_changed":false,"_seopress_robots_primary_cat":"","_seopress_titles_title":"","_seopress_titles_desc":"","_seopress_robots_index":""},"product_brand":[],"product_cat":[494,95],"product_tag":[],"class_list":{"0":"post-24121","1":"product","2":"type-product","3":"status-publish","4":"has-post-thumbnail","6":"product_cat-anciens-modeles","7":"product_cat-velos","9":"first","10":"instock","11":"shipping-taxable","12":"product-type-simple"},"acf":[],"_links":{"self":[{"href":"https:\/\/www.crewkerz.com\/fr\/wp-json\/wp\/v2\/product\/24121","targetHints":{"allow":["GET"]}}],"collection":[{"href":"https:\/\/www.crewkerz.com\/fr\/wp-json\/wp\/v2\/product"}],"about":[{"href":"https:\/\/www.crewkerz.com\/fr\/wp-json\/wp\/v2\/types\/product"}],"version-history":[{"count":0,"href":"https:\/\/www.crewkerz.com\/fr\/wp-json\/wp\/v2\/product\/24121\/revisions"}],"wp:featuredmedia":[{"embeddable":true,"href":"https:\/\/www.crewkerz.com\/fr\/wp-json\/wp\/v2\/media\/24122"}],"wp:attachment":[{"href":"https:\/\/www.crewkerz.com\/fr\/wp-json\/wp\/v2\/media?parent=24121"}],"wp:term":[{"taxonomy":"product_brand","embeddable":true,"href":"https:\/\/www.crewkerz.com\/fr\/wp-json\/wp\/v2\/product_brand?post=24121"},{"taxonomy":"product_cat","embeddable":true,"href":"https:\/\/www.crewkerz.com\/fr\/wp-json\/wp\/v2\/product_cat?post=24121"},{"taxonomy":"product_tag","embeddable":true,"href":"https:\/\/www.crewkerz.com\/fr\/wp-json\/wp\/v2\/product_tag?post=24121"}],"curies":[{"name":"wp","href":"https:\/\/api.w.org\/{rel}","templated":true}]}}