{"id":24111,"date":"2022-05-06T09:24:09","date_gmt":"2022-05-06T07:24:09","guid":{"rendered":"https:\/\/www.crewkerz.com\/?post_type=product&#038;p=24111"},"modified":"2024-12-27T15:28:45","modified_gmt":"2024-12-27T14:28:45","slug":"cleep-2-20%e2%80%b3","status":"publish","type":"product","link":"https:\/\/www.crewkerz.com\/fr\/p\/cleep-2-20%e2%80%b3\/","title":{"rendered":"Cleep 2 20\u2033"},"content":{"rendered":"<p><strong>Apr\u00e8s le succ\u00e8s du Cleep 1, qui d\u2019ailleurs n\u2019avait pas eu de petit fr\u00e8re, Crewkerz lance un 20 pouces qui accompagne le mod\u00e8le 26 pouces de la deuxi\u00e8me mouture du Cleep tant pl\u00e9biscit\u00e9 !<\/strong><\/p>\n<p>1 an de garantie.<\/p>\n","protected":false},"excerpt":{"rendered":"<p>Apr\u00e8s le succ\u00e8s du Cleep 1, qui d\u2019ailleurs n\u2019avait pas eu de petit fr\u00e8re, Crewkerz lance un 20 pouces qui<\/p>\n","protected":false},"featured_media":24112,"template":"","meta":{"_acf_changed":false,"_seopress_robots_primary_cat":"","_seopress_titles_title":"","_seopress_titles_desc":"","_seopress_robots_index":""},"product_brand":[],"product_cat":[494,95],"product_tag":[],"class_list":{"0":"post-24111","1":"product","2":"type-product","3":"status-publish","4":"has-post-thumbnail","6":"product_cat-anciens-modeles","7":"product_cat-velos","9":"first","10":"instock","11":"shipping-taxable","12":"product-type-simple"},"acf":[],"_links":{"self":[{"href":"https:\/\/www.crewkerz.com\/fr\/wp-json\/wp\/v2\/product\/24111","targetHints":{"allow":["GET"]}}],"collection":[{"href":"https:\/\/www.crewkerz.com\/fr\/wp-json\/wp\/v2\/product"}],"about":[{"href":"https:\/\/www.crewkerz.com\/fr\/wp-json\/wp\/v2\/types\/product"}],"version-history":[{"count":0,"href":"https:\/\/www.crewkerz.com\/fr\/wp-json\/wp\/v2\/product\/24111\/revisions"}],"wp:featuredmedia":[{"embeddable":true,"href":"https:\/\/www.crewkerz.com\/fr\/wp-json\/wp\/v2\/media\/24112"}],"wp:attachment":[{"href":"https:\/\/www.crewkerz.com\/fr\/wp-json\/wp\/v2\/media?parent=24111"}],"wp:term":[{"taxonomy":"product_brand","embeddable":true,"href":"https:\/\/www.crewkerz.com\/fr\/wp-json\/wp\/v2\/product_brand?post=24111"},{"taxonomy":"product_cat","embeddable":true,"href":"https:\/\/www.crewkerz.com\/fr\/wp-json\/wp\/v2\/product_cat?post=24111"},{"taxonomy":"product_tag","embeddable":true,"href":"https:\/\/www.crewkerz.com\/fr\/wp-json\/wp\/v2\/product_tag?post=24111"}],"curies":[{"name":"wp","href":"https:\/\/api.w.org\/{rel}","templated":true}]}}