{"id":23534,"date":"2022-10-11T14:33:06","date_gmt":"2022-10-11T12:33:06","guid":{"rendered":"https:\/\/www.crewkerz.com\/p\/pantalon-crewkerz-gris\/"},"modified":"2024-12-27T14:26:05","modified_gmt":"2024-12-27T13:26:05","slug":"pantalon-crewkerz-gris","status":"publish","type":"product","link":"https:\/\/www.crewkerz.com\/fr\/p\/pantalon-crewkerz-gris\/","title":{"rendered":"Pantalon Crewkerz Gris"},"content":{"rendered":"<p>Bas de jogging CREWKERZ Gris avec logo noir. Mod\u00e8le adulte mixte. Coupe ajust\u00e9e resserr\u00e9e en bas, poche nipp\u00e9e \u00e0 l&rsquo;arri\u00e8re.<br \/>\nDisponible de la taille S \u00e0 XL<\/p>\n","protected":false},"excerpt":{"rendered":"<p>Pantalon Crewkerz Gris<\/p>\n","protected":false},"featured_media":21908,"template":"","meta":{"_acf_changed":false,"_seopress_robots_primary_cat":"","_seopress_titles_title":"","_seopress_titles_desc":"","_seopress_robots_index":""},"product_brand":[],"product_cat":[267,249],"product_tag":[],"class_list":{"0":"post-23534","1":"product","2":"type-product","3":"status-publish","4":"has-post-thumbnail","6":"product_cat-pantalons","7":"product_cat-textile","9":"first","10":"instock","11":"shipping-taxable","12":"product-type-variable"},"acf":[],"_links":{"self":[{"href":"https:\/\/www.crewkerz.com\/fr\/wp-json\/wp\/v2\/product\/23534","targetHints":{"allow":["GET"]}}],"collection":[{"href":"https:\/\/www.crewkerz.com\/fr\/wp-json\/wp\/v2\/product"}],"about":[{"href":"https:\/\/www.crewkerz.com\/fr\/wp-json\/wp\/v2\/types\/product"}],"version-history":[{"count":0,"href":"https:\/\/www.crewkerz.com\/fr\/wp-json\/wp\/v2\/product\/23534\/revisions"}],"wp:featuredmedia":[{"embeddable":true,"href":"https:\/\/www.crewkerz.com\/fr\/wp-json\/wp\/v2\/media\/21908"}],"wp:attachment":[{"href":"https:\/\/www.crewkerz.com\/fr\/wp-json\/wp\/v2\/media?parent=23534"}],"wp:term":[{"taxonomy":"product_brand","embeddable":true,"href":"https:\/\/www.crewkerz.com\/fr\/wp-json\/wp\/v2\/product_brand?post=23534"},{"taxonomy":"product_cat","embeddable":true,"href":"https:\/\/www.crewkerz.com\/fr\/wp-json\/wp\/v2\/product_cat?post=23534"},{"taxonomy":"product_tag","embeddable":true,"href":"https:\/\/www.crewkerz.com\/fr\/wp-json\/wp\/v2\/product_tag?post=23534"}],"curies":[{"name":"wp","href":"https:\/\/api.w.org\/{rel}","templated":true}]}}