{"id":23495,"date":"2022-10-11T14:31:37","date_gmt":"2022-10-11T12:31:37","guid":{"rendered":"https:\/\/www.crewkerz.com\/p\/velo-crewkerz-guilty-24-kaki\/"},"modified":"2025-08-25T19:59:16","modified_gmt":"2025-08-25T17:59:16","slug":"velo-crewkerz-guilty-24-kaki","status":"publish","type":"product","link":"https:\/\/www.crewkerz.com\/fr\/p\/velo-crewkerz-guilty-24-kaki\/","title":{"rendered":"Velo Crewkerz Guilty 24\u00a0\u00bb Kaki"},"content":{"rendered":"<p>Coupable de ne pas avoir \u00e9t\u00e9 l\u00e0 bien avant, Coupable de ne pas l\u2019avoir entre vos mains, Coupable de ressentir des \u00e9motions fortes, Coupable d\u2019avoir un design in\u00e9dit, Coupable de d\u00e9livrer un niveau de performance in\u00e9gal\u00e9, Coupable de proposer un tel niveau de qualit\u00e9, Coupable de b\u00e9n\u00e9ficier de toutes les innovations d\u2019une marque multiples fois championne du Monde de Trial, Coupable de profiter de son exp\u00e9rience de VTT Street Trial dans le groupe, Coupable si vous ne choisissez pas le nouveau Crewkerz Guilty, V\u00e9lo Street Trial de nouvelle g\u00e9n\u00e9ration.<\/p>\n<p style=\"margin: 0px; text-align: justify; font-stretch: normal; line-height: normal;\">Le\u00a0Crewkerz Guilty est un v\u00e9lo \u00e9tudi\u00e9 initialement pour le V\u00e9lo Street Trial avec des composants haut de gamme.\u00a0 Les d\u00e9butants seront \u00e9galement ravis gr\u00e2ce \u00e0 sa g\u00e9om\u00e9trie Street polyvalente, performant et accessible. Tous les pratiquants du VTT et du BMX seront s\u00e9duits par ses possibilit\u00e9s de franchissement et de tricks sans limites.<\/p>\n<p>&nbsp;<\/p>\n<p style=\"margin: 0px; text-align: justify; font-stretch: normal; line-height: normal;\">Le cadre et la fourche sont en aluminium. Le choix de l\u2019aluminium avec ses propri\u00e9t\u00e9s de rigidit\u00e9 et l\u00e9g\u00e8ret\u00e9, d\u00e9livre un niveau de pr\u00e9cision et de performance important, primordial dans la pratique du VTT Street Trial.<\/p>\n<p>&nbsp;<\/p>\n<p style=\"margin: 0px; text-align: justify; font-stretch: normal; line-height: normal;\">Point essentiel dans le monde de la maniabilit\u00e9, Le Guilty b\u00e9n\u00e9fice de montage freins hydrauliques Post-Mount avec 3 versions\u00a0: sans frein, Magura MT7 HC3 ou Hope Tech 3. Ces 2 derni\u00e8res options assurent un niveau de freinage optimum. Les diff\u00e9rences reposent sur le toucher, la progressivit\u00e9, le point d\u2019attaque des plaquettes, la cin\u00e9matique des leviers ou votre propre choix. A chacun son style \u00e0 chacun son frein. D\u2019ailleurs, l\u2019ensemble des composants sont choisis pour leur efficacit\u00e9 dans cette pratique.<\/p>\n<p>&nbsp;<\/p>\n<p style=\"margin: 0px; text-align: justify; font-stretch: normal; line-height: normal;\">Les nouveaut\u00e9s du Guilty :<\/p>\n<p style=\"margin: 0px; text-align: justify; font-stretch: normal; line-height: normal;\">&#8211; Couleurs\u00a0: Kaki ou Bleu Navy<\/p>\n<p style=\"margin: 0px; text-align: justify; font-stretch: normal; line-height: normal;\">&#8211; Cadre aluminium hydroform\u00e9 pour nervosit\u00e9, r\u00e9activit\u00e9 et gain de poids<\/p>\n<p style=\"margin: 0px; text-align: justify; font-stretch: normal; line-height: normal;\">&#8211; Axe traversant avant 15 mm<\/p>\n<p style=\"margin: 0px; text-align: justify; font-stretch: normal; line-height: normal;\">&#8211; Axe traversant arri\u00e8re 12 mm<\/p>\n<p style=\"margin: 0px; text-align: justify; font-stretch: normal; line-height: normal;\">&#8211; Tendeur de chaine pour un alignement parfait de la chaine<\/p>\n<p style=\"margin: 0px; text-align: justify; font-stretch: normal; line-height: normal;\">&#8211; Jeu de direction Tapered<\/p>\n<p style=\"margin: 0px; text-align: justify; font-stretch: normal; line-height: normal;\">&#8211; Freins Magura MT7 HC3 ou Hope Tech3 en Postmount en 180mm<\/p>\n<p style=\"margin: 0px; text-align: justify; font-stretch: normal; line-height: normal;\">&#8211; Roues Sp\u00e9ciales Guilty \u00e9dition 32H avec roue libre sur le moyeu arri\u00e8re et axe de 15 mm \u00e0 l&rsquo;avant<\/p>\n<p style=\"margin: 0px; text-align: justify; font-stretch: normal; line-height: normal;\">&#8211; P\u00e9dalier AS30 en 170 mm pour rigidit\u00e9, efficacit\u00e9 et facilit\u00e9 de montage.<\/p>\n<p>&nbsp;<\/p>\n<p style=\"margin: 0px; text-align: justify; font-stretch: normal; line-height: normal;\">Pour rappel, le VTT Street Trial (ou V\u00e9lo Street Trial) est une discipline du monde du v\u00e9lo sportif urbain, \u00e0 la fois ludique et freestyle permettant aussi bien de progresser en maniabilit\u00e9 qu\u2019en style. Excellente passerelle entre le monde du VTT XC, Enduro et DH et le monde du VTT Trial, cette discipline est un v\u00e9ritable fournisseur de plaisir et de progression. Aussi bien \u00e0 l\u2019aise sur des modules urbains, skatepark, bikepark que sur une pumptrack, ce v\u00e9lo est le roi dans l\u2019environnement urbain.<\/p>\n<p>&nbsp;<\/p>\n","protected":false},"excerpt":{"rendered":"<p>Velo Crewkerz Guilty 24\u00a0\u00bb Kaki<\/p>\n","protected":false},"featured_media":21630,"template":"","meta":{"_acf_changed":false,"_seopress_robots_primary_cat":"","_seopress_titles_title":"","_seopress_titles_desc":"","_seopress_robots_index":""},"product_brand":[],"product_cat":[104,1345,268,95],"product_tag":[],"class_list":{"0":"post-23495","1":"product","2":"type-product","3":"status-publish","4":"has-post-thumbnail","6":"product_cat-guilty","7":"product_cat-street","8":"product_cat-street-24","9":"product_cat-velos","11":"first","12":"instock","13":"shipping-taxable","14":"product-type-variable"},"acf":[],"_links":{"self":[{"href":"https:\/\/www.crewkerz.com\/fr\/wp-json\/wp\/v2\/product\/23495","targetHints":{"allow":["GET"]}}],"collection":[{"href":"https:\/\/www.crewkerz.com\/fr\/wp-json\/wp\/v2\/product"}],"about":[{"href":"https:\/\/www.crewkerz.com\/fr\/wp-json\/wp\/v2\/types\/product"}],"version-history":[{"count":1,"href":"https:\/\/www.crewkerz.com\/fr\/wp-json\/wp\/v2\/product\/23495\/revisions"}],"predecessor-version":[{"id":34984,"href":"https:\/\/www.crewkerz.com\/fr\/wp-json\/wp\/v2\/product\/23495\/revisions\/34984"}],"wp:featuredmedia":[{"embeddable":true,"href":"https:\/\/www.crewkerz.com\/fr\/wp-json\/wp\/v2\/media\/21630"}],"wp:attachment":[{"href":"https:\/\/www.crewkerz.com\/fr\/wp-json\/wp\/v2\/media?parent=23495"}],"wp:term":[{"taxonomy":"product_brand","embeddable":true,"href":"https:\/\/www.crewkerz.com\/fr\/wp-json\/wp\/v2\/product_brand?post=23495"},{"taxonomy":"product_cat","embeddable":true,"href":"https:\/\/www.crewkerz.com\/fr\/wp-json\/wp\/v2\/product_cat?post=23495"},{"taxonomy":"product_tag","embeddable":true,"href":"https:\/\/www.crewkerz.com\/fr\/wp-json\/wp\/v2\/product_tag?post=23495"}],"curies":[{"name":"wp","href":"https:\/\/api.w.org\/{rel}","templated":true}]}}