{"id":23402,"date":"2022-03-17T15:29:59","date_gmt":"2022-03-17T14:29:59","guid":{"rendered":"https:\/\/www.crewkerz.com\/p\/jealousy-ultimate-26-full-hs33-s-m-l\/"},"modified":"2024-12-27T14:33:35","modified_gmt":"2024-12-27T13:33:35","slug":"jealousy-ultimate-26-full-hs33-s-m-l","status":"publish","type":"product","link":"https:\/\/www.crewkerz.com\/fr\/p\/jealousy-ultimate-26-full-hs33-s-m-l\/","title":{"rendered":"Jealousy Ultimate 26\u00a0\u00bb Full Hs33 S-M-L"},"content":{"rendered":"<p><span style=\"vertical-align: inherit;\"><span style=\"vertical-align: inherit;\">Le Jealousy Ultimate 26\u2033 derni\u00e8re g\u00e9n\u00e9ration Quintuple Champion du Monde avec Jack Carthy et Oliver Widmann reste dans la lign\u00e9e des v\u00e9los Crewkerz : Un v\u00e9lo performant, un v\u00e9lo d\u2019exception !<\/span><\/span><\/p>\n<p><span style=\"vertical-align: inherit;\"><span style=\"vertical-align: inherit;\">Le cadre reste en alu bross\u00e9 \u00e0 la main mais vernis mat ! Uniquement disponible en version v\u00e9lo complet pour cette s\u00e9rie ultra-limit\u00e9e.<\/span><\/span><\/p>\n<p><span style=\"vertical-align: inherit;\"><span style=\"vertical-align: inherit;\">Le Jealousy apporte un grand nombre d\u2019avanc\u00e9es techniques et reprend celles qui ont fait le succ\u00e8s et la r\u00e9putation de Crewkerz : Le Tapered, le standard AS30 ainsi que le tendeur et les axes traversant qui permettent notamment d\u2019obtenir une g\u00e9om\u00e9trie fixe et apportent une nervosit\u00e9 necessaire pour aller plus haut.<\/span><\/span><\/p>\n<p>Ce mod\u00e8le est \u00e9quip\u00e9 d&rsquo;une s\u00e9rie ultra-limit\u00e9e de tubes hydroform\u00e9s qui apportent un comportement beaucoup plus dynamique et efficace. La garde au sol a \u00e9t\u00e9 optimis\u00e9e avec la nouvelle forme du tube diagonal. Sur cette nouvelle g\u00e9n\u00e9ration, l&rsquo;\u00e9paisseur des tubes a \u00e9t\u00e9 ajust\u00e9e pour apporter une plus grande fiabilit\u00e9 et une meilleure restitution de l&rsquo;\u00e9nergie.<\/p>\n<p>De plus, elle est \u00e9quip\u00e9e de l&rsquo;\u00e9trier sup\u00e9rieur ATS (Anti Torsion System) qui augmente consid\u00e9rablement la puissance de freinage en r\u00e9duisant la torsion des haubans. Enfin, elle int\u00e8gre une nouvelle douille conique (jonction parfaite entre le tube diagonal et les douilles). Cette norme permet d&rsquo;obtenir des fourches coniques qui augmentent la pr\u00e9cision de la direction, la fiabilit\u00e9 et le dynamisme \u00e0 l&rsquo;avant du v\u00e9lo.<\/p>\n<p>Sur cette nouvelle production 2022, Les nouveaux cintre carbone WAW Ultimate disponible en 102 mm et 108 mm de riseup, la potence Ultimate, et la fourche carbone Ultimate arboreront une nouvelle d\u00e9co plus sobre.<\/p>\n<p>Toujours le nouveau yoke afin d&rsquo;optimiser la nervosit\u00e9 et fiabilit\u00e9 de ce cadre necessaire au Trial moderne.<\/p>\n<p>Le p\u00e9dalier WAW, offre lui un gain de poids et une nervosit\u00e9 accrue gr\u00e2ce au nouveau proc\u00e9d\u00e9 de fabrication pour l\u2019axe et les manivelles, ainsi que la suppression des angles vifs pour \u00e9pargner nos mall\u00e9oles !<\/p>\n<p>Le Jealousy Ultimate 26\u00a0\u00bb Full Hs33 est l&rsquo;un de nos v\u00e9los les plus vendus depuis des ann\u00e9es. Sur ce v\u00e9lo vous b\u00e9n\u00e9ficierez \u00e9galement de la d\u00e9co exclusive des deux champions du monde, de la fourche carbone WAW Ultimate, des freins Trialtech Carthy Signature 2022, du guidon carbone WAW Ultimate et les roues sont d\u00e9sormais mont\u00e9es avec les incontournables jantes Hashtagg pour gagner du poids, de la surface et de la puissance de freinage. Que de la tr\u00e8s haute performance et du tr\u00e8s haut de gamme !<\/p>\n","protected":false},"excerpt":{"rendered":"<p>Jealousy Ultimate 26\u00a0\u00bb Full Hs33 S-M-L<\/p>\n","protected":false},"featured_media":22703,"template":"","meta":{"_acf_changed":false,"_seopress_robots_primary_cat":"","_seopress_titles_title":"","_seopress_titles_desc":"","_seopress_robots_index":""},"product_brand":[],"product_cat":[494,96,238,95],"product_tag":[],"class_list":{"0":"post-23402","1":"product","2":"type-product","3":"status-publish","4":"has-post-thumbnail","6":"product_cat-anciens-modeles","7":"product_cat-jealousy","8":"product_cat-trial-26","9":"product_cat-velos","10":"pa_taille-velo-l","11":"pa_taille-velo-m","12":"pa_taille-velo-s","14":"first","15":"instock","16":"shipping-taxable","17":"product-type-variable"},"acf":[],"_links":{"self":[{"href":"https:\/\/www.crewkerz.com\/fr\/wp-json\/wp\/v2\/product\/23402","targetHints":{"allow":["GET"]}}],"collection":[{"href":"https:\/\/www.crewkerz.com\/fr\/wp-json\/wp\/v2\/product"}],"about":[{"href":"https:\/\/www.crewkerz.com\/fr\/wp-json\/wp\/v2\/types\/product"}],"version-history":[{"count":0,"href":"https:\/\/www.crewkerz.com\/fr\/wp-json\/wp\/v2\/product\/23402\/revisions"}],"wp:featuredmedia":[{"embeddable":true,"href":"https:\/\/www.crewkerz.com\/fr\/wp-json\/wp\/v2\/media\/22703"}],"wp:attachment":[{"href":"https:\/\/www.crewkerz.com\/fr\/wp-json\/wp\/v2\/media?parent=23402"}],"wp:term":[{"taxonomy":"product_brand","embeddable":true,"href":"https:\/\/www.crewkerz.com\/fr\/wp-json\/wp\/v2\/product_brand?post=23402"},{"taxonomy":"product_cat","embeddable":true,"href":"https:\/\/www.crewkerz.com\/fr\/wp-json\/wp\/v2\/product_cat?post=23402"},{"taxonomy":"product_tag","embeddable":true,"href":"https:\/\/www.crewkerz.com\/fr\/wp-json\/wp\/v2\/product_tag?post=23402"}],"curies":[{"name":"wp","href":"https:\/\/api.w.org\/{rel}","templated":true}]}}