{"id":23399,"date":"2022-03-17T15:29:53","date_gmt":"2022-03-17T14:29:53","guid":{"rendered":"https:\/\/www.crewkerz.com\/p\/jealousy-ultimate-26-hs-disc-s-m-l\/"},"modified":"2024-12-27T14:33:39","modified_gmt":"2024-12-27T13:33:39","slug":"jealousy-ultimate-26-hs-disc-s-m-l","status":"publish","type":"product","link":"https:\/\/www.crewkerz.com\/fr\/p\/jealousy-ultimate-26-hs-disc-s-m-l\/","title":{"rendered":"Jealousy Ultimate 26\u00a0\u00bb Hs\/Disc S-M-l"},"content":{"rendered":"<p>Le Jealousy Ultimate 26&Prime; est le quintuple champion du monde avec Jack Carthy et Oliver Widmann. Il reste dans la lign\u00e9e des v\u00e9los Crewkerz : un v\u00e9lo performant, un v\u00e9lo d&rsquo;exception ! Le cadre est r\u00e9alis\u00e9 en aluminium bross\u00e9 \u00e0 la main et en verni mat. La seule version disponible en tant que v\u00e9lo complet pour cette s\u00e9rie ultra-limit\u00e9e.<\/p>\n<p><span style=\"vertical-align: inherit;\">Le Jealousy apporte un grand nombre d\u2019avanc\u00e9es techniques et reprend celles qui ont fait le succ\u00e8s et la r\u00e9putation de Crewkerz : Le Tapered, le standard AS30 ainsi que le tendeur et les axes traversant qui permettent notamment d\u2019obtenir une g\u00e9om\u00e9trie fixe et apportent une nervosit\u00e9 necessaire pour aller plus haut.<\/span><\/p>\n<p>Les tubes hydroform\u00e9s apportent un comportement beaucoup plus dynamique, efficace, ils diminuent la latence (Le v\u00e9lo revient \u00e0 sa position z\u00e9ro\/\/originale plus rapidement). La garde au sol est optimis\u00e9e avec la nouvelle forme du tube diagonal. Su cette nouvelle g\u00e9n\u00e9ration, les \u00e9paisseurs de tubes ont \u00e9t\u00e9 ajust\u00e9s afin d&rsquo;apporter une plus grande fiabilit\u00e9 et une meilleure restitution d&rsquo;\u00e9nergie.<\/p>\n<p>Nouveau top yoke ATS (Anti Torsion System) qui augmente consid\u00e9rablement la puissance de freinage en diminuant la torsion des haubans.<\/p>\n<p>Nouvelle douille conique\/\/tapered (Jonction parfaite entre le tube diagonal et la douille). Ce standard permet d\u2019avoir des fourches tapered qui augmentent la pr\u00e9cision de direction, la fiabilit\u00e9 et le dynamisme sur l\u2019avant du v\u00e9lo.<\/p>\n<p>Le nouveau cintre carbone WAW Ultimate disponible en 102mm et 108 mm de hauteur, la potence Ultimate, et la fourche carbone Ultimate auront une nouvelle d\u00e9coration plus sobre. Le p\u00e9dalier WAW offre un gain de poids et une nervosit\u00e9 accrue gr\u00e2ce au nouveau proc\u00e9d\u00e9 de fabrication de l&rsquo;axe et des manivelles, ainsi que la suppression des angles vifs pour \u00e9pargner nos mall\u00e9oles !<\/p>\n<p>Vous b\u00e9n\u00e9ficierez \u00e9galement de la d\u00e9co exclusive de deux champions du monde, la fourche carbone WAW Ultimate, les freins Trialtech Carthy Signature 2022 et les roues mont\u00e9es avec des jantes Hashtagg pour gagner en poids et en puissance de freinage.<\/p>\n","protected":false},"excerpt":{"rendered":"<p>Jealousy Ultimate 26\u00a0\u00bb Hs\/Disc S-M-l<\/p>\n","protected":false},"featured_media":22693,"template":"","meta":{"_acf_changed":false,"_seopress_robots_primary_cat":"","_seopress_titles_title":"","_seopress_titles_desc":"","_seopress_robots_index":""},"product_brand":[],"product_cat":[494,96,238,95],"product_tag":[],"class_list":{"0":"post-23399","1":"product","2":"type-product","3":"status-publish","4":"has-post-thumbnail","6":"product_cat-anciens-modeles","7":"product_cat-jealousy","8":"product_cat-trial-26","9":"product_cat-velos","10":"pa_taille-velo-l","11":"pa_taille-velo-m","12":"pa_taille-velo-s","14":"first","15":"instock","16":"shipping-taxable","17":"product-type-variable"},"acf":[],"_links":{"self":[{"href":"https:\/\/www.crewkerz.com\/fr\/wp-json\/wp\/v2\/product\/23399","targetHints":{"allow":["GET"]}}],"collection":[{"href":"https:\/\/www.crewkerz.com\/fr\/wp-json\/wp\/v2\/product"}],"about":[{"href":"https:\/\/www.crewkerz.com\/fr\/wp-json\/wp\/v2\/types\/product"}],"version-history":[{"count":0,"href":"https:\/\/www.crewkerz.com\/fr\/wp-json\/wp\/v2\/product\/23399\/revisions"}],"wp:featuredmedia":[{"embeddable":true,"href":"https:\/\/www.crewkerz.com\/fr\/wp-json\/wp\/v2\/media\/22693"}],"wp:attachment":[{"href":"https:\/\/www.crewkerz.com\/fr\/wp-json\/wp\/v2\/media?parent=23399"}],"wp:term":[{"taxonomy":"product_brand","embeddable":true,"href":"https:\/\/www.crewkerz.com\/fr\/wp-json\/wp\/v2\/product_brand?post=23399"},{"taxonomy":"product_cat","embeddable":true,"href":"https:\/\/www.crewkerz.com\/fr\/wp-json\/wp\/v2\/product_cat?post=23399"},{"taxonomy":"product_tag","embeddable":true,"href":"https:\/\/www.crewkerz.com\/fr\/wp-json\/wp\/v2\/product_tag?post=23399"}],"curies":[{"name":"wp","href":"https:\/\/api.w.org\/{rel}","templated":true}]}}