{"id":23393,"date":"2022-03-17T15:29:40","date_gmt":"2022-03-17T14:29:40","guid":{"rendered":"https:\/\/www.crewkerz.com\/p\/short-race-adulte-crewkerz-blanc-noir\/"},"modified":"2024-12-27T14:25:51","modified_gmt":"2024-12-27T13:25:51","slug":"short-race-adulte-crewkerz-blanc-noir","status":"publish","type":"product","link":"https:\/\/www.crewkerz.com\/fr\/p\/short-race-adulte-crewkerz-blanc-noir\/","title":{"rendered":"Short Race Adulte Crewkerz Blanc &#038; Noir"},"content":{"rendered":"<p>Le Short Race Adulte Crewkerz Blanc &amp; Noir est\u00a0 unique et original. Il vous offre le maximum de confort et d&rsquo;ajustement, ainsi que le bon niveau de performance. Il est fait d&rsquo;un fil sp\u00e9cial respirant et confortable \u00e0 porter, tandis que la coupe classique vous permet de bouger librement. Avec une vari\u00e9t\u00e9 de mod\u00e8les et de couleurs diff\u00e9rents, vous pouvez trouver celui qui vous convient le mieux !<br \/>\n&#8211; QUALIT\u00c9 : Notre \u00e9quipe a cr\u00e9\u00e9 un produit qui offre le meilleur niveau de confort, d&rsquo;ajustement et de performance pour chaque cycliste.<br \/>\n&#8211; PERFORMANCE : Le Short Race Adulte Crewkerz a \u00e9t\u00e9 con\u00e7u pour offrir une libert\u00e9 de mouvement optimale \u00e0 chaque rider.<br \/>\n&#8211; POLYVALENT : C&rsquo;est un sous-v\u00eatement qui peut \u00eatre utilis\u00e9 aussi bien \u00e0 l&rsquo;entra\u00eenement qu&rsquo;en comp\u00e9tition, sans affecter vos performances ni votre confort.<\/p>\n","protected":false},"excerpt":{"rendered":"<p>Short Race Adulte Crewkerz Blanc &amp; Noir<\/p>\n","protected":false},"featured_media":22662,"template":"","meta":{"_acf_changed":false,"_seopress_robots_primary_cat":"","_seopress_titles_title":"","_seopress_titles_desc":"","_seopress_robots_index":""},"product_brand":[],"product_cat":[271,249],"product_tag":[],"class_list":{"0":"post-23393","1":"product","2":"type-product","3":"status-publish","4":"has-post-thumbnail","6":"product_cat-shorts","7":"product_cat-textile","8":"pa_taille-adulte-l-34","9":"pa_taille-adulte-m-32","10":"pa_taille-adulte-s-30","11":"pa_taille-adulte-xl-36","13":"first","14":"instock","15":"shipping-taxable","16":"product-type-variable"},"acf":[],"_links":{"self":[{"href":"https:\/\/www.crewkerz.com\/fr\/wp-json\/wp\/v2\/product\/23393","targetHints":{"allow":["GET"]}}],"collection":[{"href":"https:\/\/www.crewkerz.com\/fr\/wp-json\/wp\/v2\/product"}],"about":[{"href":"https:\/\/www.crewkerz.com\/fr\/wp-json\/wp\/v2\/types\/product"}],"version-history":[{"count":0,"href":"https:\/\/www.crewkerz.com\/fr\/wp-json\/wp\/v2\/product\/23393\/revisions"}],"wp:featuredmedia":[{"embeddable":true,"href":"https:\/\/www.crewkerz.com\/fr\/wp-json\/wp\/v2\/media\/22662"}],"wp:attachment":[{"href":"https:\/\/www.crewkerz.com\/fr\/wp-json\/wp\/v2\/media?parent=23393"}],"wp:term":[{"taxonomy":"product_brand","embeddable":true,"href":"https:\/\/www.crewkerz.com\/fr\/wp-json\/wp\/v2\/product_brand?post=23393"},{"taxonomy":"product_cat","embeddable":true,"href":"https:\/\/www.crewkerz.com\/fr\/wp-json\/wp\/v2\/product_cat?post=23393"},{"taxonomy":"product_tag","embeddable":true,"href":"https:\/\/www.crewkerz.com\/fr\/wp-json\/wp\/v2\/product_tag?post=23393"}],"curies":[{"name":"wp","href":"https:\/\/api.w.org\/{rel}","templated":true}]}}