{"id":23368,"date":"2022-03-17T15:28:54","date_gmt":"2022-03-17T14:28:54","guid":{"rendered":"https:\/\/www.crewkerz.com\/p\/short-race-adulte-crewkerz-black\/"},"modified":"2024-12-27T14:26:40","modified_gmt":"2024-12-27T13:26:40","slug":"short-race-adulte-crewkerz-black","status":"publish","type":"product","link":"https:\/\/www.crewkerz.com\/fr\/p\/short-race-adulte-crewkerz-black\/","title":{"rendered":"Short Race Adulte Crewkerz Black"},"content":{"rendered":"<p>Short technique CREWKERZ noir, port\u00e9 par le team CREWKERZ sur les comp\u00e9titions.<br \/>\nTissu respirant et resistant, coupe sp\u00e9cifique au trial pour un confort optimis\u00e9. 3 poches. Serrage \u00e0 la taille.<br \/>\nDisponible de la taille XS \u00e0 XL.<\/p>\n","protected":false},"excerpt":{"rendered":"<p>Short Race Adulte Crewkerz Black<\/p>\n","protected":false},"featured_media":22523,"template":"","meta":{"_acf_changed":false,"_seopress_robots_primary_cat":"","_seopress_titles_title":"","_seopress_titles_desc":"","_seopress_robots_index":""},"product_brand":[],"product_cat":[271,249],"product_tag":[],"class_list":{"0":"post-23368","1":"product","2":"type-product","3":"status-publish","4":"has-post-thumbnail","6":"product_cat-shorts","7":"product_cat-textile","8":"pa_taille-adulte-l","9":"pa_taille-adulte-m","10":"pa_taille-adulte-s","11":"pa_taille-adulte-xl","12":"pa_taille-adulte-xs","14":"first","15":"instock","16":"shipping-taxable","17":"product-type-variable"},"acf":[],"_links":{"self":[{"href":"https:\/\/www.crewkerz.com\/fr\/wp-json\/wp\/v2\/product\/23368","targetHints":{"allow":["GET"]}}],"collection":[{"href":"https:\/\/www.crewkerz.com\/fr\/wp-json\/wp\/v2\/product"}],"about":[{"href":"https:\/\/www.crewkerz.com\/fr\/wp-json\/wp\/v2\/types\/product"}],"version-history":[{"count":0,"href":"https:\/\/www.crewkerz.com\/fr\/wp-json\/wp\/v2\/product\/23368\/revisions"}],"wp:featuredmedia":[{"embeddable":true,"href":"https:\/\/www.crewkerz.com\/fr\/wp-json\/wp\/v2\/media\/22523"}],"wp:attachment":[{"href":"https:\/\/www.crewkerz.com\/fr\/wp-json\/wp\/v2\/media?parent=23368"}],"wp:term":[{"taxonomy":"product_brand","embeddable":true,"href":"https:\/\/www.crewkerz.com\/fr\/wp-json\/wp\/v2\/product_brand?post=23368"},{"taxonomy":"product_cat","embeddable":true,"href":"https:\/\/www.crewkerz.com\/fr\/wp-json\/wp\/v2\/product_cat?post=23368"},{"taxonomy":"product_tag","embeddable":true,"href":"https:\/\/www.crewkerz.com\/fr\/wp-json\/wp\/v2\/product_tag?post=23368"}],"curies":[{"name":"wp","href":"https:\/\/api.w.org\/{rel}","templated":true}]}}