{"id":23109,"date":"2022-10-11T14:35:07","date_gmt":"2022-10-11T12:35:07","guid":{"rendered":"https:\/\/www.crewkerz.com\/p\/veste-sans-manches-crewkerz-noire\/"},"modified":"2024-12-27T14:27:14","modified_gmt":"2024-12-27T13:27:14","slug":"veste-sans-manches-crewkerz-noire","status":"publish","type":"product","link":"https:\/\/www.crewkerz.com\/fr\/p\/veste-sans-manches-crewkerz-noire\/","title":{"rendered":"Veste Sans Manches Crewkerz Noire"},"content":{"rendered":"<p>Veste doudoune sans manche pour homme brod\u00e9e CREWKERZ noire. Chaude et ultra-l\u00e9g\u00e8re avec 2 poches zipp\u00e9es devant. Col zipp\u00e9.<br \/>\nDisponible de la taille S \u00e0 la taille XL.<\/p>\n","protected":false},"excerpt":{"rendered":"<p>Veste Sans Manches Crewkerz Noire<\/p>\n","protected":false},"featured_media":22184,"template":"","meta":{"_acf_changed":false,"_seopress_robots_primary_cat":"","_seopress_titles_title":"","_seopress_titles_desc":"","_seopress_robots_index":""},"product_brand":[],"product_cat":[249,272],"product_tag":[],"class_list":{"0":"post-23109","1":"product","2":"type-product","3":"status-publish","4":"has-post-thumbnail","6":"product_cat-textile","7":"product_cat-vestes","9":"first","10":"instock","11":"shipping-taxable","12":"product-type-variable"},"acf":[],"_links":{"self":[{"href":"https:\/\/www.crewkerz.com\/fr\/wp-json\/wp\/v2\/product\/23109","targetHints":{"allow":["GET"]}}],"collection":[{"href":"https:\/\/www.crewkerz.com\/fr\/wp-json\/wp\/v2\/product"}],"about":[{"href":"https:\/\/www.crewkerz.com\/fr\/wp-json\/wp\/v2\/types\/product"}],"version-history":[{"count":0,"href":"https:\/\/www.crewkerz.com\/fr\/wp-json\/wp\/v2\/product\/23109\/revisions"}],"wp:featuredmedia":[{"embeddable":true,"href":"https:\/\/www.crewkerz.com\/fr\/wp-json\/wp\/v2\/media\/22184"}],"wp:attachment":[{"href":"https:\/\/www.crewkerz.com\/fr\/wp-json\/wp\/v2\/media?parent=23109"}],"wp:term":[{"taxonomy":"product_brand","embeddable":true,"href":"https:\/\/www.crewkerz.com\/fr\/wp-json\/wp\/v2\/product_brand?post=23109"},{"taxonomy":"product_cat","embeddable":true,"href":"https:\/\/www.crewkerz.com\/fr\/wp-json\/wp\/v2\/product_cat?post=23109"},{"taxonomy":"product_tag","embeddable":true,"href":"https:\/\/www.crewkerz.com\/fr\/wp-json\/wp\/v2\/product_tag?post=23109"}],"curies":[{"name":"wp","href":"https:\/\/api.w.org\/{rel}","templated":true}]}}