{"id":23034,"date":"2022-10-11T14:33:47","date_gmt":"2022-10-11T12:33:47","guid":{"rendered":"https:\/\/www.crewkerz.com\/p\/short-crewkerz-gris\/"},"modified":"2024-12-27T14:10:26","modified_gmt":"2024-12-27T13:10:26","slug":"short-crewkerz-gris","status":"publish","type":"product","link":"https:\/\/www.crewkerz.com\/fr\/p\/short-crewkerz-gris\/","title":{"rendered":"Short Crewkerz Gris"},"content":{"rendered":"<p>Short CREWKERZ gris en coton avec logo noir. Poche plaqu\u00e9e \u00e0 l&rsquo;arri\u00e8re et poches lat\u00e9rales. Ceinture potel\u00e9e \u00e9paisse avec cordon plant ivoire.<br \/>\nProduction certifi\u00e9e WRAP (Worldwide Responsible Accredited Production).<br \/>\nDisponible de la taille S \u00e0 XL.<\/p>\n","protected":false},"excerpt":{"rendered":"<p>Short Crewkerz Gris<\/p>\n","protected":false},"featured_media":21977,"template":"","meta":{"_acf_changed":false,"_seopress_robots_primary_cat":"","_seopress_titles_title":"","_seopress_titles_desc":"","_seopress_robots_index":"","_seopress_analysis_target_kw":""},"product_brand":[],"product_cat":[271,249],"product_tag":[],"class_list":{"0":"post-23034","1":"product","2":"type-product","3":"status-publish","4":"has-post-thumbnail","6":"product_cat-shorts","7":"product_cat-textile","9":"first","10":"instock","11":"shipping-taxable","12":"product-type-variable"},"acf":[],"_links":{"self":[{"href":"https:\/\/www.crewkerz.com\/fr\/wp-json\/wp\/v2\/product\/23034","targetHints":{"allow":["GET"]}}],"collection":[{"href":"https:\/\/www.crewkerz.com\/fr\/wp-json\/wp\/v2\/product"}],"about":[{"href":"https:\/\/www.crewkerz.com\/fr\/wp-json\/wp\/v2\/types\/product"}],"version-history":[{"count":0,"href":"https:\/\/www.crewkerz.com\/fr\/wp-json\/wp\/v2\/product\/23034\/revisions"}],"wp:featuredmedia":[{"embeddable":true,"href":"https:\/\/www.crewkerz.com\/fr\/wp-json\/wp\/v2\/media\/21977"}],"wp:attachment":[{"href":"https:\/\/www.crewkerz.com\/fr\/wp-json\/wp\/v2\/media?parent=23034"}],"wp:term":[{"taxonomy":"product_brand","embeddable":true,"href":"https:\/\/www.crewkerz.com\/fr\/wp-json\/wp\/v2\/product_brand?post=23034"},{"taxonomy":"product_cat","embeddable":true,"href":"https:\/\/www.crewkerz.com\/fr\/wp-json\/wp\/v2\/product_cat?post=23034"},{"taxonomy":"product_tag","embeddable":true,"href":"https:\/\/www.crewkerz.com\/fr\/wp-json\/wp\/v2\/product_tag?post=23034"}],"curies":[{"name":"wp","href":"https:\/\/api.w.org\/{rel}","templated":true}]}}