{"id":19783,"date":"2022-03-17T10:51:37","date_gmt":"2022-03-17T09:51:37","guid":{"rendered":"https:\/\/www.crewkerz.com\/p\/pignon-a-visser-15t-deporte-75-mm-noir\/"},"modified":"2024-12-27T14:24:06","modified_gmt":"2024-12-27T13:24:06","slug":"pignon-a-visser-15t-deporte-75-mm-noir","status":"publish","type":"product","link":"https:\/\/www.crewkerz.com\/fr\/p\/pignon-a-visser-15t-deporte-75-mm-noir\/","title":{"rendered":"Pignon A Visser 15t Deporte 7,5 Mm Noir"},"content":{"rendered":"<p>Pignon \u00e0 visser de 15 dents, 7,5 mm de largeur, d\u00e9port\u00e9.<\/p>\n","protected":false},"excerpt":{"rendered":"<p>Pignon A Visser 15t Deporte 7,5 Mm Noir<\/p>\n","protected":false},"featured_media":0,"template":"","meta":{"_acf_changed":false,"_seopress_robots_primary_cat":"","_seopress_titles_title":"","_seopress_titles_desc":"","_seopress_robots_index":"","_seopress_analysis_target_kw":""},"product_brand":[],"product_cat":[231,211],"product_tag":[],"class_list":{"0":"post-19783","1":"product","2":"type-product","3":"status-publish","5":"product_cat-pignons","6":"product_cat-transmission","7":"pa_famille-transmission","9":"first","10":"instock","11":"shipping-taxable","12":"product-type-simple"},"acf":[],"_links":{"self":[{"href":"https:\/\/www.crewkerz.com\/fr\/wp-json\/wp\/v2\/product\/19783","targetHints":{"allow":["GET"]}}],"collection":[{"href":"https:\/\/www.crewkerz.com\/fr\/wp-json\/wp\/v2\/product"}],"about":[{"href":"https:\/\/www.crewkerz.com\/fr\/wp-json\/wp\/v2\/types\/product"}],"version-history":[{"count":0,"href":"https:\/\/www.crewkerz.com\/fr\/wp-json\/wp\/v2\/product\/19783\/revisions"}],"wp:attachment":[{"href":"https:\/\/www.crewkerz.com\/fr\/wp-json\/wp\/v2\/media?parent=19783"}],"wp:term":[{"taxonomy":"product_brand","embeddable":true,"href":"https:\/\/www.crewkerz.com\/fr\/wp-json\/wp\/v2\/product_brand?post=19783"},{"taxonomy":"product_cat","embeddable":true,"href":"https:\/\/www.crewkerz.com\/fr\/wp-json\/wp\/v2\/product_cat?post=19783"},{"taxonomy":"product_tag","embeddable":true,"href":"https:\/\/www.crewkerz.com\/fr\/wp-json\/wp\/v2\/product_tag?post=19783"}],"curies":[{"name":"wp","href":"https:\/\/api.w.org\/{rel}","templated":true}]}}