{"id":19761,"date":"2022-03-17T10:50:55","date_gmt":"2022-03-17T09:50:55","guid":{"rendered":"https:\/\/www.crewkerz.com\/p\/jealousy-26-2020-full-hs33-medium\/"},"modified":"2024-12-27T14:33:09","modified_gmt":"2024-12-27T13:33:09","slug":"jealousy-26-2020-full-hs33-medium","status":"publish","type":"product","link":"https:\/\/www.crewkerz.com\/fr\/p\/jealousy-26-2020-full-hs33-medium\/","title":{"rendered":"Jealousy 26\u00a0\u00bb 2020 Full Hs33 Medium"},"content":{"rendered":"<p>Le Jealousy 26\u00a0\u00bb 2020 Full Hs33 Medium est le choix id\u00e9al pour tous les cyclistes \u00e0 la recherche de performance, de qualit\u00e9 et de fiabilit\u00e9. Ce v\u00e9lo \u00e9quip\u00e9 de freins \u00e0 disque est propos\u00e9 dans une belle couleur blanche aux graphismes subtils.<\/p>\n<p>Le Jealousy 2020 Full HS33 Medium est un hardtail de trail polyvalent, parfait pour une utilisation quotidienne, quelles que soient les conditions. Avec un cadre en carbone ultramoderne et un ensemble de composants haut de gamme, ce v\u00e9lo est pr\u00eat \u00e0 franchir les obstacles avec facilit\u00e9, quel que soit le terrain.<\/p>\n","protected":false},"excerpt":{"rendered":"<p>Jealousy 26\u00a0\u00bb 2020 Full Hs33 Medium<\/p>\n","protected":false},"featured_media":21179,"template":"","meta":{"_acf_changed":false,"_seopress_robots_primary_cat":"none","_seopress_titles_title":"","_seopress_titles_desc":"","_seopress_robots_index":""},"product_brand":[],"product_cat":[494,96,238,95],"product_tag":[],"class_list":{"0":"post-19761","1":"product","2":"type-product","3":"status-publish","4":"has-post-thumbnail","6":"product_cat-anciens-modeles","7":"product_cat-jealousy","8":"product_cat-trial-26","9":"product_cat-velos","10":"pa_famille-velos","12":"first","13":"onbackorder","14":"shipping-taxable","15":"product-type-simple"},"acf":[],"_links":{"self":[{"href":"https:\/\/www.crewkerz.com\/fr\/wp-json\/wp\/v2\/product\/19761","targetHints":{"allow":["GET"]}}],"collection":[{"href":"https:\/\/www.crewkerz.com\/fr\/wp-json\/wp\/v2\/product"}],"about":[{"href":"https:\/\/www.crewkerz.com\/fr\/wp-json\/wp\/v2\/types\/product"}],"version-history":[{"count":0,"href":"https:\/\/www.crewkerz.com\/fr\/wp-json\/wp\/v2\/product\/19761\/revisions"}],"wp:featuredmedia":[{"embeddable":true,"href":"https:\/\/www.crewkerz.com\/fr\/wp-json\/wp\/v2\/media\/21179"}],"wp:attachment":[{"href":"https:\/\/www.crewkerz.com\/fr\/wp-json\/wp\/v2\/media?parent=19761"}],"wp:term":[{"taxonomy":"product_brand","embeddable":true,"href":"https:\/\/www.crewkerz.com\/fr\/wp-json\/wp\/v2\/product_brand?post=19761"},{"taxonomy":"product_cat","embeddable":true,"href":"https:\/\/www.crewkerz.com\/fr\/wp-json\/wp\/v2\/product_cat?post=19761"},{"taxonomy":"product_tag","embeddable":true,"href":"https:\/\/www.crewkerz.com\/fr\/wp-json\/wp\/v2\/product_tag?post=19761"}],"curies":[{"name":"wp","href":"https:\/\/api.w.org\/{rel}","templated":true}]}}