{"id":19759,"date":"2022-03-17T10:50:55","date_gmt":"2022-03-17T09:50:55","guid":{"rendered":"https:\/\/www.crewkerz.com\/p\/jealousy-26-2020-full-hs33-long\/"},"modified":"2024-12-27T14:33:43","modified_gmt":"2024-12-27T13:33:43","slug":"jealousy-26-2020-full-hs33-long","status":"publish","type":"product","link":"https:\/\/www.crewkerz.com\/fr\/p\/jealousy-26-2020-full-hs33-long\/","title":{"rendered":"Jealousy 26\u00a0\u00bb 2020 Full Hs33 Long"},"content":{"rendered":"<p>Le Jealousy 26\u00a0\u00bb 2020 Full Hs33 Long est un trial qui offre des performances exceptionnelles et une grande qualit\u00e9.. Il ne cessera de vous surprendre par sa pr\u00e9cision, son exactitude et sa fiabilit\u00e9 !<\/p>\n<p>Con\u00e7u avec la m\u00eame pr\u00e9cision, le m\u00eame raffinement et la m\u00eame passion que tous nos v\u00e9los, c&rsquo;est un v\u00e9lo haut de gamme qui est pr\u00eat pour tous les types de riders. Tout droit sorti du parcours de course ou du parc, le Jealousy 26\u00a0\u00bb 2020 Full HS33 Long est un v\u00e9lo qui peut \u00eatre utilis\u00e9 pour toutes sortes d&rsquo;activit\u00e9s. Le cadre est dot\u00e9 d&rsquo;un design ultra-suspendu pour une traction et un contr\u00f4le maximum, peu importe ce que vous lui lancez. Avec sa capacit\u00e9 \u00e0 s&rsquo;attaquer \u00e0 tous les environnements, ce v\u00e9lo est un excellent choix pour tous les types de riders.<\/p>\n","protected":false},"excerpt":{"rendered":"<p>Jealousy 26\u00a0\u00bb 2020 Full Hs33 Long<\/p>\n","protected":false},"featured_media":21138,"template":"","meta":{"_acf_changed":false,"_seopress_robots_primary_cat":"none","_seopress_titles_title":"","_seopress_titles_desc":"","_seopress_robots_index":"","_seopress_analysis_target_kw":""},"product_brand":[],"product_cat":[494,96,238,95],"product_tag":[],"class_list":{"0":"post-19759","1":"product","2":"type-product","3":"status-publish","4":"has-post-thumbnail","6":"product_cat-anciens-modeles","7":"product_cat-jealousy","8":"product_cat-trial-26","9":"product_cat-velos","10":"pa_famille-velos","12":"first","13":"onbackorder","14":"shipping-taxable","15":"product-type-simple"},"acf":[],"_links":{"self":[{"href":"https:\/\/www.crewkerz.com\/fr\/wp-json\/wp\/v2\/product\/19759","targetHints":{"allow":["GET"]}}],"collection":[{"href":"https:\/\/www.crewkerz.com\/fr\/wp-json\/wp\/v2\/product"}],"about":[{"href":"https:\/\/www.crewkerz.com\/fr\/wp-json\/wp\/v2\/types\/product"}],"version-history":[{"count":0,"href":"https:\/\/www.crewkerz.com\/fr\/wp-json\/wp\/v2\/product\/19759\/revisions"}],"wp:featuredmedia":[{"embeddable":true,"href":"https:\/\/www.crewkerz.com\/fr\/wp-json\/wp\/v2\/media\/21138"}],"wp:attachment":[{"href":"https:\/\/www.crewkerz.com\/fr\/wp-json\/wp\/v2\/media?parent=19759"}],"wp:term":[{"taxonomy":"product_brand","embeddable":true,"href":"https:\/\/www.crewkerz.com\/fr\/wp-json\/wp\/v2\/product_brand?post=19759"},{"taxonomy":"product_cat","embeddable":true,"href":"https:\/\/www.crewkerz.com\/fr\/wp-json\/wp\/v2\/product_cat?post=19759"},{"taxonomy":"product_tag","embeddable":true,"href":"https:\/\/www.crewkerz.com\/fr\/wp-json\/wp\/v2\/product_tag?post=19759"}],"curies":[{"name":"wp","href":"https:\/\/api.w.org\/{rel}","templated":true}]}}