{"id":19751,"date":"2022-03-17T10:50:34","date_gmt":"2022-03-17T09:50:34","guid":{"rendered":"https:\/\/www.crewkerz.com\/p\/cadre-lab-20-noir\/"},"modified":"2024-12-27T14:24:48","modified_gmt":"2024-12-27T13:24:48","slug":"cadre-lab-20-noir","status":"publish","type":"product","link":"https:\/\/www.crewkerz.com\/fr\/p\/cadre-lab-20-noir\/","title":{"rendered":"Cadre Lab 20\u00a0\u00bb Noir"},"content":{"rendered":"<p>Avec la gamme LAB (Lika A Boss), Crewkerz rend accessible le trial aux plus jeunes. Le d\u00e9veloppement de la discipline ayant toujours \u00e9t\u00e9 une priorit\u00e9 de la marque marseillaise, il leur semblait logique d&rsquo;offrir des v\u00e9los adapt\u00e9s aux plus jeunes.<\/p>\n<p>Comme pour la gamme Desire, il s&rsquo;agit de proposer un v\u00e9lo trial abouti, fiable, \u00e0 un pris attractif et adapt\u00e9 \u00e0 la morphologie des enfants.<\/p>\n<p>Tout les v\u00e9los de la gamme LAB utilisent des standards ce qui les rends \u00e9volutifs. Ceci m\u00eame si les v\u00e9los sont d\u00e9j\u00e0 \u00e9quip\u00e9s de freins a disques, comme les PROS !<\/p>\n<p>Il ne reste plus qu&rsquo;\u00e0 imiter les BOSS de la discipline avec cette monture !<\/p>\n","protected":false},"excerpt":{"rendered":"<p>Cadre Lab 20\u00a0\u00bb Noir<\/p>\n","protected":false},"featured_media":20696,"template":"","meta":{"_acf_changed":false,"_seopress_robots_primary_cat":"","_seopress_titles_title":"","_seopress_titles_desc":"","_seopress_robots_index":""},"product_brand":[],"product_cat":[244,214],"product_tag":[],"class_list":{"0":"post-19751","1":"product","2":"type-product","3":"status-publish","4":"has-post-thumbnail","6":"product_cat-cadres-20","7":"product_cat-cadres-et-fourches","8":"pa_famille-cadres-et-fourches","10":"first","11":"instock","12":"shipping-taxable","13":"product-type-simple"},"acf":[],"_links":{"self":[{"href":"https:\/\/www.crewkerz.com\/fr\/wp-json\/wp\/v2\/product\/19751","targetHints":{"allow":["GET"]}}],"collection":[{"href":"https:\/\/www.crewkerz.com\/fr\/wp-json\/wp\/v2\/product"}],"about":[{"href":"https:\/\/www.crewkerz.com\/fr\/wp-json\/wp\/v2\/types\/product"}],"version-history":[{"count":0,"href":"https:\/\/www.crewkerz.com\/fr\/wp-json\/wp\/v2\/product\/19751\/revisions"}],"wp:featuredmedia":[{"embeddable":true,"href":"https:\/\/www.crewkerz.com\/fr\/wp-json\/wp\/v2\/media\/20696"}],"wp:attachment":[{"href":"https:\/\/www.crewkerz.com\/fr\/wp-json\/wp\/v2\/media?parent=19751"}],"wp:term":[{"taxonomy":"product_brand","embeddable":true,"href":"https:\/\/www.crewkerz.com\/fr\/wp-json\/wp\/v2\/product_brand?post=19751"},{"taxonomy":"product_cat","embeddable":true,"href":"https:\/\/www.crewkerz.com\/fr\/wp-json\/wp\/v2\/product_cat?post=19751"},{"taxonomy":"product_tag","embeddable":true,"href":"https:\/\/www.crewkerz.com\/fr\/wp-json\/wp\/v2\/product_tag?post=19751"}],"curies":[{"name":"wp","href":"https:\/\/api.w.org\/{rel}","templated":true}]}}