{"id":19727,"date":"2022-03-16T11:08:02","date_gmt":"2022-03-16T10:08:02","guid":{"rendered":"https:\/\/www.crewkerz.com\/p\/lab-18-full-disc-noir\/"},"modified":"2024-12-27T14:19:11","modified_gmt":"2024-12-27T13:19:11","slug":"lab-18-full-disc-noir","status":"publish","type":"product","link":"https:\/\/www.crewkerz.com\/fr\/p\/lab-18-full-disc-noir\/","title":{"rendered":"Lab 18\u00a0\u00bb Full Disc Noir"},"content":{"rendered":"<p>Avec la gamme LAB (Lika A Boss), Crewkerz rend accessible le trial aux plus jeunes. Le d\u00e9veloppement de la discipline ayant toujours \u00e9t\u00e9 une priorit\u00e9 de la marque marseillaise, il leur semblait logique d&rsquo;offrir des v\u00e9los adapt\u00e9s aux plus jeunes.<\/p>\n<p>Comme pour la gamme Desire, il s&rsquo;agit de proposer un v\u00e9lo trial abouti, fiable, \u00e0 un prix attractif et adapt\u00e9 \u00e0 la morphologie des enfants.<\/p>\n<p>Tout les v\u00e9los de la gamme LAB utilisent des standards (freinage, p\u00e9dalier, cintre, fourche&#8230;), ce qui les rends \u00e9volutifs. Ceci m\u00eame si les v\u00e9los sont d\u00e9j\u00e0 \u00e9quip\u00e9s de freins a disques, comme les PROS !<\/p>\n<p>Les v\u00e9los sont \u00e9galement \u00e9quip\u00e9s de sabot, de roue libre pour le trial, potences forg\u00e9s light et disposent d&rsquo;une g\u00e9om\u00e9trie adapt\u00e9e aux jeunes trialistes.<\/p>\n<p>Il ne reste plus qu&rsquo;\u00e0 imiter les BOSS de la discipline avec cette monture !<\/p>\n","protected":false},"excerpt":{"rendered":"<p>Lab 18\u00a0\u00bb Full Disc Noir<\/p>\n","protected":false},"featured_media":29390,"template":"","meta":{"_acf_changed":false,"_seopress_robots_primary_cat":"","_seopress_titles_title":"","_seopress_titles_desc":"","_seopress_robots_index":""},"product_brand":[],"product_cat":[1226,241,95],"product_tag":[],"class_list":{"0":"post-19727","1":"product","2":"type-product","3":"status-publish","4":"has-post-thumbnail","6":"product_cat-lab-like-a-boss","7":"product_cat-trial-kid","8":"product_cat-velos","9":"pa_famille-velos","11":"first","12":"instock","13":"shipping-taxable","14":"product-type-simple"},"acf":[],"_links":{"self":[{"href":"https:\/\/www.crewkerz.com\/fr\/wp-json\/wp\/v2\/product\/19727","targetHints":{"allow":["GET"]}}],"collection":[{"href":"https:\/\/www.crewkerz.com\/fr\/wp-json\/wp\/v2\/product"}],"about":[{"href":"https:\/\/www.crewkerz.com\/fr\/wp-json\/wp\/v2\/types\/product"}],"version-history":[{"count":0,"href":"https:\/\/www.crewkerz.com\/fr\/wp-json\/wp\/v2\/product\/19727\/revisions"}],"wp:featuredmedia":[{"embeddable":true,"href":"https:\/\/www.crewkerz.com\/fr\/wp-json\/wp\/v2\/media\/29390"}],"wp:attachment":[{"href":"https:\/\/www.crewkerz.com\/fr\/wp-json\/wp\/v2\/media?parent=19727"}],"wp:term":[{"taxonomy":"product_brand","embeddable":true,"href":"https:\/\/www.crewkerz.com\/fr\/wp-json\/wp\/v2\/product_brand?post=19727"},{"taxonomy":"product_cat","embeddable":true,"href":"https:\/\/www.crewkerz.com\/fr\/wp-json\/wp\/v2\/product_cat?post=19727"},{"taxonomy":"product_tag","embeddable":true,"href":"https:\/\/www.crewkerz.com\/fr\/wp-json\/wp\/v2\/product_tag?post=19727"}],"curies":[{"name":"wp","href":"https:\/\/api.w.org\/{rel}","templated":true}]}}