{"id":19723,"date":"2022-03-17T10:49:15","date_gmt":"2022-03-17T09:49:15","guid":{"rendered":"https:\/\/www.crewkerz.com\/p\/desire-20-full-disc-gris\/"},"modified":"2024-12-27T14:19:15","modified_gmt":"2024-12-27T13:19:15","slug":"desire-20-full-disc-gris","status":"publish","type":"product","link":"https:\/\/www.crewkerz.com\/fr\/p\/desire-20-full-disc-gris\/","title":{"rendered":"Desire 20\u00a0\u00bb Full Disc Gris"},"content":{"rendered":"<p>Rendre accessible notre discipline au plus grand nombre \u00e0 toujours \u00e9t\u00e9 une priorit\u00e9 pour le marque Marseillaise Crewkerz. Apr\u00e8s 3 g\u00e9n\u00e9ration de Freed comme entr\u00e9e\/milieu de gamme, l&rsquo;ann\u00e9e 2018 voit son successeur : le Desire.<\/p>\n<p>Comme le Freed, il s&rsquo;agit de proposer un v\u00e9lo trial abouti et fiable \u00e0 un prix attractif.<\/p>\n<p>Crewkerz \u00e0 m\u00eame pouss\u00e9 le concept plus loin en proposant un \u00e9quipement in\u00e9dit \u00e0 ce tarif : nouvelle g\u00e9om\u00e9trie race, douille de direction tapered ajour\u00e9e, p\u00e9dales simple cage&#8230; Un \u00e9quipement digne de nombreux v\u00e9los haut de gamme pr\u00e9sents sur le march\u00e9.<\/p>\n<p>A vous les statiques, les jet\u00e9s et autres deux temps, le Desire sera \u00e0 la hauteur de vos attentes et vous permettra de rouler sereinement en comp\u00e9tition !<\/p>\n","protected":false},"excerpt":{"rendered":"<p>Desire 20\u00a0\u00bb Full Disc Gris<\/p>\n","protected":false},"featured_media":20121,"template":"","meta":{"_acf_changed":false,"_seopress_robots_primary_cat":"none","_seopress_titles_title":"","_seopress_titles_desc":"","_seopress_robots_index":""},"product_brand":[],"product_cat":[494,103,237,95],"product_tag":[],"class_list":{"0":"post-19723","1":"product","2":"type-product","3":"status-publish","4":"has-post-thumbnail","6":"product_cat-anciens-modeles","7":"product_cat-desire","8":"product_cat-trial-20","9":"product_cat-velos","10":"pa_famille-velos","12":"first","13":"onbackorder","14":"shipping-taxable","15":"product-type-simple"},"acf":[],"_links":{"self":[{"href":"https:\/\/www.crewkerz.com\/fr\/wp-json\/wp\/v2\/product\/19723","targetHints":{"allow":["GET"]}}],"collection":[{"href":"https:\/\/www.crewkerz.com\/fr\/wp-json\/wp\/v2\/product"}],"about":[{"href":"https:\/\/www.crewkerz.com\/fr\/wp-json\/wp\/v2\/types\/product"}],"version-history":[{"count":0,"href":"https:\/\/www.crewkerz.com\/fr\/wp-json\/wp\/v2\/product\/19723\/revisions"}],"wp:featuredmedia":[{"embeddable":true,"href":"https:\/\/www.crewkerz.com\/fr\/wp-json\/wp\/v2\/media\/20121"}],"wp:attachment":[{"href":"https:\/\/www.crewkerz.com\/fr\/wp-json\/wp\/v2\/media?parent=19723"}],"wp:term":[{"taxonomy":"product_brand","embeddable":true,"href":"https:\/\/www.crewkerz.com\/fr\/wp-json\/wp\/v2\/product_brand?post=19723"},{"taxonomy":"product_cat","embeddable":true,"href":"https:\/\/www.crewkerz.com\/fr\/wp-json\/wp\/v2\/product_cat?post=19723"},{"taxonomy":"product_tag","embeddable":true,"href":"https:\/\/www.crewkerz.com\/fr\/wp-json\/wp\/v2\/product_tag?post=19723"}],"curies":[{"name":"wp","href":"https:\/\/api.w.org\/{rel}","templated":true}]}}