{"id":19721,"date":"2022-03-17T10:49:15","date_gmt":"2022-03-17T09:49:15","guid":{"rendered":"https:\/\/www.crewkerz.com\/p\/jealousy-ultimate-20-2020-hs33-disc\/"},"modified":"2024-12-27T14:33:15","modified_gmt":"2024-12-27T13:33:15","slug":"jealousy-ultimate-20-2020-hs33-disc","status":"publish","type":"product","link":"https:\/\/www.crewkerz.com\/fr\/p\/jealousy-ultimate-20-2020-hs33-disc\/","title":{"rendered":"Jealousy Ultimate 20\u00a0\u00bb 2020 Hs33 \/\/ Disc"},"content":{"rendered":"<p>Le Jealousy Ultimate est un trial haut de gamme. Il couvre tout le spectre des performances et s&rsquo;adapte \u00e0 votre style de conduite. Gr\u00e2ce \u00e0 ses logos centraux uniques et larges, visibles sous tous les angles, il n&rsquo;est pas seulement attrayant, il promet \u00e9galement une qualit\u00e9 extr\u00eame.<\/p>\n<p>Le Jealousy Ultimate est le r\u00e9sultat d&rsquo;un d\u00e9veloppement de trois ans. Un v\u00e9lo performant, un v\u00e9lo d&rsquo;exception ! Ce cadre est en aluminium bross\u00e9 \u00e0 la main et verni brillant ! Il ne sera disponible qu&rsquo;en tant que v\u00e9lo complet pour cette \u00e9dition limit\u00e9e.<\/p>\n<p>Le Jealousy apporte de nombreuses avanc\u00e9es techniques et reprend celles qui ont fait le succ\u00e8s et la r\u00e9putation de Crewkerz : Le Tapered, le standard AS30 ainsi que les tendeurs et axes traversants qui permettent d&rsquo;obtenir une g\u00e9om\u00e9trie fixe et apportent une nervosit\u00e9 n\u00e9cessaire \u00e0 la mont\u00e9e.<\/p>\n<p>Les tubes hydroform\u00e9s apportent un comportement beaucoup plus dynamique, efficace, ils diminuent la latence (Le v\u00e9lo revient \u00e0 sa position z\u00e9ro\/\/originale plus rapidement). La garde au sol est optimis\u00e9e avec la nouvelle forme du tube diagonal.<\/p>\n<p>Nouveau top yoke ATS (Anti Torsion System) qui augmente consid\u00e9rablement la puissance de freinage en diminuant la torsion des haubans.<\/p>\n<p>Nouvelle douille conique\/\/tapered (Jonction parfaite entre le tube diagonal et la douille). Ce standard permet d\u2019avoir des fourches tapered qui augmentent la pr\u00e9cision de direction, la fiabilit\u00e9 et le dynamisme sur l\u2019avant du v\u00e9lo.<\/p>\n<p>Sur cette nouvelle production 2019, de petites modifications augmente la dur\u00e9e de vie du v\u00e9lo, des p\u00e9dales simples cages \u00e9quiperont ce tr\u00e8s haut de gamme de la marque CREWKERZ ainsi que du nouveau cintre carbone WAW Ultimate disponible en 102 mm et 108 mm de riseup et l&rsquo;ajout d&rsquo;un sabot de protection sous le cadre pour la version 20&Prime;.<\/p>\n<p>L&rsquo;Ultimate est la d\u00e9finition de la performance et de la qualit\u00e9. Ce v\u00e9lo offre un gain de poids et une nervosit\u00e9 accrue gr\u00e2ce au nouveau proc\u00e9d\u00e9 de fabrication de l&rsquo;axe et des manivelles, ainsi que la suppression des angles vifs pour \u00e9pargner nos mall\u00e9oles !<\/p>\n<p>Le v\u00e9lo de trial Jealousy Ultimate 2020 vous permettra d&rsquo;\u00e9lever vos comp\u00e9tences \u00e0 un autre niveau. Car plus l&rsquo;exp\u00e9rience est longue, plus vous roulez vite. Ce v\u00e9lo de trial a \u00e9t\u00e9 con\u00e7u pour les riders qui veulent battre leur propre record. Sa fourche, son p\u00e9dalier et son guidon en carbone sont optimis\u00e9s pour que vous puissiez maximiser votre potentiel.<\/p>\n","protected":false},"excerpt":{"rendered":"<p>Jealousy Ultimate 20\u00a0\u00bb 2020 Hs33 \/\/ Disc<\/p>\n","protected":false},"featured_media":20596,"template":"","meta":{"_acf_changed":false,"_seopress_robots_primary_cat":"none","_seopress_titles_title":"","_seopress_titles_desc":"","_seopress_robots_index":""},"product_brand":[],"product_cat":[494,96,237,95],"product_tag":[],"class_list":{"0":"post-19721","1":"product","2":"type-product","3":"status-publish","4":"has-post-thumbnail","6":"product_cat-anciens-modeles","7":"product_cat-jealousy","8":"product_cat-trial-20","9":"product_cat-velos","10":"pa_famille-velos","12":"first","13":"onbackorder","14":"shipping-taxable","15":"product-type-simple"},"acf":[],"_links":{"self":[{"href":"https:\/\/www.crewkerz.com\/fr\/wp-json\/wp\/v2\/product\/19721","targetHints":{"allow":["GET"]}}],"collection":[{"href":"https:\/\/www.crewkerz.com\/fr\/wp-json\/wp\/v2\/product"}],"about":[{"href":"https:\/\/www.crewkerz.com\/fr\/wp-json\/wp\/v2\/types\/product"}],"version-history":[{"count":0,"href":"https:\/\/www.crewkerz.com\/fr\/wp-json\/wp\/v2\/product\/19721\/revisions"}],"wp:featuredmedia":[{"embeddable":true,"href":"https:\/\/www.crewkerz.com\/fr\/wp-json\/wp\/v2\/media\/20596"}],"wp:attachment":[{"href":"https:\/\/www.crewkerz.com\/fr\/wp-json\/wp\/v2\/media?parent=19721"}],"wp:term":[{"taxonomy":"product_brand","embeddable":true,"href":"https:\/\/www.crewkerz.com\/fr\/wp-json\/wp\/v2\/product_brand?post=19721"},{"taxonomy":"product_cat","embeddable":true,"href":"https:\/\/www.crewkerz.com\/fr\/wp-json\/wp\/v2\/product_cat?post=19721"},{"taxonomy":"product_tag","embeddable":true,"href":"https:\/\/www.crewkerz.com\/fr\/wp-json\/wp\/v2\/product_tag?post=19721"}],"curies":[{"name":"wp","href":"https:\/\/api.w.org\/{rel}","templated":true}]}}