{"id":19717,"date":"2022-03-17T10:48:59","date_gmt":"2022-03-17T09:48:59","guid":{"rendered":"https:\/\/www.crewkerz.com\/p\/jealousy-ultimate-26-2020-full-hs33-short\/"},"modified":"2024-12-27T14:33:56","modified_gmt":"2024-12-27T13:33:56","slug":"jealousy-ultimate-26-2020-full-hs33-short","status":"publish","type":"product","link":"https:\/\/www.crewkerz.com\/fr\/p\/jealousy-ultimate-26-2020-full-hs33-short\/","title":{"rendered":"Jealousy Ultimate 26\u00a0\u00bb 2020 Full Hs33 Short"},"content":{"rendered":"<p>Le Jealousy Ultimate 26\u2033 Triple Champion du Monde avec Jack Carthy reste dans la lign\u00e9e des v\u00e9los Crewkerz : Un v\u00e9lo performant, un v\u00e9lo d\u2019exception !<\/p>\n<p>Le cadre est en alu bross\u00e9 \u00e0 la main et vernis brillant ! Il ne sera disponible qu\u2019en version v\u00e9lo complet pour cette s\u00e9rie limit\u00e9e.<\/p>\n<p>Le Jealousy apporte de nombreuses avanc\u00e9es techniques et reprend celles qui ont fait le succ\u00e8s et la r\u00e9putation de Crewkerz : Le Tapered, le standard AS30 ainsi que le tendeur et les axes traversants qui permettent d&rsquo;obtenir une g\u00e9om\u00e9trie fixe et apportent une nervosit\u00e9 n\u00e9cessaire pour aller plus haut.<\/p>\n<p>Nouveau top yoke ATS (Anti Torsion System) qui augmente consid\u00e9rablement la puissance de freinage en diminuant la torsion des haubans.<\/p>\n<p>Nouvelle douille conique\/\/tapered (Jonction parfaite entre le tube diagonal et la douille). Ce standard permet d\u2019avoir des fourches tapered qui augmentent la pr\u00e9cision de direction, la fiabilit\u00e9 et le dynamisme sur l\u2019avant du v\u00e9lo.<\/p>\n<p>Sur cette nouvelle production 2019, de petites modifications augmente la dur\u00e9e de vie du v\u00e9lo, des p\u00e9dales simples cages \u00e9quiperont ce tr\u00e8s haut de gamme de la marque CREWKERZ ainsi que du nouveau cintre carbone WAW Ultimate disponible en 102 mm et 108 mm de riseup.<\/p>\n<p>Retrouvez \u00e9galement le nouveau yoke afin d&rsquo;optimiser la nervosit\u00e9 et fiabilit\u00e9 de ce cadre necessaire au Trial moderne.<\/p>\n<p>Le p\u00e9dalier WAW, offre lui un gain de poids et une nervosit\u00e9 accrue gr\u00e2ce au nouveau proc\u00e9d\u00e9 de fabrication pour l\u2019axe et les manivelles, ainsi que la suppression des angles vifs pour \u00e9pargner nos mall\u00e9oles !<\/p>\n<p>En termes de poids et d&rsquo;esth\u00e9tique, le 2020 Jealousy Ultimate 26\u00a0\u00bb est l&rsquo;un des v\u00e9los les plus l\u00e9gers du march\u00e9. L&rsquo;objectif principal de ce v\u00e9lo est d&rsquo;apporter une performance qui va au-del\u00e0 des attentes et les tricks les plus funs possibles. Les riders plus lourds se sentiront \u00e0 l&rsquo;aise avec lui gr\u00e2ce \u00e0 ses grandes roues et ses suspensions. C&rsquo;est l&rsquo;un de nos v\u00e9los les plus vendus !<\/p>\n","protected":false},"excerpt":{"rendered":"<p>Jealousy Ultimate 26\u00a0\u00bb 2020 Full Hs33 Short<\/p>\n","protected":false},"featured_media":20571,"template":"","meta":{"_acf_changed":false,"_seopress_robots_primary_cat":"none","_seopress_titles_title":"","_seopress_titles_desc":"","_seopress_robots_index":""},"product_brand":[],"product_cat":[494,96,238,95],"product_tag":[],"class_list":{"0":"post-19717","1":"product","2":"type-product","3":"status-publish","4":"has-post-thumbnail","6":"product_cat-anciens-modeles","7":"product_cat-jealousy","8":"product_cat-trial-26","9":"product_cat-velos","10":"pa_famille-velos","12":"first","13":"onbackorder","14":"shipping-taxable","15":"product-type-simple"},"acf":[],"_links":{"self":[{"href":"https:\/\/www.crewkerz.com\/fr\/wp-json\/wp\/v2\/product\/19717","targetHints":{"allow":["GET"]}}],"collection":[{"href":"https:\/\/www.crewkerz.com\/fr\/wp-json\/wp\/v2\/product"}],"about":[{"href":"https:\/\/www.crewkerz.com\/fr\/wp-json\/wp\/v2\/types\/product"}],"version-history":[{"count":0,"href":"https:\/\/www.crewkerz.com\/fr\/wp-json\/wp\/v2\/product\/19717\/revisions"}],"wp:featuredmedia":[{"embeddable":true,"href":"https:\/\/www.crewkerz.com\/fr\/wp-json\/wp\/v2\/media\/20571"}],"wp:attachment":[{"href":"https:\/\/www.crewkerz.com\/fr\/wp-json\/wp\/v2\/media?parent=19717"}],"wp:term":[{"taxonomy":"product_brand","embeddable":true,"href":"https:\/\/www.crewkerz.com\/fr\/wp-json\/wp\/v2\/product_brand?post=19717"},{"taxonomy":"product_cat","embeddable":true,"href":"https:\/\/www.crewkerz.com\/fr\/wp-json\/wp\/v2\/product_cat?post=19717"},{"taxonomy":"product_tag","embeddable":true,"href":"https:\/\/www.crewkerz.com\/fr\/wp-json\/wp\/v2\/product_tag?post=19717"}],"curies":[{"name":"wp","href":"https:\/\/api.w.org\/{rel}","templated":true}]}}