{"id":19713,"date":"2022-03-17T10:48:59","date_gmt":"2022-03-17T09:48:59","guid":{"rendered":"https:\/\/www.crewkerz.com\/p\/jealousy-ultimate-26-2020-full-hs33-long\/"},"modified":"2024-12-27T14:33:31","modified_gmt":"2024-12-27T13:33:31","slug":"jealousy-ultimate-26-2020-full-hs33-long","status":"publish","type":"product","link":"https:\/\/www.crewkerz.com\/fr\/p\/jealousy-ultimate-26-2020-full-hs33-long\/","title":{"rendered":"Jealousy Ultimate 26\u00a0\u00bb 2020 Full Hs33 Long"},"content":{"rendered":"<p>Le Jealousy Ultimate est un v\u00e9lo de haute performance con\u00e7u pour combiner vitesse, fonctionnalit\u00e9 et confort en un seul ensemble. Il est pilot\u00e9 par le triple champion du monde : Jack Carthy. Distribu\u00e9 en s\u00e9rie ultra-limit\u00e9e<\/p>\n<p>Le Jealousy apporte un grand nombre d\u2019avanc\u00e9es techniques et reprend celles qui ont fait le succ\u00e8s et la r\u00e9putation de Crewkerz : Le Tapered, le standard AS30 ainsi que le tendeur et les axes traversant qui permettent notamment d\u2019obtenir une g\u00e9om\u00e9trie fixe et apportent une nervosit\u00e9 necessaire pour aller plus haut.<\/p>\n<p>Le Jealousy Ultimate 26\u00a0\u00bb 2020 Full Hs33 Long est une \u0153uvre d&rsquo;art qui vous permet de sentir la route avec une sensibilit\u00e9 et un contr\u00f4le in\u00e9gal\u00e9s. Les tubes hydroform\u00e9s apportent un comportement beaucoup plus dynamique, efficace, ils diminuent la latence (le v\u00e9lo revient \u00e0 sa position z\u00e9ro\/originale plus rapidement). La garde au sol est optimis\u00e9e gr\u00e2ce \u00e0 la nouvelle forme du tube diagonal.<\/p>\n<p>Nouveau top yoke ATS (Anti Torsion System) qui augmente consid\u00e9rablement la puissance de freinage en diminuant la torsion des haubans.<\/p>\n<p>Nouvelle douille conique\/\/tapered (Jonction parfaite entre le tube diagonal et la douille). Ce standard permet d\u2019avoir des fourches tapered qui augmentent la pr\u00e9cision de direction, la fiabilit\u00e9 et le dynamisme sur l\u2019avant du v\u00e9lo.<\/p>\n<p>Le Jealousy Ultimate 26\u00a0\u00bb 2020 Full Hs33 Long est un mod\u00e8le haut de gamme pour la rue et la montagne qui privil\u00e9gie l&rsquo;adh\u00e9rence, le contr\u00f4le et la stabilit\u00e9. La nouvelle production 2020 a apport\u00e9 de petites modifications pour augmenter la dur\u00e9e de vie du v\u00e9lo, des p\u00e9dales single cage \u00e9quiperont ce tr\u00e8s haut de gamme de la marque CREWKERZ ainsi que le nouveau cintre carbone WAW Ultimate disponible en 102 mm et 108 mm de hauteur.<\/p>\n<p>Retrouvez \u00e9galement le nouveau yoke afin d&rsquo;optimiser la nervosit\u00e9 et fiabilit\u00e9 de ce cadre necessaire au Trial moderne.<\/p>\n<p>Le p\u00e9dalier WAW, offre lui un gain de poids et une nervosit\u00e9 accrue gr\u00e2ce au nouveau proc\u00e9d\u00e9 de fabrication pour l\u2019axe et les manivelles, ainsi que la suppression des angles vifs pour \u00e9pargner nos mall\u00e9oles !<\/p>\n<p>Sur ce v\u00e9lo b\u00e9n\u00e9ficiez aussi de la d\u00e9co exclusive des deux Champions du Monde, de la fourche carbone WAW Ultimate, et des freins Trialtech Sport, du cintre carbone WAW Ultimate. Que du tr\u00e8s performant et du tr\u00e8s haut de gamme !<\/p>\n","protected":false},"excerpt":{"rendered":"<p>Jealousy Ultimate 26\u00a0\u00bb 2020 Full Hs33 Long<\/p>\n","protected":false},"featured_media":20541,"template":"","meta":{"_acf_changed":false,"_seopress_robots_primary_cat":"none","_seopress_titles_title":"","_seopress_titles_desc":"","_seopress_robots_index":""},"product_brand":[],"product_cat":[494,96,238,95],"product_tag":[],"class_list":{"0":"post-19713","1":"product","2":"type-product","3":"status-publish","4":"has-post-thumbnail","6":"product_cat-anciens-modeles","7":"product_cat-jealousy","8":"product_cat-trial-26","9":"product_cat-velos","10":"pa_famille-velos","12":"first","13":"onbackorder","14":"shipping-taxable","15":"product-type-simple"},"acf":[],"_links":{"self":[{"href":"https:\/\/www.crewkerz.com\/fr\/wp-json\/wp\/v2\/product\/19713","targetHints":{"allow":["GET"]}}],"collection":[{"href":"https:\/\/www.crewkerz.com\/fr\/wp-json\/wp\/v2\/product"}],"about":[{"href":"https:\/\/www.crewkerz.com\/fr\/wp-json\/wp\/v2\/types\/product"}],"version-history":[{"count":0,"href":"https:\/\/www.crewkerz.com\/fr\/wp-json\/wp\/v2\/product\/19713\/revisions"}],"wp:featuredmedia":[{"embeddable":true,"href":"https:\/\/www.crewkerz.com\/fr\/wp-json\/wp\/v2\/media\/20541"}],"wp:attachment":[{"href":"https:\/\/www.crewkerz.com\/fr\/wp-json\/wp\/v2\/media?parent=19713"}],"wp:term":[{"taxonomy":"product_brand","embeddable":true,"href":"https:\/\/www.crewkerz.com\/fr\/wp-json\/wp\/v2\/product_brand?post=19713"},{"taxonomy":"product_cat","embeddable":true,"href":"https:\/\/www.crewkerz.com\/fr\/wp-json\/wp\/v2\/product_cat?post=19713"},{"taxonomy":"product_tag","embeddable":true,"href":"https:\/\/www.crewkerz.com\/fr\/wp-json\/wp\/v2\/product_tag?post=19713"}],"curies":[{"name":"wp","href":"https:\/\/api.w.org\/{rel}","templated":true}]}}