{"id":19637,"date":"2022-03-17T10:47:16","date_gmt":"2022-03-17T09:47:16","guid":{"rendered":"https:\/\/www.crewkerz.com\/p\/grip-kraton-noire\/"},"modified":"2024-12-27T14:24:38","modified_gmt":"2024-12-27T13:24:38","slug":"grip-kraton-noire","status":"publish","type":"product","link":"https:\/\/www.crewkerz.com\/fr\/p\/grip-kraton-noire\/","title":{"rendered":"Grip Kraton Noire"},"content":{"rendered":"<p>Ces grips Kraton compos\u00e9s d&rsquo;une gomme r\u00e9sistante et accrocheuse m\u00eame par temps de pluie, sont les best-sellers du vtt trial depuis de nombreuses ann\u00e9es. Et en plus vous n&rsquo;avez pas besoin d&#8217;embouts de guidon.<\/p>\n","protected":false},"excerpt":{"rendered":"<p>Grip Kraton Noire<\/p>\n","protected":false},"featured_media":19873,"template":"","meta":{"_acf_changed":false,"_seopress_robots_primary_cat":"","_seopress_titles_title":"","_seopress_titles_desc":"","_seopress_robots_index":""},"product_brand":[],"product_cat":[219,218],"product_tag":[],"class_list":{"0":"post-19637","1":"product","2":"type-product","3":"status-publish","4":"has-post-thumbnail","6":"product_cat-poignees","7":"product_cat-poste-de-pilotage","8":"pa_famille-poste-de-pilotage","10":"first","11":"instock","12":"shipping-taxable","13":"product-type-simple"},"acf":[],"_links":{"self":[{"href":"https:\/\/www.crewkerz.com\/fr\/wp-json\/wp\/v2\/product\/19637","targetHints":{"allow":["GET"]}}],"collection":[{"href":"https:\/\/www.crewkerz.com\/fr\/wp-json\/wp\/v2\/product"}],"about":[{"href":"https:\/\/www.crewkerz.com\/fr\/wp-json\/wp\/v2\/types\/product"}],"version-history":[{"count":0,"href":"https:\/\/www.crewkerz.com\/fr\/wp-json\/wp\/v2\/product\/19637\/revisions"}],"wp:featuredmedia":[{"embeddable":true,"href":"https:\/\/www.crewkerz.com\/fr\/wp-json\/wp\/v2\/media\/19873"}],"wp:attachment":[{"href":"https:\/\/www.crewkerz.com\/fr\/wp-json\/wp\/v2\/media?parent=19637"}],"wp:term":[{"taxonomy":"product_brand","embeddable":true,"href":"https:\/\/www.crewkerz.com\/fr\/wp-json\/wp\/v2\/product_brand?post=19637"},{"taxonomy":"product_cat","embeddable":true,"href":"https:\/\/www.crewkerz.com\/fr\/wp-json\/wp\/v2\/product_cat?post=19637"},{"taxonomy":"product_tag","embeddable":true,"href":"https:\/\/www.crewkerz.com\/fr\/wp-json\/wp\/v2\/product_tag?post=19637"}],"curies":[{"name":"wp","href":"https:\/\/api.w.org\/{rel}","templated":true}]}}