{"id":19629,"date":"2022-03-17T10:47:08","date_gmt":"2022-03-17T09:47:08","guid":{"rendered":"https:\/\/www.crewkerz.com\/p\/protection-neoprene\/"},"modified":"2024-12-27T14:03:18","modified_gmt":"2024-12-27T13:03:18","slug":"protection-neoprene","status":"publish","type":"product","link":"https:\/\/www.crewkerz.com\/fr\/p\/protection-neoprene\/","title":{"rendered":"Protection Neoprene"},"content":{"rendered":"<p>Cette Protection n\u00e9opr\u00e8ne vous permettra de prot\u00e9ger votre cadre des agressions de la chaine et de limiter les rayures sur un lat\u00e9ral pied inverse rat\u00e9, par exemple&#8230;<\/p>\n","protected":false},"excerpt":{"rendered":"<p>Protection Neoprene<\/p>\n","protected":false},"featured_media":19631,"template":"","meta":{"_acf_changed":false,"_seopress_robots_primary_cat":"","_seopress_titles_title":"","_seopress_titles_desc":"","_seopress_robots_index":"","_seopress_analysis_target_kw":""},"product_brand":[],"product_cat":[214,215],"product_tag":[],"class_list":{"0":"post-19629","1":"product","2":"type-product","3":"status-publish","4":"has-post-thumbnail","6":"product_cat-cadres-et-fourches","7":"product_cat-pieces-cadre","8":"pa_famille-cadres-et-fourches","10":"first","11":"instock","12":"shipping-taxable","13":"product-type-simple"},"acf":[],"_links":{"self":[{"href":"https:\/\/www.crewkerz.com\/fr\/wp-json\/wp\/v2\/product\/19629","targetHints":{"allow":["GET"]}}],"collection":[{"href":"https:\/\/www.crewkerz.com\/fr\/wp-json\/wp\/v2\/product"}],"about":[{"href":"https:\/\/www.crewkerz.com\/fr\/wp-json\/wp\/v2\/types\/product"}],"version-history":[{"count":0,"href":"https:\/\/www.crewkerz.com\/fr\/wp-json\/wp\/v2\/product\/19629\/revisions"}],"wp:featuredmedia":[{"embeddable":true,"href":"https:\/\/www.crewkerz.com\/fr\/wp-json\/wp\/v2\/media\/19631"}],"wp:attachment":[{"href":"https:\/\/www.crewkerz.com\/fr\/wp-json\/wp\/v2\/media?parent=19629"}],"wp:term":[{"taxonomy":"product_brand","embeddable":true,"href":"https:\/\/www.crewkerz.com\/fr\/wp-json\/wp\/v2\/product_brand?post=19629"},{"taxonomy":"product_cat","embeddable":true,"href":"https:\/\/www.crewkerz.com\/fr\/wp-json\/wp\/v2\/product_cat?post=19629"},{"taxonomy":"product_tag","embeddable":true,"href":"https:\/\/www.crewkerz.com\/fr\/wp-json\/wp\/v2\/product_tag?post=19629"}],"curies":[{"name":"wp","href":"https:\/\/api.w.org\/{rel}","templated":true}]}}