{"id":28661,"date":"2022-12-15T11:40:57","date_gmt":"2022-12-15T10:40:57","guid":{"rendered":"https:\/\/www.crewkerz.com\/?page_id=28661"},"modified":"2022-12-15T11:49:50","modified_gmt":"2022-12-15T10:49:50","slug":"gamme-guilty","status":"publish","type":"page","link":"https:\/\/www.crewkerz.com\/fr\/gamme-guilty\/","title":{"rendered":"Gamme Guilty"},"content":{"rendered":"\t\t<div data-elementor-type=\"wp-page\" data-elementor-id=\"28661\" class=\"elementor elementor-28661\" data-elementor-post-type=\"page\">\n\t\t\t\t\t\t<section class=\"wd-negative-gap elementor-section elementor-top-section elementor-element elementor-element-764caa6 elementor-section-boxed elementor-section-height-default elementor-section-height-default\" data-id=\"764caa6\" data-element_type=\"section\" data-e-type=\"section\">\n\t\t\t\t\t\t<div class=\"elementor-container elementor-column-gap-default\">\n\t\t\t\t\t<div class=\"elementor-column elementor-col-100 elementor-top-column elementor-element elementor-element-50376d7d\" data-id=\"50376d7d\" data-element_type=\"column\" data-e-type=\"column\">\n\t\t\t<div class=\"elementor-widget-wrap elementor-element-populated\">\n\t\t\t\t\t\t<div class=\"elementor-element elementor-element-1a916718 dce-col-2 dce-posts-layout-default dce-col-tablet-3 dce-col-mobile-1 dce-align-left elementor-widget elementor-widget-dce-dynamic-woo-products\" data-id=\"1a916718\" data-element_type=\"widget\" data-e-type=\"widget\" data-settings=\"{&quot;style_items&quot;:&quot;default&quot;,&quot;grid_grid_type&quot;:&quot;flex&quot;}\" data-widget_type=\"dce-dynamic-woo-products.grid\">\n\t\t\t\t<div class=\"elementor-widget-container\">\n\t\t\t\t\t\n\t\t<div class=\"dce-fix-background-loop dce-posts-container dce-posts dce-dynamic-posts-collection  dce-skin-grid dce-skin-grid-flex\">\n\t\t\t\t\t\t<div class=\"dce-posts-wrapper dce-wrapper-grid\">\n\t\t\t\n\t\t<article class=\"post-23500 product type-product status-publish has-post-thumbnail product_cat-street product_cat-street-24 product_cat-velos first instock shipping-taxable product-type-variable dce-post dce-post-item dce-item-grid\" data-dce-post-id=\"23500\" data-dce-post-index=\"0\">\n\t\t\t<div class=\"dce-post-block elementor-animation-shrink\">\n\t\t<div class=\"dce-item dce-item_image elementor-repeater-item-6ad4b3c\"><a class=\"dce-post-image\" href=\"https:\/\/www.crewkerz.com\/fr\/p\/velo-crewkerz-guilty-24-navy\/\"><figure data-image-ratio=\"0.8\" class=\"dce-img\"><img loading=\"lazy\" decoding=\"async\" width=\"2560\" height=\"1707\" src=\"https:\/\/www.crewkerz.com\/wp-content\/uploads\/2022\/03\/Velo-Crewkerz-Guilty-24-Navy.jpg\" class=\"\" alt=\"VELO CREWKERZ GUILTY 24&#039;&#039; NAVY CREWKERZ | Serious Connection Shop trial vtt et v\u00e9lo||CREWKERZ VELO CREWKERZ GUILTY 24\u201d NAVY \u2013 MT7 HC3 | Serious Connection Shop trial vtt et v\u00e9lo|\" srcset=\"https:\/\/www.crewkerz.com\/wp-content\/uploads\/2022\/03\/Velo-Crewkerz-Guilty-24-Navy.jpg 2560w, https:\/\/www.crewkerz.com\/wp-content\/uploads\/2022\/03\/Velo-Crewkerz-Guilty-24-Navy-430x287.jpg 430w, https:\/\/www.crewkerz.com\/wp-content\/uploads\/2022\/03\/Velo-Crewkerz-Guilty-24-Navy-150x100.jpg 150w, https:\/\/www.crewkerz.com\/wp-content\/uploads\/2022\/03\/Velo-Crewkerz-Guilty-24-Navy-700x467.jpg 700w, https:\/\/www.crewkerz.com\/wp-content\/uploads\/2022\/03\/Velo-Crewkerz-Guilty-24-Navy-400x267.jpg 400w, https:\/\/www.crewkerz.com\/wp-content\/uploads\/2022\/03\/Velo-Crewkerz-Guilty-24-Navy-768x512.jpg 768w, https:\/\/www.crewkerz.com\/wp-content\/uploads\/2022\/03\/Velo-Crewkerz-Guilty-24-Navy-1200x800.jpg 1200w, https:\/\/www.crewkerz.com\/wp-content\/uploads\/2022\/03\/Velo-Crewkerz-Guilty-24-Navy-1536x1024.jpg 1536w, https:\/\/www.crewkerz.com\/wp-content\/uploads\/2022\/03\/Velo-Crewkerz-Guilty-24-Navy-2048x1366.jpg 2048w, https:\/\/www.crewkerz.com\/wp-content\/uploads\/2022\/03\/Velo-Crewkerz-Guilty-24-Navy-860x573.jpg 860w\" sizes=\"auto, (max-width: 2560px) 100vw, 2560px\" \/><\/figure><\/a><\/div><div class=\"dce-item dce-item_title elementor-repeater-item-663b9c3\"><h3 class=\"dce-post-title\"><a href=\"https:\/\/www.crewkerz.com\/fr\/p\/velo-crewkerz-guilty-24-navy\/\">Velo Crewkerz Guilty 24\u00a0\u00bb Navy<\/a><\/h3><\/div>\t\t\t<\/div>\n\t\t<\/article>\n\t\t\n\t\t<article class=\"post-23495 product type-product status-publish has-post-thumbnail product_cat-guilty product_cat-street product_cat-street-24 product_cat-velos  instock shipping-taxable product-type-variable dce-post dce-post-item dce-item-grid\" data-dce-post-id=\"23495\" data-dce-post-index=\"1\">\n\t\t\t<div class=\"dce-post-block elementor-animation-shrink\">\n\t\t<div class=\"dce-item dce-item_image elementor-repeater-item-6ad4b3c\"><a class=\"dce-post-image\" href=\"https:\/\/www.crewkerz.com\/fr\/p\/velo-crewkerz-guilty-24-kaki\/\"><figure data-image-ratio=\"0.8\" class=\"dce-img\"><img loading=\"lazy\" decoding=\"async\" width=\"2560\" height=\"1707\" src=\"https:\/\/www.crewkerz.com\/wp-content\/uploads\/2022\/03\/Velo-Crewkerz-Guilty-24-Kaki.jpg\" class=\"\" alt=\"VELO CREWKERZ GUILTY 24&#039;&#039; KAKI CREWKERZ | Serious Connection Shop trial vtt et v\u00e9lo|\" srcset=\"https:\/\/www.crewkerz.com\/wp-content\/uploads\/2022\/03\/Velo-Crewkerz-Guilty-24-Kaki.jpg 2560w, https:\/\/www.crewkerz.com\/wp-content\/uploads\/2022\/03\/Velo-Crewkerz-Guilty-24-Kaki-430x287.jpg 430w, https:\/\/www.crewkerz.com\/wp-content\/uploads\/2022\/03\/Velo-Crewkerz-Guilty-24-Kaki-150x100.jpg 150w, https:\/\/www.crewkerz.com\/wp-content\/uploads\/2022\/03\/Velo-Crewkerz-Guilty-24-Kaki-700x467.jpg 700w, https:\/\/www.crewkerz.com\/wp-content\/uploads\/2022\/03\/Velo-Crewkerz-Guilty-24-Kaki-400x267.jpg 400w, https:\/\/www.crewkerz.com\/wp-content\/uploads\/2022\/03\/Velo-Crewkerz-Guilty-24-Kaki-768x512.jpg 768w, https:\/\/www.crewkerz.com\/wp-content\/uploads\/2022\/03\/Velo-Crewkerz-Guilty-24-Kaki-1200x800.jpg 1200w, https:\/\/www.crewkerz.com\/wp-content\/uploads\/2022\/03\/Velo-Crewkerz-Guilty-24-Kaki-1536x1024.jpg 1536w, https:\/\/www.crewkerz.com\/wp-content\/uploads\/2022\/03\/Velo-Crewkerz-Guilty-24-Kaki-2048x1366.jpg 2048w, https:\/\/www.crewkerz.com\/wp-content\/uploads\/2022\/03\/Velo-Crewkerz-Guilty-24-Kaki-860x573.jpg 860w\" sizes=\"auto, (max-width: 2560px) 100vw, 2560px\" \/><\/figure><\/a><\/div><div class=\"dce-item dce-item_title elementor-repeater-item-663b9c3\"><h3 class=\"dce-post-title\"><a href=\"https:\/\/www.crewkerz.com\/fr\/p\/velo-crewkerz-guilty-24-kaki\/\">Velo Crewkerz Guilty 24\u00a0\u00bb Kaki<\/a><\/h3><\/div>\t\t\t<\/div>\n\t\t<\/article>\n\t\t\t\t\t<\/div>\n\t\t\t\t\t<\/div>\n\t\t\t\t\t\t<\/div>\n\t\t\t\t<\/div>\n\t\t\t\t\t<\/div>\n\t\t<\/div>\n\t\t\t\t\t<\/div>\n\t\t<\/section>\n\t\t\t\t<section class=\"wd-negative-gap elementor-section elementor-top-section elementor-element elementor-element-26fcde6 elementor-section-content-middle elementor-section-boxed elementor-section-height-default elementor-section-height-default\" data-id=\"26fcde6\" data-element_type=\"section\" data-e-type=\"section\">\n\t\t\t\t\t\t<div class=\"elementor-container elementor-column-gap-no\">\n\t\t\t\t\t<div class=\"elementor-column elementor-col-50 elementor-top-column elementor-element elementor-element-5f6bb3df\" data-id=\"5f6bb3df\" data-element_type=\"column\" data-e-type=\"column\">\n\t\t\t<div class=\"elementor-widget-wrap elementor-element-populated\">\n\t\t\t\t\t\t<div class=\"elementor-element elementor-element-21e674dd elementor-widget-divider--view-line elementor-widget elementor-widget-divider\" data-id=\"21e674dd\" data-element_type=\"widget\" data-e-type=\"widget\" data-widget_type=\"divider.default\">\n\t\t\t\t<div class=\"elementor-widget-container\">\n\t\t\t\t\t\t\t<div class=\"elementor-divider\">\n\t\t\t<span class=\"elementor-divider-separator\">\n\t\t\t\t\t\t<\/span>\n\t\t<\/div>\n\t\t\t\t\t\t<\/div>\n\t\t\t\t<\/div>\n\t\t\t\t<div data-dce-title-color=\"#000000\" class=\"elementor-element elementor-element-1dc6b4c2 elementor-widget elementor-widget-heading\" data-id=\"1dc6b4c2\" data-element_type=\"widget\" data-e-type=\"widget\" data-widget_type=\"heading.default\">\n\t\t\t\t<div class=\"elementor-widget-container\">\n\t\t\t\t\t<h4 class=\"elementor-heading-title elementor-size-default\">A propos<\/h4>\t\t\t\t<\/div>\n\t\t\t\t<\/div>\n\t\t\t\t\t<\/div>\n\t\t<\/div>\n\t\t\t\t<div class=\"elementor-column elementor-col-50 elementor-top-column elementor-element elementor-element-5e6b92f8\" data-id=\"5e6b92f8\" data-element_type=\"column\" data-e-type=\"column\">\n\t\t\t<div class=\"elementor-widget-wrap elementor-element-populated\">\n\t\t\t\t\t\t<div class=\"elementor-element elementor-element-4d26ff1f color-scheme-inherit text-left elementor-widget elementor-widget-text-editor\" data-id=\"4d26ff1f\" data-element_type=\"widget\" data-e-type=\"widget\" data-widget_type=\"text-editor.default\">\n\t\t\t\t<div class=\"elementor-widget-container\">\n\t\t\t\t\t\t\t\t\t<p>Le Crewkerz Guilty, v\u00e9lo de street trial avec ses roues de 24 pouces, est un choix id\u00e9al pour les cyclistes professionnels et d\u00e9butants. Sa g\u00e9om\u00e9trie polyvalente et performante offre une maniabilit\u00e9 r\u00e9active dans les rues, ce qui en fait le choix id\u00e9al pour les cyclistes qui repoussent leurs limites. Ses composants sont haut de gamme, notamment les freins Magura MT5 et les roues Crewkerz qui promettent de vous offrir une conduite souple et beaucoup de vitesse. Le p\u00e9dalier WAW AS30 assure le transfert de puissance, tandis que ses pneus Kenda offrent une adh\u00e9rence s\u00fbre, m\u00eame sur les terrains les plus tra\u00eetres. Si vous \u00eates \u00e0 la recherche de possibilit\u00e9s apparemment infinies en trial, de figures et de franchissements sans limites, le VTT trial street Crewkerz Guilty est pr\u00eat \u00e0 vous y emmener !<\/p>\t\t\t\t\t\t\t\t<\/div>\n\t\t\t\t<\/div>\n\t\t\t\t\t<\/div>\n\t\t<\/div>\n\t\t\t\t\t<\/div>\n\t\t<\/section>\n\t\t\t\t<section class=\"wd-negative-gap elementor-section elementor-top-section elementor-element elementor-element-767c77f2 wd-section-stretch-content elementor-section-content-middle elementor-section-boxed elementor-section-height-default elementor-section-height-default\" data-id=\"767c77f2\" data-element_type=\"section\" data-e-type=\"section\">\n\t\t\t\t\t\t<div class=\"elementor-container elementor-column-gap-no\">\n\t\t\t\t\t<div data-dce-background-color=\"#000000\" class=\"elementor-column elementor-col-33 elementor-top-column elementor-element elementor-element-2029025b color-scheme-light\" data-id=\"2029025b\" data-element_type=\"column\" data-e-type=\"column\" data-settings=\"{&quot;background_background&quot;:&quot;classic&quot;}\">\n\t\t\t<div class=\"elementor-widget-wrap elementor-element-populated\">\n\t\t\t\t\t\t<div class=\"elementor-element elementor-element-786e8fe4 wd-width-100 elementor-widget elementor-widget-wd_title\" data-id=\"786e8fe4\" data-element_type=\"widget\" data-e-type=\"widget\" data-widget_type=\"wd_title.default\">\n\t\t\t\t<div class=\"elementor-widget-container\">\n\t\t\t\t\t\t\t<div class=\"title-wrapper wd-set-mb reset-last-child wd-title-color-primary wd-title-style-default wd-title-size-default text-center\">\n\n\t\t\t\t\t\t\t\t\t\t\t<div class=\"title-subtitle subtitle-color-primary subtitle-style-default wd-fontsize-xs\">\n\t\t\t\t\tGO AHEAD !\t\t\t\t<\/div>\n\t\t\t\n\t\t\t<div class=\"liner-continer\">\n\t\t\t\t<h4 class=\"woodmart-title-container title wd-fontsize-l\">SHOPS CREWKERZ<\/h4> \n\t\t\t\t\t\t\t<\/div>\n\n\t\t\t\t\t\t\t<div class=\"title-after_title reset-last-child wd-fontsize-xs\">\n\t\t\t\t\t<p>Vous souhaitez acheter un VTT ou un v\u00e9lo trial Crewkerz ? Retrouvez la liste de nos distributeurs fran\u00e7ais et internationaux.<\/p>\t\t\t\t<\/div>\n\t\t\t\t\t<\/div>\n\t\t\t\t\t\t<\/div>\n\t\t\t\t<\/div>\n\t\t\t\t<div data-dce-background-color=\"#FC0D1B\" class=\"elementor-element elementor-element-68fd3794 elementor-align-center elementor-widget elementor-widget-button\" data-id=\"68fd3794\" data-element_type=\"widget\" data-e-type=\"widget\" data-widget_type=\"button.default\">\n\t\t\t\t<div class=\"elementor-widget-container\">\n\t\t\t\t\t\t\t\t\t<div class=\"elementor-button-wrapper\">\n\t\t\t\t\t<a class=\"elementor-button elementor-button-link elementor-size-sm\" href=\"\/dealers\/\">\n\t\t\t\t\t\t<span class=\"elementor-button-content-wrapper\">\n\t\t\t\t\t\t\t\t\t<span class=\"elementor-button-text\">CONTACTER UN SHOP<\/span>\n\t\t\t\t\t<\/span>\n\t\t\t\t\t<\/a>\n\t\t\t\t<\/div>\n\t\t\t\t\t\t\t\t<\/div>\n\t\t\t\t<\/div>\n\t\t\t\t\t<\/div>\n\t\t<\/div>\n\t\t\t\t<div data-dce-background-image-url=\"https:\/\/www.crewkerz.com\/wp-content\/uploads\/2022\/02\/Vincent-Hermance-3-scaled.jpg\" class=\"elementor-column elementor-col-66 elementor-top-column elementor-element elementor-element-6493fdb4\" data-id=\"6493fdb4\" data-element_type=\"column\" data-e-type=\"column\" data-settings=\"{&quot;background_background&quot;:&quot;classic&quot;}\">\n\t\t\t<div class=\"elementor-widget-wrap elementor-element-populated\">\n\t\t\t\t\t\t<div class=\"elementor-element elementor-element-53068817 elementor-widget elementor-widget-spacer\" data-id=\"53068817\" data-element_type=\"widget\" data-e-type=\"widget\" data-widget_type=\"spacer.default\">\n\t\t\t\t<div class=\"elementor-widget-container\">\n\t\t\t\t\t\t\t<div class=\"elementor-spacer\">\n\t\t\t<div class=\"elementor-spacer-inner\"><\/div>\n\t\t<\/div>\n\t\t\t\t\t\t<\/div>\n\t\t\t\t<\/div>\n\t\t\t\t\t<\/div>\n\t\t<\/div>\n\t\t\t\t\t<\/div>\n\t\t<\/section>\n\t\t\t\t<\/div>\n\t\t","protected":false},"excerpt":{"rendered":"<p>Velo Crewkerz Guilty 24\u00a0\u00bb Navy Velo Crewkerz Guilty 24\u00a0\u00bb Kaki A propos Le Crewkerz Guilty, v\u00e9lo de street trial avec<\/p>\n","protected":false},"author":2,"featured_media":0,"parent":0,"menu_order":0,"comment_status":"closed","ping_status":"closed","template":"elementor_header_footer","meta":{"_acf_changed":false,"_seopress_robots_primary_cat":"","_seopress_titles_title":"","_seopress_titles_desc":"","_seopress_robots_index":"","footnotes":""},"class_list":["post-28661","page","type-page","status-publish","hentry"],"acf":[],"_links":{"self":[{"href":"https:\/\/www.crewkerz.com\/fr\/wp-json\/wp\/v2\/pages\/28661","targetHints":{"allow":["GET"]}}],"collection":[{"href":"https:\/\/www.crewkerz.com\/fr\/wp-json\/wp\/v2\/pages"}],"about":[{"href":"https:\/\/www.crewkerz.com\/fr\/wp-json\/wp\/v2\/types\/page"}],"author":[{"embeddable":true,"href":"https:\/\/www.crewkerz.com\/fr\/wp-json\/wp\/v2\/users\/2"}],"replies":[{"embeddable":true,"href":"https:\/\/www.crewkerz.com\/fr\/wp-json\/wp\/v2\/comments?post=28661"}],"version-history":[{"count":0,"href":"https:\/\/www.crewkerz.com\/fr\/wp-json\/wp\/v2\/pages\/28661\/revisions"}],"wp:attachment":[{"href":"https:\/\/www.crewkerz.com\/fr\/wp-json\/wp\/v2\/media?parent=28661"}],"curies":[{"name":"wp","href":"https:\/\/api.w.org\/{rel}","templated":true}]}}