{"id":18382,"date":"2022-02-10T14:49:07","date_gmt":"2022-02-10T13:49:07","guid":{"rendered":"https:\/\/www.crewkerz.com\/?page_id=18382"},"modified":"2022-12-15T10:47:34","modified_gmt":"2022-12-15T09:47:34","slug":"technologies","status":"publish","type":"page","link":"https:\/\/www.crewkerz.com\/fr\/la-marque\/technologies\/","title":{"rendered":"Technologies"},"content":{"rendered":"\t\t<div data-elementor-type=\"wp-page\" data-elementor-id=\"18382\" class=\"elementor elementor-18382\" data-elementor-post-type=\"page\">\n\t\t\t\t\t\t<section class=\"elementor-section elementor-top-section elementor-element elementor-element-48f21fe7 ignore-toc elementor-section-boxed elementor-section-height-default elementor-section-height-default\" data-id=\"48f21fe7\" data-element_type=\"section\" data-e-type=\"section\">\n\t\t\t\t\t\t<div class=\"elementor-container elementor-column-gap-default\">\n\t\t\t\t\t<div class=\"elementor-column elementor-col-100 elementor-top-column elementor-element elementor-element-b5a345f\" data-id=\"b5a345f\" data-element_type=\"column\" data-e-type=\"column\">\n\t\t\t<div class=\"elementor-widget-wrap elementor-element-populated\">\n\t\t\t\t\t\t<div class=\"elementor-element elementor-element-4440237d elementor-grid-2 elementor-grid-tablet-2 elementor-grid-mobile-1 elementor-posts--thumbnail-top elementor-posts--show-avatar elementor-card-shadow-yes elementor-posts__hover-gradient elementor-widget elementor-widget-posts\" data-id=\"4440237d\" data-element_type=\"widget\" data-e-type=\"widget\" data-settings=\"{&quot;cards_columns&quot;:&quot;2&quot;,&quot;cards_columns_tablet&quot;:&quot;2&quot;,&quot;cards_columns_mobile&quot;:&quot;1&quot;,&quot;cards_row_gap&quot;:{&quot;unit&quot;:&quot;px&quot;,&quot;size&quot;:35,&quot;sizes&quot;:[]},&quot;cards_row_gap_tablet&quot;:{&quot;unit&quot;:&quot;px&quot;,&quot;size&quot;:&quot;&quot;,&quot;sizes&quot;:[]},&quot;cards_row_gap_mobile&quot;:{&quot;unit&quot;:&quot;px&quot;,&quot;size&quot;:&quot;&quot;,&quot;sizes&quot;:[]}}\" data-widget_type=\"posts.cards\">\n\t\t\t\t<div class=\"elementor-widget-container\">\n\t\t\t\t\t\t\t<div class=\"elementor-posts-container elementor-posts elementor-posts--skin-cards elementor-grid\" role=\"list\">\n\t\t\t\t<article class=\"elementor-post elementor-grid-item post-624 post type-post status-publish format-standard has-post-thumbnail hentry category-technologies\" role=\"listitem\">\n\t\t\t<div class=\"elementor-post__card\">\n\t\t\t\t<a class=\"elementor-post__thumbnail__link\" href=\"https:\/\/www.crewkerz.com\/fr\/ats-anti-torsion-system\/\" tabindex=\"-1\" ><div class=\"elementor-post__thumbnail\"><img loading=\"lazy\" decoding=\"async\" width=\"400\" height=\"225\" src=\"https:\/\/www.crewkerz.com\/wp-content\/uploads\/2022\/02\/crewkerz-ATS-vtt-trial-velo-bike-400x225.jpeg\" class=\"attachment-medium size-medium wp-image-18900\" alt=\"\" srcset=\"https:\/\/www.crewkerz.com\/wp-content\/uploads\/2022\/02\/crewkerz-ATS-vtt-trial-velo-bike-400x225.jpeg 400w, https:\/\/www.crewkerz.com\/wp-content\/uploads\/2022\/02\/crewkerz-ATS-vtt-trial-velo-bike-430x242.jpeg 430w, https:\/\/www.crewkerz.com\/wp-content\/uploads\/2022\/02\/crewkerz-ATS-vtt-trial-velo-bike-150x84.jpeg 150w, https:\/\/www.crewkerz.com\/wp-content\/uploads\/2022\/02\/crewkerz-ATS-vtt-trial-velo-bike-700x394.jpeg 700w, https:\/\/www.crewkerz.com\/wp-content\/uploads\/2022\/02\/crewkerz-ATS-vtt-trial-velo-bike-768x432.jpeg 768w, https:\/\/www.crewkerz.com\/wp-content\/uploads\/2022\/02\/crewkerz-ATS-vtt-trial-velo-bike-1300x731.jpeg 1300w, https:\/\/www.crewkerz.com\/wp-content\/uploads\/2022\/02\/crewkerz-ATS-vtt-trial-velo-bike-1536x864.jpeg 1536w, https:\/\/www.crewkerz.com\/wp-content\/uploads\/2022\/02\/crewkerz-ATS-vtt-trial-velo-bike-860x484.jpeg 860w, https:\/\/www.crewkerz.com\/wp-content\/uploads\/2022\/02\/crewkerz-ATS-vtt-trial-velo-bike.jpeg 1900w\" sizes=\"auto, (max-width: 400px) 100vw, 400px\" \/><\/div><\/a>\n\t\t\t\t<div class=\"elementor-post__badge\">Technologies<\/div>\n\t\t\t\t<div class=\"elementor-post__avatar\">\n\t\t\t\t\t<\/div>\n\t\t\t\t<div class=\"elementor-post__text\">\n\t\t\t\t<h3 class=\"elementor-post__title\">\n\t\t\t<a href=\"https:\/\/www.crewkerz.com\/fr\/ats-anti-torsion-system\/\" >\n\t\t\t\tATS (Anti Torsion System)\t\t\t<\/a>\n\t\t<\/h3>\n\t\t\t\t<div class=\"elementor-post__excerpt\">\n\t\t\t<p>L\u2019ATS&nbsp;(Anti Torsion System) apparu en 2009 sur les Atomz Quark a naturellement \u00e9t\u00e9 utilis\u00e9 et optimis\u00e9 par Crewkerz. Cette technologie<\/p>\n\t\t<\/div>\n\t\t\n\t\t<a class=\"elementor-post__read-more\" href=\"https:\/\/www.crewkerz.com\/fr\/ats-anti-torsion-system\/\" aria-label=\"En savoir plus sur ATS (Anti Torsion System)\" tabindex=\"-1\" >\n\t\t\tLire l'article \u00bb\t\t<\/a>\n\n\t\t\t\t<\/div>\n\t\t\t\t<div class=\"elementor-post__meta-data\">\n\t\t\t\t\t<span class=\"elementor-post-date\">\n\t\t\t14 avril 2017\t\t<\/span>\n\t\t\t\t<\/div>\n\t\t\t\t\t<\/div>\n\t\t<\/article>\n\t\t\t\t<article class=\"elementor-post elementor-grid-item post-2957 post type-post status-publish format-standard has-post-thumbnail hentry category-technologies category-transmission\" role=\"listitem\">\n\t\t\t<div class=\"elementor-post__card\">\n\t\t\t\t<a class=\"elementor-post__thumbnail__link\" href=\"https:\/\/www.crewkerz.com\/fr\/pedalier-as30\/\" tabindex=\"-1\" ><div class=\"elementor-post__thumbnail\"><img loading=\"lazy\" decoding=\"async\" width=\"400\" height=\"267\" src=\"https:\/\/www.crewkerz.com\/wp-content\/uploads\/2022\/10\/Pedalier-As30-Waw-Forge-175-Mm-Kit-26-1-400x267.jpg\" class=\"attachment-medium size-medium wp-image-26312\" alt=\"\" srcset=\"https:\/\/www.crewkerz.com\/wp-content\/uploads\/2022\/10\/Pedalier-As30-Waw-Forge-175-Mm-Kit-26-1-400x267.jpg 400w, https:\/\/www.crewkerz.com\/wp-content\/uploads\/2022\/10\/Pedalier-As30-Waw-Forge-175-Mm-Kit-26-1-430x287.jpg 430w, https:\/\/www.crewkerz.com\/wp-content\/uploads\/2022\/10\/Pedalier-As30-Waw-Forge-175-Mm-Kit-26-1-150x100.jpg 150w, https:\/\/www.crewkerz.com\/wp-content\/uploads\/2022\/10\/Pedalier-As30-Waw-Forge-175-Mm-Kit-26-1-700x467.jpg 700w, https:\/\/www.crewkerz.com\/wp-content\/uploads\/2022\/10\/Pedalier-As30-Waw-Forge-175-Mm-Kit-26-1-768x512.jpg 768w, https:\/\/www.crewkerz.com\/wp-content\/uploads\/2022\/10\/Pedalier-As30-Waw-Forge-175-Mm-Kit-26-1-1200x800.jpg 1200w, https:\/\/www.crewkerz.com\/wp-content\/uploads\/2022\/10\/Pedalier-As30-Waw-Forge-175-Mm-Kit-26-1-1536x1024.jpg 1536w, https:\/\/www.crewkerz.com\/wp-content\/uploads\/2022\/10\/Pedalier-As30-Waw-Forge-175-Mm-Kit-26-1-2048x1365.jpg 2048w, https:\/\/www.crewkerz.com\/wp-content\/uploads\/2022\/10\/Pedalier-As30-Waw-Forge-175-Mm-Kit-26-1-860x573.jpg 860w\" sizes=\"auto, (max-width: 400px) 100vw, 400px\" \/><\/div><\/a>\n\t\t\t\t<div class=\"elementor-post__badge\">Technologies<\/div>\n\t\t\t\t<div class=\"elementor-post__avatar\">\n\t\t\t\t\t<\/div>\n\t\t\t\t<div class=\"elementor-post__text\">\n\t\t\t\t<h3 class=\"elementor-post__title\">\n\t\t\t<a href=\"https:\/\/www.crewkerz.com\/fr\/pedalier-as30\/\" >\n\t\t\t\tP\u00e9dalier AS30\t\t\t<\/a>\n\t\t<\/h3>\n\t\t\t\t<div class=\"elementor-post__excerpt\">\n\t\t\t<p>Nous avons d\u00e8s le d\u00e9part r\u00e9fl\u00e9chis pour faire un produit compatible avec les cadres trial actuel dot\u00e9 d\u2019un boitier en<\/p>\n\t\t<\/div>\n\t\t\n\t\t<a class=\"elementor-post__read-more\" href=\"https:\/\/www.crewkerz.com\/fr\/pedalier-as30\/\" aria-label=\"En savoir plus sur P\u00e9dalier AS30\" tabindex=\"-1\" >\n\t\t\tLire l'article \u00bb\t\t<\/a>\n\n\t\t\t\t<\/div>\n\t\t\t\t<div class=\"elementor-post__meta-data\">\n\t\t\t\t\t<span class=\"elementor-post-date\">\n\t\t\t28 novembre 2014\t\t<\/span>\n\t\t\t\t<\/div>\n\t\t\t\t\t<\/div>\n\t\t<\/article>\n\t\t\t\t<\/div>\n\t\t\n\t\t\t\t\t\t<\/div>\n\t\t\t\t<\/div>\n\t\t\t\t\t<\/div>\n\t\t<\/div>\n\t\t\t\t\t<\/div>\n\t\t<\/section>\n\t\t\t\t<\/div>\n\t\t","protected":false},"excerpt":{"rendered":"","protected":false},"author":2,"featured_media":0,"parent":18373,"menu_order":0,"comment_status":"closed","ping_status":"closed","template":"","meta":{"_acf_changed":false,"_seopress_robots_primary_cat":"","_seopress_titles_title":"","_seopress_titles_desc":"","_seopress_robots_index":"","footnotes":""},"class_list":["post-18382","page","type-page","status-publish","hentry"],"acf":[],"_links":{"self":[{"href":"https:\/\/www.crewkerz.com\/fr\/wp-json\/wp\/v2\/pages\/18382","targetHints":{"allow":["GET"]}}],"collection":[{"href":"https:\/\/www.crewkerz.com\/fr\/wp-json\/wp\/v2\/pages"}],"about":[{"href":"https:\/\/www.crewkerz.com\/fr\/wp-json\/wp\/v2\/types\/page"}],"author":[{"embeddable":true,"href":"https:\/\/www.crewkerz.com\/fr\/wp-json\/wp\/v2\/users\/2"}],"replies":[{"embeddable":true,"href":"https:\/\/www.crewkerz.com\/fr\/wp-json\/wp\/v2\/comments?post=18382"}],"version-history":[{"count":0,"href":"https:\/\/www.crewkerz.com\/fr\/wp-json\/wp\/v2\/pages\/18382\/revisions"}],"up":[{"embeddable":true,"href":"https:\/\/www.crewkerz.com\/fr\/wp-json\/wp\/v2\/pages\/18373"}],"wp:attachment":[{"href":"https:\/\/www.crewkerz.com\/fr\/wp-json\/wp\/v2\/media?parent=18382"}],"curies":[{"name":"wp","href":"https:\/\/api.w.org\/{rel}","templated":true}]}}